{"id":11076,"date":"2024-06-21T11:59:12","date_gmt":"2024-06-21T10:59:12","guid":{"rendered":"https:\/\/staging.bordier.com\/ueber-uns\/"},"modified":"2025-09-29T12:41:12","modified_gmt":"2025-09-29T11:41:12","slug":"ueber-uns","status":"publish","type":"page","link":"https:\/\/www.bordier.com\/de\/ueber-uns\/","title":{"rendered":"\u00dcber uns"},"content":{"rendered":"\n<section id=\"section-block_2dea4bd70858b55997f152d65ae65ebe\" class=\"page-hero-outer type-default\">\n    <div class=\"holder\">\n        <div class=\"page-hero-content\">\n            <div class=\"acf-innerblocks-container\">\n\n<h6 class=\"wp-block-heading\">Bordier<\/h6>\n\n\n\n<h1 class=\"wp-block-heading text-indent-s mobile-no-indent\">Eine Familie <strong><em>und ein Unternehmen<\/em><\/strong><br>mit den gleichen <strong><em>Werten<\/em><\/strong><\/h1>\n\n<\/div>        <\/div>\n    <\/div>\n        <figure class=\"page-hero-bg\">\n        <img decoding=\"async\" \n            src=\"https:\/\/www.bordier.com\/wp-content\/uploads\/2024\/08\/Hero-image-about.jpg\" \n            srcset=\"https:\/\/www.bordier.com\/wp-content\/uploads\/2024\/08\/Hero-image-about.jpg 1440w, https:\/\/www.bordier.com\/wp-content\/uploads\/2024\/08\/Hero-image-about-300x160.jpg 300w, https:\/\/www.bordier.com\/wp-content\/uploads\/2024\/08\/Hero-image-about-1024x546.jpg 1024w, https:\/\/www.bordier.com\/wp-content\/uploads\/2024\/08\/Hero-image-about-768x410.jpg 768w\"\n            alt=\"\"\n        >\n    <\/figure>\n    <\/section>\n\n\n<div class=\"wp-block-group wrapper-s background-light\"><div class=\"wp-block-group__inner-container is-layout-constrained wp-block-group-is-layout-constrained\">\n<h3 class=\"wp-block-heading\">Wir sind eine familiengef\u00fchrte Privatbank <em>f\u00fcr<\/em> Privatkunden und deren Familien in der ganzen <em>Welt<\/em>.<\/h3>\n<\/div><\/div>\n\n\n\n<div class=\"wp-block-group\"><div class=\"wp-block-group__inner-container is-layout-constrained wp-block-group-is-layout-constrained\">\n<h2 class=\"wp-block-heading text-indent-s\"><strong>Unsere <em>Geschichte<\/em><\/strong><\/h2>\n\n\n\n<div class=\"wp-block-group wrapper-s spacing-vertical-s\"><div class=\"wp-block-group__inner-container is-layout-constrained wp-block-group-is-layout-constrained\">\n<h4 class=\"wp-block-heading\">Geld kann Stress verursachen. Vor allem, wenn <em>man die vielen kritischen Faktoren nicht beeinflussen kann.<\/em><\/h4>\n\n\n\n<p class=\"text-indent-s\">Seit unseren Anf\u00e4ngen im Jahr 1844 haben wir Crashs an den B\u00f6rsen, Verheerungen durch Kriege, Zusammenbr\u00fcche von Institutionen und sogar von L\u00e4ndern erlebt. Wir blieben stets verschont, weil wir wussten, wie die Dinge laufen. M\u00e4rkte erholen sich und st\u00fcrzen auch wieder ab.<\/p>\n\n\n\n<p class=\"text-indent-s\">Um solche Wechselb\u00e4der zu vermeiden, setzen wir lieber auf Geduld, die stets belohnt wird.<\/p>\n\n\n\n<p class=\"text-indent-s\">Echter Erfolg w\u00e4chst mit der Zeit, durch diversifizierte Verm\u00f6genswerte und W\u00e4hrungen \u2013 \u00fcber mehrere Jahrzehnte hinweg.<\/p>\n\n\n\n<p class=\"text-indent-s\">Es klingt seltsam, doch unsere Kunden sch\u00e4tzen uns immer dann am meisten, wenn die M\u00e4rkte auf Talfahrt gehen. Wir gl\u00e4tten die H\u00f6hen und Tiefen und sorgen so f\u00fcr weniger Stress.<\/p>\n<\/div><\/div>\n<\/div><\/div>\n\n\n\n<div class=\"wp-block-group\"><div class=\"wp-block-group__inner-container is-layout-constrained wp-block-group-is-layout-constrained\">\n<h3 class=\"wp-block-heading text-indent-m\"><strong>Unsere <em>Werte<\/em><\/strong><\/h3>\n\n\n\n<hr class=\"wp-block-separator has-alpha-channel-opacity\"\/>\n\n\n\n<section id=\"section-block_6313b5ffefcd0fd9f98521ef79c53a02\" class=\"listing-video-outer\">\n    <div class=\"holder\">\n        <div class=\"columns-holder\">\n            <div class=\"enum\">\n                                    <div class=\"enum-item\">\n                                                    <h6>Verantwortung<\/h6>\n                        \n                        <article>\n                                                            <h3>Pers\u00f6nliche Haftung<\/h3>\n                                                                                        <p>Als Privatbankiers investieren wir unser eigenes Kapital und haften pers\u00f6nlich. Wir gehen keine Risiken ein \u2013 weder mit unserem noch mit Ihrem Geld.<\/p>\n                                                    <\/article>\n                    <\/div>\n                                    <div class=\"enum-item\">\n                                                    <h6>Unabh\u00e4ngigkeit<\/h6>\n                        \n                        <article>\n                                                            <h3>Rechenschaftspflicht<\/h3>\n                                                                                        <p>Wir sind v\u00f6llig unabh\u00e4ngig und m\u00fcssen uns daher nicht gegen\u00fcber Aktion\u00e4ren oder Analysten rechtfertigen. Nur gegen\u00fcber der n\u00e4chsten Generation.<\/p>\n                                                    <\/article>\n                    <\/div>\n                                    <div class=\"enum-item\">\n                                                    <h6>Zuverl\u00e4ssigkeit<\/h6>\n                        \n                        <article>\n                                                            <h3>Profitabilit\u00e4t<\/h3>\n                                                                                        <p>Bordier, der weltweit f\u00fchrende Schweizer Privatbankier, ist seit 1844 profitabel.<\/p>\n                                                    <\/article>\n                    <\/div>\n                            <\/div>\n            <figure class=\"media-holder\">\n                <div class=\"acf-innerblocks-container\"><\/div>            <\/figure>\n        <\/div>\n    <\/div>\n<\/section>\n<\/div><\/div>\n\n\n\n<section id=\"section-block_71764d2b53a8bc11600dedf3beb8dba4\" class=\"marquee-list-outer\">\n    <div class=\"holder\">\n\n        <div class=\"marquee-text\">\n            <h4>Bordier<\/h4>\n            <h4><em>Bordier<\/em><\/h4>\n            <h4>Bordier<\/h4>\n            <h4><em>Bordier<\/em><\/h4>\n            <h4>Bordier<\/h4>\n            <h4><em>Bordier<\/em><\/h4>\n            <h4>Bordier<\/h4>\n            <h4><em>Bordier<\/em><\/h4>\n            <h4>Bordier<\/h4>\n            <h4><em>Bordier<\/em><\/h4>\n            <h4>Bordier<\/h4>\n            <h4><em>Bordier<\/em><\/h4>\n            <h4>Bordier<\/h4>\n            <h4><em>Bordier<\/em><\/h4>\n            <h4>Bordier<\/h4>\n            <h4><em>Bordier<\/em><\/h4>\n        <\/div>\n\n                    <div class=\"image-holder\">\n                <figure>\n                    <div class=\"main-image\">\n                    <img decoding=\"async\" \n                        src=\"https:\/\/www.bordier.com\/wp-content\/uploads\/2024\/08\/image-864-1.jpg\" \n                        srcset=\"https:\/\/www.bordier.com\/wp-content\/uploads\/2024\/08\/image-864-1.jpg 668w, https:\/\/www.bordier.com\/wp-content\/uploads\/2024\/08\/image-864-1-300x156.jpg 300w\"\n                        alt=\"\"\n                    >\n                                        <figcaption>\n                        <p>Ami Bordier, Gr\u00fcnder von Bordier &#038; Cie, Gesellschafter der ersten Stunde.<\/p>\n                    <\/figcaption>\n                                        <\/div>\n                                            <div class=\"inner-image\">\n                            <img decoding=\"async\" \n                                src=\"https:\/\/www.bordier.com\/wp-content\/uploads\/2024\/08\/family.jpg\" \n                                srcset=\"\"\n                                alt=\"\"\n                            >\n                                                        <figcaption>\n                                <p>Ami Bordier mit seinen sechzehn Enkeln.<\/p>\n                            <\/figcaption>\n                                                    <\/div>\n                                    <\/figure>\n            <\/div>\n        \n        \n    <\/div>\n<\/section>\n\n\n\n<div id=\"rare-responsibility\" class=\"wp-block-group wrapper-m\"><div class=\"wp-block-group__inner-container is-layout-constrained wp-block-group-is-layout-constrained\">\n<h2 class=\"wp-block-heading text-indent-s tablet-no-indent\">Eine seltene<br><strong><em>Verantwortung<\/em><\/strong><\/h2>\n\n\n\n<div class=\"wp-block-columns gap-large is-layout-flex wp-container-core-columns-is-layout-9d6595d7 wp-block-columns-is-layout-flex\">\n<div class=\"wp-block-column is-layout-flow wp-block-column-is-layout-flow\" style=\"flex-basis:33.33%\">\n<figure class=\"wp-block-image size-full\"><img alt=\"\" fetchpriority=\"high\" decoding=\"async\" width=\"658\" height=\"1018\" src=\"https:\/\/www.bordier.com\/wp-content\/uploads\/2025\/05\/unnamed-22-1.jpg\" alt=\"\" class=\"wp-image-19853\" srcset=\"https:\/\/www.bordier.com\/wp-content\/uploads\/2025\/05\/unnamed-22-1.jpg 658w, https:\/\/www.bordier.com\/wp-content\/uploads\/2025\/05\/unnamed-22-1-194x300.jpg 194w\" sizes=\"(max-width: 658px) 100vw, 658px\" \/><\/figure>\n<\/div>\n\n\n\n<div class=\"wp-block-column is-layout-flow wp-block-column-is-layout-flow\" style=\"flex-basis:66.66%\">\n<p>Viele Finanzinstitute bieten Private Banking-Dienste an, doch nur f\u00fcnf ausgew\u00e4hlte Banken verdienen wirklich das Pr\u00e4dikat \u201ePrivate Bankers TM\u201c.<\/p>\n\n\n\n<p>Dieses von der <a href=\"https:\/\/www.swissprivatebankers.ch\/de\/\" data-type=\"link\" data-id=\"https:\/\/www.swissprivatebankers.ch\/en\" target=\"_blank\" rel=\"noreferrer noopener\">Vereinigung Schweizerischer Privatbankiers<\/a> gef\u00f6rderte und vergebene Pr\u00e4dikat darf nur von Banken verwendet werden, deren Gesellschafter unbeschr\u00e4nkt f\u00fcr alle Verpflichtungen der Bank haften.<\/p>\n\n\n\n<p>Mit anderen Worten: Unsere Gesellschafter haften mit ihrem pers\u00f6nlichen Verm\u00f6gen f\u00fcr Ihre Investments. <\/p>\n\n\n\n<p>Bordier ist heute der gr\u00f6sste Schweizer Privatbankier.<\/p>\n\n\n\n<p>Dank seiner jahrhundertelangen Bankentradition konnte Bordier herausragende Expertise f\u00fcr nachhaltiges Investieren und Investment Management entwickeln.<\/p>\n<\/div>\n<\/div>\n<\/div><\/div>\n\n\n\n<figure class=\"wp-block-image size-full full-size-img\"><img alt=\"\" decoding=\"async\" width=\"2160\" height=\"1191\" src=\"https:\/\/www.bordier.com\/wp-content\/uploads\/2024\/07\/about-image-2.jpg\" alt=\"\" class=\"wp-image-186\" srcset=\"https:\/\/www.bordier.com\/wp-content\/uploads\/2024\/07\/about-image-2.jpg 2160w, https:\/\/www.bordier.com\/wp-content\/uploads\/2024\/07\/about-image-2-300x165.jpg 300w, https:\/\/www.bordier.com\/wp-content\/uploads\/2024\/07\/about-image-2-1024x565.jpg 1024w, https:\/\/www.bordier.com\/wp-content\/uploads\/2024\/07\/about-image-2-768x423.jpg 768w, https:\/\/www.bordier.com\/wp-content\/uploads\/2024\/07\/about-image-2-1536x847.jpg 1536w, https:\/\/www.bordier.com\/wp-content\/uploads\/2024\/07\/about-image-2-2048x1129.jpg 2048w\" sizes=\"(max-width: 2160px) 100vw, 2160px\" \/><\/figure>\n\n\n\n<div class=\"wp-block-group boxed narrow offset-top-m\"><div class=\"wp-block-group__inner-container is-layout-constrained wp-block-group-is-layout-constrained\">\n<div class=\"wp-block-group wrapper-m\"><div class=\"wp-block-group__inner-container is-layout-constrained wp-block-group-is-layout-constrained\">\n<h6 class=\"wp-block-heading text-indent-s\"><strong>Gesellschafter<\/strong><\/h6>\n\n\n\n<h2 class=\"wp-block-heading text-indent-m mobile-no-indent\">Unsere und Ihre<br>Interessen<br><em>im Einklang<\/em><\/h2>\n\n\n\n<div class=\"wp-block-group wrapper-xs\"><div class=\"wp-block-group__inner-container is-layout-constrained wp-block-group-is-layout-constrained\">\n<p>Wir investieren unser eigenes Kapital in die gleichen Anlagen, die wir auch Ihnen empfehlen, und haften unbeschr\u00e4nkt mit unserem Verm\u00f6gen.<\/p>\n\n\n\n<p>Eine Bank im Besitz und unter der aktiven Leitung ihrer Gesellschafter kann Ihre Ziele besser nachvollziehen. Wir legen grossen Wert auf gegenseitigen Respekt, menschlichen Kontakt und achtsames Handeln. Deshalb sind unsere Gesch\u00e4ftsbeziehungen von Dauer.<\/p>\n<\/div><\/div>\n<\/div><\/div>\n<\/div><\/div>\n\n\n\n<section id=\"section-block_b795e2d5b81780ef56b2a078b875a762\" class=\"people-list-outer  background-light type-default\">\n    <div class=\"holder\">\n                    <div class=\"people-list\">\n                                    <div class=\"people-list-item\">\n                        <div class=\"media-holder custom-video-outer\">\n                                                        <img decoding=\"async\" src=\"https:\/\/www.bordier.com\/wp-content\/uploads\/2024\/11\/photo3-Gregoire--scaled.jpg\" alt=\"\" \/>\n                                                <\/div>\n                        <hgroup>\n                            <h3>Gr\u00e9goire <em>Bordier<\/em><\/h3>\n                                                            <p>Senior-Teilhaber<\/p>\n                                                                                <\/hgroup>\n                    <\/div>\n                                    <div class=\"people-list-item\">\n                        <div class=\"media-holder custom-video-outer\">\n                                                        <img decoding=\"async\" src=\"https:\/\/www.bordier.com\/wp-content\/uploads\/2024\/11\/photo1-Evrard--scaled.jpg\" alt=\"\" \/>\n                                                <\/div>\n                        <hgroup>\n                            <h3>Evrard <em>Bordier<\/em><\/h3>\n                                                            <p>Unbeschr\u00e4nkt haftender Gesellschafter<\/p>\n                                                                                <\/hgroup>\n                    <\/div>\n                                    <div class=\"people-list-item\">\n                        <div class=\"media-holder custom-video-outer\">\n                                                        <img decoding=\"async\" src=\"https:\/\/www.bordier.com\/wp-content\/uploads\/2024\/11\/photo2-SKANNILD--scaled.jpg\" alt=\"\" \/>\n                                                <\/div>\n                        <hgroup>\n                            <h3>Christian <em>Skaanild<\/em><\/h3>\n                                                            <p>Unbeschr\u00e4nkt haftender Gesellschafter<\/p>\n                                                                                <\/hgroup>\n                    <\/div>\n                            <\/div>\n            <\/div>\n<\/section>\n\n\n<section id=\"section-block_6691af7938c35a419b8c024ca0477af8\" class=\"people-list-outer alternative reversed-order type-default\">\n    <div class=\"holder\">\n                    <div class=\"people-list\">\n                                    <div class=\"people-list-item\">\n                        <div class=\"media-holder custom-video-outer\">\n                                                        <img decoding=\"async\" src=\"https:\/\/www.bordier.com\/wp-content\/uploads\/2024\/11\/photo5-patrice-scaled.jpg\" alt=\"\" \/>\n                                                <\/div>\n                        <hgroup>\n                            <h3>Patrice <em>Lagnaux<\/em><\/h3>\n                                                            <p>Kommanditist<\/p>\n                                                                                <\/hgroup>\n                    <\/div>\n                                    <div class=\"people-list-item\">\n                        <div class=\"media-holder custom-video-outer\">\n                                                        <img decoding=\"async\" src=\"https:\/\/www.bordier.com\/wp-content\/uploads\/2024\/11\/photo4-Alessandro-scaled.jpg\" alt=\"\" \/>\n                                                <\/div>\n                        <hgroup>\n                            <h3>Alessandro <em>Caldana<\/em><\/h3>\n                                                            <p>Kommanditist<\/p>\n                                                                                <\/hgroup>\n                    <\/div>\n                                    <div class=\"people-list-item\">\n                        <div class=\"media-holder custom-video-outer\">\n                                                        <img decoding=\"async\" src=\"https:\/\/www.bordier.com\/wp-content\/uploads\/2025\/04\/Alois_sommer-square-4.webp\" alt=\"\" \/>\n                                                <\/div>\n                        <hgroup>\n                            <h3>Alo\u00efs <em>Sommer<\/em><\/h3>\n                                                            <p>Kommanditist<\/p>\n                                                                                <\/hgroup>\n                    <\/div>\n                            <\/div>\n            <\/div>\n<\/section>\n\n\n<div class=\"wp-block-group background-light\"><div class=\"wp-block-group__inner-container is-layout-constrained wp-block-group-is-layout-constrained\">\n<h2 class=\"wp-block-heading has-text-align-center\">Echter Erfolg<br><em>ist zeitlos<\/em><\/h2>\n\n\n\n<div class=\"wp-block-group wrapper-m\"><div class=\"wp-block-group__inner-container is-layout-constrained wp-block-group-is-layout-constrained\">\n<h4 class=\"wp-block-heading\">Klar, stetig und nachhaltig, dies sind unsere Ergebnisse in zwei Jahrhunderten<\/h4>\n\n\n\n<ul class=\"wp-block-list line-list text-indent-m wrapper-m\">\n<li>Der weltweit f\u00fchrende Schweizer Privatbankier<\/li>\n\n\n\n<li>Im Besitz und unter F\u00fchrung der f\u00fcnften Gr\u00fcndergeneration<\/li>\n\n\n\n<li>Immer unabh\u00e4ngig und im Privatbesitz<\/li>\n<\/ul>\n\n\n\n<h4 class=\"wp-block-heading\">Die Bordier Gruppe steht f\u00fcr stetiges <br>Wachstum und langfristige Stabilit\u00e4t<\/h4>\n\n\n\n<ul class=\"wp-block-list line-list text-indent-m wrapper-m\">\n<li>Unsere Kernkapitalquote (Tier-1) von \u00fcber 35% ist rund dreimal h\u00f6her als die aufsichtsrechtlichen Anforderungen<\/li>\n\n\n\n<li>Unsere Liquidit\u00e4t ist 4 bis 15 Mal h\u00f6her als erforderlich<\/li>\n\n\n\n<li>Solide Gewinne und stetiges Wachstum seit 18 Jahrzehnten<\/li>\n<\/ul>\n<\/div><\/div>\n<\/div><\/div>\n\n\n\n<section id=\"section-block_62ce047acd38968ace00d943ce38dd16\" class=\"locations-outer\">\n    <div class=\"holder\">\n\n        <hgroup>\n            <div class=\"acf-innerblocks-container\">\n\n<h2 class=\"wp-block-heading\">Know-how, <br>ohne Grenzen<\/h2>\n\n<\/div>        <\/hgroup>\n\n                    <span class=\"bgr-text\">\n                Unsere<br> <em>Niederlassungen <\/em>            <\/span>\n        \n        <div class=\"image-text-holder\">\n\n            \n            <div class=\"custom-video-outer location-video\">\n                <figure class=\"custom-video\">\n                    <video autoplay loop muted playsinline>\n                        <source src=\"https:\/\/player.vimeo.com\/progressive_redirect\/playback\/1030636801\/rendition\/540p\/file.mp4?loc=external&#038;signature=af17f36620b68c8584583c516ca19f122fb82de85116797008e7175ef4b0369d\" type=\"video\/mp4\">\n                        Dieses Video-Element wird von Ihrem Browser nicht unterst\u00fctzt.                    <\/video>\n                    \n                <\/figure>\n\n            <\/div>\n\n            \n            <div class=\"locations\">\n                                <a href=\"https:\/\/www.bordier.com\/de\/locations\/france\/\" class=\"single-location\">\n                    <h4 data-text=\"Frankreich\" class=\"active\"><span>Frankreich<\/span><\/h4>\n                <\/a>\n                                <a href=\"https:\/\/www.bordier.com\/de\/locations\/singapore\/\" class=\"single-location\">\n                    <h4 data-text=\"Singapur\" class=\"\"><span>Singapur<\/span><\/h4>\n                <\/a>\n                                <a href=\"https:\/\/www.bordier.com\/de\/locations\/schweiz\/\" class=\"single-location\">\n                    <h4 data-text=\"Schweiz\" class=\"\"><span>Schweiz<\/span><\/h4>\n                <\/a>\n                                <a href=\"https:\/\/www.bordier.com\/de\/locations\/uruguay\/\" class=\"single-location\">\n                    <h4 data-text=\"Uruguay\" class=\"\"><span>Uruguay<\/span><\/h4>\n                <\/a>\n                                <a href=\"https:\/\/www.bordier.com\/de\/locations\/uk\/\" class=\"single-location\">\n                    <h4 data-text=\"Vereinigtes K\u00f6nigreich\" class=\"\"><span>Vereinigtes K\u00f6nigreich<\/span><\/h4>\n                <\/a>\n                                <a href=\"https:\/\/www.bordier.com\/de\/locations\/turks-caicos\/\" class=\"single-location\">\n                    <h4 data-text=\"Turks &#038; Caicos-Inseln\" class=\"\"><span>Turks &#038; Caicos-Inseln<\/span><\/h4>\n                <\/a>\n                            <\/div>\n\n        <\/div>\n    <\/div>\n<\/section>\n\n\n\n\n<div class=\"wp-block-cover right-text\" style=\"min-height:10vw;aspect-ratio:unset;\"><img alt=\"\" decoding=\"async\" width=\"2560\" height=\"907\" class=\"wp-block-cover__image-background wp-image-5549\" alt=\"\" src=\"https:\/\/www.bordier.com\/wp-content\/uploads\/2024\/10\/Rectangle-scaled.jpg\" data-object-fit=\"cover\" srcset=\"https:\/\/www.bordier.com\/wp-content\/uploads\/2024\/10\/Rectangle-scaled.jpg 2560w, https:\/\/www.bordier.com\/wp-content\/uploads\/2024\/10\/Rectangle-300x106.jpg 300w, https:\/\/www.bordier.com\/wp-content\/uploads\/2024\/10\/Rectangle-1024x363.jpg 1024w, https:\/\/www.bordier.com\/wp-content\/uploads\/2024\/10\/Rectangle-768x272.jpg 768w, https:\/\/www.bordier.com\/wp-content\/uploads\/2024\/10\/Rectangle-1536x544.jpg 1536w, https:\/\/www.bordier.com\/wp-content\/uploads\/2024\/10\/Rectangle-2048x726.jpg 2048w\" sizes=\"(max-width: 2560px) 100vw, 2560px\" \/><span aria-hidden=\"true\" class=\"wp-block-cover__background has-black-background-color has-background-dim-20 has-background-dim\"><\/span><div class=\"wp-block-cover__inner-container is-layout-constrained wp-block-cover-is-layout-constrained\">\n<div class=\"wp-block-group\"><div class=\"wp-block-group__inner-container is-layout-constrained wp-block-group-is-layout-constrained\">\n<h4 class=\"wp-block-heading has-text-align-left has-large-font-size\">Herzlich willkommen <br>bei Bordier<\/h4>\n\n\n\n<p class=\"has-small-font-size\">Erz\u00e4hlen Sie uns Ihre Geschichte.<\/p>\n\n\n\n<div class=\"wp-block-buttons is-layout-flex wp-block-buttons-is-layout-flex\">\n<div class=\"wp-block-button is-style-fill blured\"><a class=\"wp-block-button__link wp-element-button\" href=\"https:\/\/www.bordier.com\/de\/kontaktieren-sie-uns\/\"><strong>KONTAKT<\/strong><\/a><\/div>\n<\/div>\n<\/div><\/div>\n<\/div><\/div>\n","protected":false},"excerpt":{"rendered":"<p>Wir sind eine familiengef\u00fchrte Privatbank f\u00fcr Privatkunden und deren Familien in der ganzen Welt. Unsere &#8230;<\/p>\n","protected":false},"author":1,"featured_media":0,"parent":0,"menu_order":10,"comment_status":"closed","ping_status":"closed","template":"","meta":{"_acf_changed":false,"_seopress_robots_primary_cat":"","_seopress_titles_title":"\u00dcber uns","_seopress_titles_desc":"Wir sind eine Familien-Privatbank, die sich f\u00fcr Privatkunden und deren Familien auf der ganzen Welt einsetzt.","_seopress_robots_index":"","footnotes":""},"class_list":["post-11076","page","type-page","status-publish","hentry"],"acf":[],"_links":{"self":[{"href":"https:\/\/www.bordier.com\/de\/wp-json\/wp\/v2\/pages\/11076","targetHints":{"allow":["GET"]}}],"collection":[{"href":"https:\/\/www.bordier.com\/de\/wp-json\/wp\/v2\/pages"}],"about":[{"href":"https:\/\/www.bordier.com\/de\/wp-json\/wp\/v2\/types\/page"}],"author":[{"embeddable":true,"href":"https:\/\/www.bordier.com\/de\/wp-json\/wp\/v2\/users\/1"}],"replies":[{"embeddable":true,"href":"https:\/\/www.bordier.com\/de\/wp-json\/wp\/v2\/comments?post=11076"}],"version-history":[{"count":3,"href":"https:\/\/www.bordier.com\/de\/wp-json\/wp\/v2\/pages\/11076\/revisions"}],"predecessor-version":[{"id":24361,"href":"https:\/\/www.bordier.com\/de\/wp-json\/wp\/v2\/pages\/11076\/revisions\/24361"}],"wp:attachment":[{"href":"https:\/\/www.bordier.com\/de\/wp-json\/wp\/v2\/media?parent=11076"}],"curies":[{"name":"wp","href":"https:\/\/api.w.org\/{rel}","templated":true}]}}