{"id":11093,"date":"2024-06-21T11:59:49","date_gmt":"2024-06-21T10:59:49","guid":{"rendered":"https:\/\/staging.bordier.com\/loesungen\/private-vermoegensverwaltung\/"},"modified":"2025-09-29T13:53:47","modified_gmt":"2025-09-29T12:53:47","slug":"private-vermoegensverwaltung","status":"publish","type":"page","link":"https:\/\/www.bordier.com\/de\/loesungen\/private-vermoegensverwaltung\/","title":{"rendered":"Verm\u00f6gensverwaltung f\u00fcr Privatkunden bei Bordier"},"content":{"rendered":"\n<section id=\"section-block_8a2cfc98561d362b3d1fe206eda2cfee\" class=\"page-hero-outer type-default\">\n    <div class=\"holder\">\n        <div class=\"page-hero-content\">\n            <div class=\"acf-innerblocks-container\">\n\n<h6 class=\"wp-block-heading\">Verm\u00f6gensverwaltung f\u00fcr Privatkunden bei Bordier<\/h6>\n\n\n\n<h1 class=\"wp-block-heading text-indent-m mobile-no-indent\">Disziplin und <em>Diversifikation<\/em><\/h1>\n\n<\/div>        <\/div>\n    <\/div>\n        <figure class=\"page-hero-bg\">\n        <img decoding=\"async\" \n            src=\"https:\/\/www.bordier.com\/wp-content\/uploads\/2024\/08\/Private-Asset-Management-Hero.jpg\" \n            srcset=\"https:\/\/www.bordier.com\/wp-content\/uploads\/2024\/08\/Private-Asset-Management-Hero.jpg 1440w, https:\/\/www.bordier.com\/wp-content\/uploads\/2024\/08\/Private-Asset-Management-Hero-300x160.jpg 300w, https:\/\/www.bordier.com\/wp-content\/uploads\/2024\/08\/Private-Asset-Management-Hero-1024x546.jpg 1024w, https:\/\/www.bordier.com\/wp-content\/uploads\/2024\/08\/Private-Asset-Management-Hero-768x410.jpg 768w\"\n            alt=\"\"\n        >\n    <\/figure>\n    <\/section>\n\n\n<div class=\"wp-block-group wrapper-m\"><div class=\"wp-block-group__inner-container is-layout-constrained wp-block-group-is-layout-constrained\">\n<h3 class=\"wp-block-heading\">Bordier setzt auf <em>institutionelle<\/em> <br>Expertise f\u00fcr <em>Privatkunden<\/em><\/h3>\n<\/div><\/div>\n\n\n\n<div class=\"wp-block-group wrapper-m spacing-top-xs paragraph-spacing-bottom\"><div class=\"wp-block-group__inner-container is-layout-constrained wp-block-group-is-layout-constrained\">\n<h3 class=\"wp-block-heading\">Besonders grosse <em>Assets<\/em><\/h3>\n\n\n\n<hr class=\"wp-block-separator has-alpha-channel-opacity spacing-vertical-s\"\/>\n\n\n\n<p class=\"text-indent-s\">Was Regierungen, Gemeinden und Institutionen w\u00e4hlen, ist auch f\u00fcr Sie verf\u00fcgbar. Wir verwalten diese Anlagen wie grosse Pensionsfonds: mit Risikokontrolle und striktem Benchmarking. Derartige L\u00f6sungen umfassen deutlich volumin\u00f6sere kollektive Anlagen wie Fonds, Actively Managed Certificates (AMC) und institutionelle Mandate.<\/p>\n\n\n\n<h3 class=\"wp-block-heading\">Breitere <em>Auswahl<\/em><\/h3>\n\n\n\n<hr class=\"wp-block-separator has-alpha-channel-opacity spacing-vertical-s\"\/>\n\n\n\n<p class=\"text-indent-s\">Im Rahmen eines strikten Mandats baut unser Investmentteam mit gr\u00f6sster Sorgfalt eine diversifizierte dynamische Asset-Allokation auf, bestehend aus Aktien, an internationalen B\u00f6rsen gehandelten Anleihen, Investmentfonds, Krediten und sogar aus nicht b\u00f6rsennotierten Assets (private Unternehmen, Immobilien oder Infrastrukturinvestments).<\/p>\n\n\n\n<h3 class=\"wp-block-heading\">Konsequentes <em>Benchmarking<\/em><\/h3>\n\n\n\n<hr class=\"wp-block-separator has-alpha-channel-opacity spacing-vertical-s\"\/>\n\n\n\n<p class=\"text-indent-s\">Unsere Ziel ist es immer, institutionelle Benchmarks zu erreichen oder zu \u00fcbertreffen. Durch das monatliche und viertelj\u00e4hrliche Reporting haben wir und Sie die Risiken und Performance stets im Blick.<\/p>\n<\/div><\/div>\n\n\n\n<div class=\"wp-block-group background-light wrapper-s\"><div class=\"wp-block-group__inner-container is-layout-constrained wp-block-group-is-layout-constrained\">\n<h6 class=\"wp-block-heading has-text-align-center text-indent-s mobile-no-indent\">Verm\u00f6gensverwaltung f\u00fcr Privatkunden bei Bordier<\/h6>\n\n\n\n<h2 class=\"wp-block-heading has-text-align-center text-indent-m\">Strukturiert.<br><em><strong>Diszipliniert.<\/strong><\/em> Diversifiziert.<\/h2>\n\n\n\n<p class=\"has-text-align-center\">Die einfache und sichere L\u00f6sung f\u00fcr Portfolio-Performance.<\/p>\n<\/div><\/div>\n\n\n\n<div class=\"wp-block-group wrapper-m\"><div class=\"wp-block-group__inner-container is-layout-constrained wp-block-group-is-layout-constrained\">\n<h2 class=\"wp-block-heading has-text-align-center\">Besonders effizient.<br><em>Gemanagt<\/em>.<\/h2>\n\n\n\n<hr class=\"wp-block-separator has-alpha-channel-opacity\"\/>\n\n\n\n<div class=\"wp-block-group wrapper-xs\"><div class=\"wp-block-group__inner-container is-layout-constrained wp-block-group-is-layout-constrained\">\n<p>Jede Anlage entwickelt sich anders und ist mit spezifischen Risiken und Vorteilen verbunden. Wie erfahren Sie, ob es Ihrem Verm\u00f6gen gut geht?<\/p>\n\n\n\n<p>Wir schaffen einen besonders soliden Rahmen durch eine h\u00f6here Gewichtung, Tiefe und Diversifikation. Wir nutzen viele Anlageklassen und analysieren den Referenzindex jeder einzelnen Klasse. Anschliessend \u00fcberwachen und verwalten wir Ihr robustes Portfolio und stellen sicher, dass Sie den Referenzindex \u00fcbertreffen.<\/p>\n\n\n\n<p>So schalten wir Verzerrungen, Risiken und Unsicherheiten aus. Sie k\u00f6nnen Monat f\u00fcr Monat genau mitverfolgen, wie Ihr Portfolio abschneidet.<\/p>\n<\/div><\/div>\n<\/div><\/div>\n\n\n\n<div class=\"wp-block-cover right-text\" style=\"min-height:10vw;aspect-ratio:unset;\"><img alt=\"\" fetchpriority=\"high\" decoding=\"async\" width=\"2560\" height=\"907\" class=\"wp-block-cover__image-background wp-image-5549\" alt=\"\" src=\"https:\/\/www.bordier.com\/wp-content\/uploads\/2024\/10\/Rectangle-scaled.jpg\" data-object-fit=\"cover\" srcset=\"https:\/\/www.bordier.com\/wp-content\/uploads\/2024\/10\/Rectangle-scaled.jpg 2560w, https:\/\/www.bordier.com\/wp-content\/uploads\/2024\/10\/Rectangle-300x106.jpg 300w, https:\/\/www.bordier.com\/wp-content\/uploads\/2024\/10\/Rectangle-1024x363.jpg 1024w, https:\/\/www.bordier.com\/wp-content\/uploads\/2024\/10\/Rectangle-768x272.jpg 768w, https:\/\/www.bordier.com\/wp-content\/uploads\/2024\/10\/Rectangle-1536x544.jpg 1536w, https:\/\/www.bordier.com\/wp-content\/uploads\/2024\/10\/Rectangle-2048x726.jpg 2048w\" sizes=\"(max-width: 2560px) 100vw, 2560px\" \/><span aria-hidden=\"true\" class=\"wp-block-cover__background has-black-background-color has-background-dim-20 has-background-dim\"><\/span><div class=\"wp-block-cover__inner-container is-layout-constrained wp-block-cover-is-layout-constrained\">\n<div class=\"wp-block-group\"><div class=\"wp-block-group__inner-container is-layout-constrained wp-block-group-is-layout-constrained\">\n<h4 class=\"wp-block-heading has-text-align-left has-large-font-size\">Herzlich willkommen <br>bei Bordier<\/h4>\n\n\n\n<p class=\"has-small-font-size\">Sie wollen ein gr\u00f6sseres St\u00fcck vom Kuchen? Sprechen Sie mit uns<\/p>\n\n\n\n<div class=\"wp-block-buttons is-layout-flex wp-block-buttons-is-layout-flex\">\n<div class=\"wp-block-button is-style-fill blured\"><a class=\"wp-block-button__link wp-element-button\" href=\"https:\/\/www.bordier.com\/de\/kontaktieren-sie-uns\/\"><strong>KONTAKT<\/strong><\/a><\/div>\n<\/div>\n<\/div><\/div>\n<\/div><\/div>\n","protected":false},"excerpt":{"rendered":"<p>Bordier setzt auf institutionelle Expertise f\u00fcr Privatkunden Besonders grosse Assets Was Regierungen, Gemeinden und Institutionen &#8230;<\/p>\n","protected":false},"author":1,"featured_media":0,"parent":11086,"menu_order":20,"comment_status":"closed","ping_status":"closed","template":"","meta":{"_acf_changed":false,"_seopress_robots_primary_cat":"","_seopress_titles_title":"","_seopress_titles_desc":"","_seopress_robots_index":"","footnotes":""},"class_list":["post-11093","page","type-page","status-publish","hentry"],"acf":[],"_links":{"self":[{"href":"https:\/\/www.bordier.com\/de\/wp-json\/wp\/v2\/pages\/11093","targetHints":{"allow":["GET"]}}],"collection":[{"href":"https:\/\/www.bordier.com\/de\/wp-json\/wp\/v2\/pages"}],"about":[{"href":"https:\/\/www.bordier.com\/de\/wp-json\/wp\/v2\/types\/page"}],"author":[{"embeddable":true,"href":"https:\/\/www.bordier.com\/de\/wp-json\/wp\/v2\/users\/1"}],"replies":[{"embeddable":true,"href":"https:\/\/www.bordier.com\/de\/wp-json\/wp\/v2\/comments?post=11093"}],"version-history":[{"count":2,"href":"https:\/\/www.bordier.com\/de\/wp-json\/wp\/v2\/pages\/11093\/revisions"}],"predecessor-version":[{"id":24369,"href":"https:\/\/www.bordier.com\/de\/wp-json\/wp\/v2\/pages\/11093\/revisions\/24369"}],"up":[{"embeddable":true,"href":"https:\/\/www.bordier.com\/de\/wp-json\/wp\/v2\/pages\/11086"}],"wp:attachment":[{"href":"https:\/\/www.bordier.com\/de\/wp-json\/wp\/v2\/media?parent=11093"}],"curies":[{"name":"wp","href":"https:\/\/api.w.org\/{rel}","templated":true}]}}