{"id":11099,"date":"2024-06-21T11:59:39","date_gmt":"2024-06-21T10:59:39","guid":{"rendered":"https:\/\/staging.bordier.com\/loesungen\/vermoegensverwaltung\/"},"modified":"2026-02-12T06:32:22","modified_gmt":"2026-02-12T05:32:22","slug":"wealth-management","status":"publish","type":"page","link":"https:\/\/www.bordier.com\/de\/loesungen\/wealth-management\/","title":{"rendered":"Wealth Management von Bordier"},"content":{"rendered":"\n<section id=\"section-block_c8fcd57a9e438dfa07d59291dad78990\" class=\"page-hero-outer type-default\">\n    <div class=\"holder\">\n        <div class=\"page-hero-content\">\n            <div class=\"acf-innerblocks-container\">\n\n<h6 class=\"wp-block-heading\">Wealth Management von Bordier<\/h6>\n\n\n\n<h1 class=\"wp-block-heading text-indent-s\">Chancen<br><em>und Sicherheit<\/em><\/h1>\n\n<\/div>        <\/div>\n    <\/div>\n        <figure class=\"page-hero-bg\">\n        <img decoding=\"async\" \n            src=\"https:\/\/www.bordier.com\/wp-content\/uploads\/2024\/08\/Wealth-Management-Hero.jpg\" \n            srcset=\"https:\/\/www.bordier.com\/wp-content\/uploads\/2024\/08\/Wealth-Management-Hero.jpg 1440w, https:\/\/www.bordier.com\/wp-content\/uploads\/2024\/08\/Wealth-Management-Hero-300x160.jpg 300w, https:\/\/www.bordier.com\/wp-content\/uploads\/2024\/08\/Wealth-Management-Hero-1024x547.jpg 1024w, https:\/\/www.bordier.com\/wp-content\/uploads\/2024\/08\/Wealth-Management-Hero-768x410.jpg 768w\"\n            alt=\"\"\n        >\n    <\/figure>\n    <\/section>\n\n\n<div class=\"wp-block-group wrapper-m\"><div class=\"wp-block-group__inner-container is-layout-constrained wp-block-group-is-layout-constrained\">\n<h6 class=\"wp-block-heading no-bottom-spacing\">Unsere Mission<\/h6>\n\n\n\n<h3 class=\"wp-block-heading\">Schutz und nachhaltiges Wachstum<\/h3>\n\n\n\n<div class=\"wp-block-group wrapper-s\"><div class=\"wp-block-group__inner-container is-layout-constrained wp-block-group-is-layout-constrained\">\n<p>In einer sich rasant wandelnden Welt wollen wir Portfolios aufbauen,<br>die Ihr Verm\u00f6gen langfristig sch\u00fctzen und mehren.<\/p>\n\n\n\r\n<section id=\"section-block_4be599433b7ed37261a3c922bbd1a61b\" class=\"custom-video-outer full-width \">\r\n\r\n    \r\n    <figure class=\"custom-video\">\r\n\r\n        <div class=\"video-popup-holder\">\r\n            <div class=\"video-holder\">\r\n                <video loop playsinline>\r\n                    <source src=\"https:\/\/player.vimeo.com\/progressive_redirect\/playback\/1151941025\/rendition\/1080p\/file.mp4%20%281080p%29.mp4?loc=external&#038;log_user=0&#038;signature=95d25a986bd921fe0d498a0d54bb4c08e5888ed0c467f3e93f14fa88eaca32c5\" type=\"video\/mp4\">\r\n                    Dieses Video-Element wird von Ihrem Browser nicht unterst\u00fctzt.                <\/video>\r\n                <div class=\"video-controls\">\r\n\r\n                    <div class=\"exit-button\">\r\n                        <svg class=\"icon-close\">\r\n                            <use xlink:href=\"https:\/\/www.bordier.com\/wp-content\/themes\/bordier-wp\/assets\/img\/icons.svg#icon-close\"><\/use>\r\n                        <\/svg>\r\n                    <\/div>\r\n    \r\n                    <div class=\"play-button\">\r\n    \r\n                        <div class=\"play-icon\" data-status=\"play\">\r\n                            <svg class=\"icon-play\">\r\n                                <use xlink:href=\"https:\/\/www.bordier.com\/wp-content\/themes\/bordier-wp\/assets\/img\/icons.svg#icon-play\"><\/use>\r\n                            <\/svg>\r\n                        <\/div>\r\n    \r\n                        <div class=\"play-icon\" data-status=\"pause\">\r\n                            <svg class=\"icon-pause\">\r\n                                <use xlink:href=\"https:\/\/www.bordier.com\/wp-content\/themes\/bordier-wp\/assets\/img\/icons.svg#icon-pause\"><\/use>\r\n                            <\/svg>\r\n                        <\/div>\r\n    \r\n                    <\/div>\r\n\r\n                    <div class=\"bottom-controls\">\r\n\r\n                        <span class=\"video-length\"><\/span>\r\n                        \r\n                        <div class=\"progress-bar\"> \r\n                            <div class=\"time-bar\"><\/div>\r\n                            <input class=\"vimeovideo-progress-seek\" type=\"range\" min=\"0\" max=\"100\" step=\"0.1\" value=\"0\" data-vimeovideo=\"seek\">\r\n                            <progress class=\"vimeovideo-progress-played\" max=\"100\" value=\"0\" role=\"presentation\"><\/progress>\r\n                        <\/div>\r\n\r\n                        <div class=\"left-side\">\r\n                            <div class=\"small-play-button\">\r\n\r\n                                <svg class=\"icon-play\">\r\n                                    <use xlink:href=\"https:\/\/www.bordier.com\/wp-content\/themes\/bordier-wp\/assets\/img\/icons.svg#icon-play\"><\/use>\r\n                                <\/svg>\r\n\r\n                                <svg class=\"icon-pause\">\r\n                                    <use xlink:href=\"https:\/\/www.bordier.com\/wp-content\/themes\/bordier-wp\/assets\/img\/icons.svg#icon-pause\"><\/use>\r\n                                <\/svg>\r\n\r\n                            <\/div>\r\n                        <\/div>\r\n\r\n                        <div class=\"right-side\">\r\n\r\n                            <div class=\"volume-control\">\r\n            \r\n                                <div class=\"mute-icon\" data-status=\"muted\">\r\n                                    <svg class=\"icon-mute\">\r\n                                        <use xlink:href=\"https:\/\/www.bordier.com\/wp-content\/themes\/bordier-wp\/assets\/img\/icons.svg#icon-mute\"><\/use>\r\n                                    <\/svg>\r\n                                <\/div>\r\n                                <div class=\"mute-icon\" data-status=\"unmuted\">\r\n                                    <svg class=\"icon-unmute\">\r\n                                        <use xlink:href=\"https:\/\/www.bordier.com\/wp-content\/themes\/bordier-wp\/assets\/img\/icons.svg#icon-unmute\"><\/use>\r\n                                    <\/svg>\r\n                                <\/div>\r\n            \r\n                            <\/div>\r\n\r\n                            <div class=\"expand\">\r\n                                <svg class=\"icon-expand\">\r\n                                    <use xlink:href=\"https:\/\/www.bordier.com\/wp-content\/themes\/bordier-wp\/assets\/img\/icons.svg#icon-expand\"><\/use>\r\n                                <\/svg>\r\n\r\n                                <svg class=\"icon-collapse\">\r\n                                    <use xlink:href=\"https:\/\/www.bordier.com\/wp-content\/themes\/bordier-wp\/assets\/img\/icons.svg#icon-collapse\"><\/use>\r\n                                <\/svg>\r\n                            <\/div>\r\n\r\n                        <\/div>\r\n\r\n                    <\/div>\r\n    \r\n                <\/div>\r\n            <\/div>\r\n        <\/div>\r\n\r\n    \r\n        <div class=\"video-controls\">\r\n\r\n            <div class=\"play-button\">\r\n\r\n                <div class=\"play-icon\" data-status=\"play\">\r\n                    <svg class=\"icon-play\">\r\n                        <use xlink:href=\"https:\/\/www.bordier.com\/wp-content\/themes\/bordier-wp\/assets\/img\/icons.svg#icon-play\"><\/use>\r\n                    <\/svg>\r\n                <\/div>\r\n\r\n                <div class=\"play-icon\" data-status=\"pause\">\r\n                    <svg class=\"icon-pause\">\r\n                        <use xlink:href=\"https:\/\/www.bordier.com\/wp-content\/themes\/bordier-wp\/assets\/img\/icons.svg#icon-pause\"><\/use>\r\n                    <\/svg>\r\n                <\/div>\r\n\r\n            <\/div>\r\n\r\n        <\/div>\r\n\r\n\r\n                    <figure class=\"video-cover\">\r\n                <img decoding=\"async\" src=\"https:\/\/www.bordier.com\/wp-content\/uploads\/2025\/02\/Frederic-Potelle-1.jpg\" alt=\"Video Cover\">\r\n            <\/figure>\r\n        \r\n    <\/figure>\r\n\r\n    <\/section>\r\n\r\n<h4 class=\"wp-block-heading custom-video-caption has-medium-font-size animated in-view\"><p style=\"text-align: left;\">Die Originalversion dieses Videos wurde in Englisch produziert und mithilfe von KI-Tools angepasst. Im Falle von Abweichungen zwischen den verschiedenen Sprachversionen ist ausschlie\u00dflich die englische Version ma\u00dfgeblich.<\/p>\n<\/h4>\r\n\r\n<\/div><\/div>\n\n\n\n<h6 class=\"wp-block-heading no-bottom-spacing\">Unsere Anlagephilosophie<\/h6>\n\n\n\n<h3 class=\"wp-block-heading\">Oberste Priorit\u00e4t: Kapitalerhalt<\/h3>\n\n\n\n<div class=\"wp-block-group wrapper-s\"><div class=\"wp-block-group__inner-container is-layout-constrained wp-block-group-is-layout-constrained\">\n<p>Kapitalerhalt ist nachweislich der beste <br>Vektor f\u00fcr langfristige Portfolio-Performance.<\/p>\n<\/div><\/div>\n<\/div><\/div>\n\n\n\n<div class=\"wp-block-group wrapper-s\"><div class=\"wp-block-group__inner-container is-layout-constrained wp-block-group-is-layout-constrained\">\n<h3 class=\"wp-block-heading\">Strategie<\/h3>\n\n\n\n<ul class=\"wp-block-list line-list text-indent-s\">\n<li>Ihre Pr\u00e4ferenzen und der Erhalt Ihres Verm\u00f6gens sind unsere Priorit\u00e4t<\/li>\n\n\n\n<li>Multi-Manager, Multi-Markt, Multi-Asset-Ansatz<\/li>\n\n\n\n<li>Wir sind ein unabh\u00e4ngiges Unternehmen ohne Interessenkonflikte<\/li>\n<\/ul>\n\n\n\n<h3 class=\"wp-block-heading\">Portfolioaufbau<\/h3>\n\n\n\n<ul class=\"wp-block-list line-list text-indent-s\">\n<li>Aktive und zeitnahe Verwaltung Ihres Portfolios<\/li>\n\n\n\n<li>Schwerpunkt auf Verm\u00f6gens- und Kapitalschutz<\/li>\n\n\n\n<li>Strategische und diversifizierte Asset-Allokation<\/li>\n<\/ul>\n\n\n\n<h3 class=\"wp-block-heading\">Verwaltung<\/h3>\n\n\n\n<ul class=\"wp-block-list line-list text-indent-s\">\n<li>Wir setzen auf eine Mischung aus Direktanlagen und offener Architektur<\/li>\n\n\n\n<li>Taktisches Overlay f\u00fcr die flexible Anpassung an ver\u00e4nderte M\u00e4rkte<\/li>\n<\/ul>\n<\/div><\/div>\n\n\n\n<figure class=\"wp-block-image size-full full-size-img\"><img fetchpriority=\"high\" decoding=\"async\" width=\"1440\" height=\"645\" src=\"https:\/\/www.bordier.com\/wp-content\/uploads\/2024\/08\/bordier-hero-tree-2-2.jpg\" alt=\"Solar Stratos Flugzeug\" class=\"wp-image-4002\" srcset=\"https:\/\/www.bordier.com\/wp-content\/uploads\/2024\/08\/bordier-hero-tree-2-2.jpg 1440w, https:\/\/www.bordier.com\/wp-content\/uploads\/2024\/08\/bordier-hero-tree-2-2-300x134.jpg 300w, https:\/\/www.bordier.com\/wp-content\/uploads\/2024\/08\/bordier-hero-tree-2-2-1024x459.jpg 1024w, https:\/\/www.bordier.com\/wp-content\/uploads\/2024\/08\/bordier-hero-tree-2-2-768x344.jpg 768w\" sizes=\"(max-width: 1440px) 100vw, 1440px\" \/><\/figure>\n\n\n\n<div class=\"wp-block-group boxed offset-top-m wrapper-m items-border-bottom\"><div class=\"wp-block-group__inner-container is-layout-constrained wp-block-group-is-layout-constrained\">\n<div class=\"wp-block-group wrapper-s\"><div class=\"wp-block-group__inner-container is-layout-constrained wp-block-group-is-layout-constrained\">\n<h2 class=\"wp-block-heading has-text-align-left text-indent-l tablet-no-indent\">Investitionen in<br><em>die Zukunft<\/em><\/h2>\n<\/div><\/div>\n\n\n\r\n<section id=\"section-block_3b7bff2ad872cb9656ed45ef917c44a1\" class=\"content-list-outer type-numbered-list-v2\">\r\n    <div class=\"holder\">\r\n                    <div class=\"content-list\">\r\n                                    <div class=\"content-list-item  item-has-video-caption \">\r\n                                                <div class=\"content-holder\">\r\n                            <h6>Private Equity<\/h6>\n<h3>Bei uns werden Anlegerw\u00fcnsche<br \/>\nWirklichkeit<\/h3>\n<p>Private Equity ist gefragt, aber schwer zug\u00e4nglich. Bordier kann Ihnen dank intensiver und langj\u00e4hriger Kontakte den Zugang erm\u00f6glichen.<\/p>\n                        <\/div>\r\n                                                \r\n                        <div class=\"video-holder custom-video-outer\">\r\n\r\n                            <figure class=\"custom-video\">\r\n\r\n                                <div class=\"video-popup-holder\">\r\n                                    <div class=\"video-holder\">\r\n                                        <video loop playsinline>\r\n                                            <source src=\"https:\/\/player.vimeo.com\/progressive_redirect\/playback\/1163521871\/rendition\/1080p\/file.mp4%20%281080p%29.mp4?loc=external&#038;log_user=0&#038;signature=7d1dfe1ba63232725e43c477d856af24a166a79b1e458f7165a831f15b628123\" type=\"video\/mp4\">\r\n                                            Dieses Video-Element wird von Ihrem Browser nicht unterst\u00fctzt.                                        <\/video>\r\n                                        <div class=\"video-controls\">\r\n\r\n                                            <div class=\"exit-button\">\r\n                                                <svg class=\"icon-close\">\r\n                                                    <use xlink:href=\"https:\/\/www.bordier.com\/wp-content\/themes\/bordier-wp\/assets\/img\/icons.svg#icon-close\"><\/use>\r\n                                                <\/svg>\r\n                                            <\/div>\r\n\r\n                                            <div class=\"play-button\">\r\n\r\n                                                <div class=\"play-icon\" data-status=\"play\">\r\n                                                    <svg class=\"icon-play\">\r\n                                                        <use xlink:href=\"https:\/\/www.bordier.com\/wp-content\/themes\/bordier-wp\/assets\/img\/icons.svg#icon-play\"><\/use>\r\n                                                    <\/svg>\r\n                                                <\/div>\r\n\r\n                                                <div class=\"play-icon\" data-status=\"pause\">\r\n                                                    <svg class=\"icon-pause\">\r\n                                                        <use xlink:href=\"https:\/\/www.bordier.com\/wp-content\/themes\/bordier-wp\/assets\/img\/icons.svg#icon-pause\"><\/use>\r\n                                                    <\/svg>\r\n                                                <\/div>\r\n\r\n                                            <\/div>\r\n\r\n                                            <div class=\"bottom-controls\">\r\n\r\n                                                <span class=\"video-length\"><\/span>\r\n                                                \r\n                                                <div class=\"progress-bar\"> \r\n                                                    <div class=\"time-bar\"><\/div>\r\n                                                    <input class=\"vimeovideo-progress-seek\" type=\"range\" min=\"0\" max=\"100\" step=\"0.1\" value=\"0\" data-vimeovideo=\"seek\">\r\n                                                    <progress class=\"vimeovideo-progress-played\" max=\"100\" value=\"0\" role=\"presentation\"><\/progress>\r\n                                                <\/div>\r\n\r\n                                                <div class=\"left-side\">\r\n                                                    <div class=\"small-play-button\">\r\n\r\n                                                        <svg class=\"icon-play\">\r\n                                                            <use xlink:href=\"https:\/\/www.bordier.com\/wp-content\/themes\/bordier-wp\/assets\/img\/icons.svg#icon-play\"><\/use>\r\n                                                        <\/svg>\r\n\r\n                                                        <svg class=\"icon-pause\">\r\n                                                            <use xlink:href=\"https:\/\/www.bordier.com\/wp-content\/themes\/bordier-wp\/assets\/img\/icons.svg#icon-pause\"><\/use>\r\n                                                        <\/svg>\r\n\r\n                                                    <\/div>\r\n                                                <\/div>\r\n\r\n                                                <div class=\"right-side\">\r\n\r\n                                                    <div class=\"volume-control\">\r\n                                    \r\n                                                        <div class=\"mute-icon\" data-status=\"muted\">\r\n                                                            <svg class=\"icon-mute\">\r\n                                                                <use xlink:href=\"https:\/\/www.bordier.com\/wp-content\/themes\/bordier-wp\/assets\/img\/icons.svg#icon-mute\"><\/use>\r\n                                                            <\/svg>\r\n                                                        <\/div>\r\n                                                        <div class=\"mute-icon\" data-status=\"unmuted\">\r\n                                                            <svg class=\"icon-unmute\">\r\n                                                                <use xlink:href=\"https:\/\/www.bordier.com\/wp-content\/themes\/bordier-wp\/assets\/img\/icons.svg#icon-unmute\"><\/use>\r\n                                                            <\/svg>\r\n                                                        <\/div>\r\n                                    \r\n                                                    <\/div>\r\n\r\n                                                    <div class=\"expand\">\r\n                                                        <svg class=\"icon-expand\">\r\n                                                            <use xlink:href=\"https:\/\/www.bordier.com\/wp-content\/themes\/bordier-wp\/assets\/img\/icons.svg#icon-expand\"><\/use>\r\n                                                        <\/svg>\r\n\r\n                                                        <svg class=\"icon-collapse\">\r\n                                                            <use xlink:href=\"https:\/\/www.bordier.com\/wp-content\/themes\/bordier-wp\/assets\/img\/icons.svg#icon-collapse\"><\/use>\r\n                                                        <\/svg>\r\n                                                    <\/div>\r\n\r\n                                                <\/div>\r\n\r\n                                            <\/div>\r\n\r\n                                        <\/div>\r\n                                    <\/div>\r\n                                <\/div>\r\n\r\n                                <div class=\"video-controls\">\r\n\r\n                                    <div class=\"play-button\">\r\n\r\n                                        <div class=\"play-icon\" data-status=\"play\">\r\n                                            <svg class=\"icon-play\">\r\n                                                <use xlink:href=\"https:\/\/www.bordier.com\/wp-content\/themes\/bordier-wp\/assets\/img\/icons.svg#icon-play\"><\/use>\r\n                                            <\/svg>\r\n                                        <\/div>\r\n\r\n                                        <div class=\"play-icon\" data-status=\"pause\">\r\n                                            <svg class=\"icon-pause\">\r\n                                                <use xlink:href=\"https:\/\/www.bordier.com\/wp-content\/themes\/bordier-wp\/assets\/img\/icons.svg#icon-pause\"><\/use>\r\n                                            <\/svg>\r\n                                        <\/div>\r\n\r\n                                    <\/div>\r\n\r\n                                <\/div>\r\n\r\n                                                                    <figure class=\"video-cover\">\r\n                                        <img decoding=\"async\" src=\"https:\/\/www.bordier.com\/wp-content\/uploads\/2025\/02\/Christian-Skaanild-1.jpg\" alt=\"Video Cover\">\r\n                                    <\/figure>\r\n                                                            <\/figure>\r\n                        <\/div>\r\n\t\t\t\t\t\t\t\t\t\t\t\t\t<h4 class=\"wp-block-heading item-video-caption has-medium-font-size animated in-view\"><p>Die Originalversion dieses Videos wurde in Englisch produziert und mithilfe von KI-Tools angepasst. Im Falle von Abweichungen zwischen den verschiedenen Sprachversionen ist ausschlie\u00dflich die englische Version ma\u00dfgeblich.<\/p>\n<\/h4>\r\n\t\t\t\t\t\t                                            <\/div>\r\n                                    <div class=\"content-list-item \">\r\n                                                <div class=\"content-holder\">\r\n                            <h6>Kryptow\u00e4hrungen<\/h6>\n<h3>Besonders easy<br \/>\nund sicher<\/h3>\n<p>Wir bieten digitale Investments auf unserer Hauptplattform an. Sie handeln Kryptow\u00e4hrungen mit dem h\u00f6chsten Sicherheitsniveau einer in der Schweiz regulierten Bank.<\/p>\n                        <\/div>\r\n                                                                    <\/div>\r\n                                    <div class=\"content-list-item \">\r\n                                                <div class=\"content-holder\">\r\n                            <h6>Innovation<\/h6>\n<h3>Wir reden nicht nur,<br \/>\nsondern machen N\u00e4gel mit K\u00f6pfen<strong><em><br \/>\n<\/em><\/strong><\/h3>\n<p>Bordier bietet mehr als herk\u00f6mmliche Anlagemodelle: innovative Ans\u00e4tze, die Anleger erwarten. Mit einer Mischung aus traditionellen und nicht-traditionellen Fonds, aus Private Equity, Private Debt und komplexen strukturierten Produkten finden wir f\u00fcr Sie neues Wachstumspotenzial.<\/p>\n                        <\/div>\r\n                                                                    <\/div>\r\n                            <\/div>\r\n            <\/div>\r\n<\/section><\/div><\/div>\n\n\n\n<div class=\"wp-block-cover right-text\" style=\"min-height:10vw;aspect-ratio:unset;\"><img alt=\"\" decoding=\"async\" width=\"2560\" height=\"907\" class=\"wp-block-cover__image-background wp-image-5549\" alt=\"\" src=\"https:\/\/www.bordier.com\/wp-content\/uploads\/2024\/10\/Rectangle-scaled.jpg\" data-object-fit=\"cover\" srcset=\"https:\/\/www.bordier.com\/wp-content\/uploads\/2024\/10\/Rectangle-scaled.jpg 2560w, https:\/\/www.bordier.com\/wp-content\/uploads\/2024\/10\/Rectangle-300x106.jpg 300w, https:\/\/www.bordier.com\/wp-content\/uploads\/2024\/10\/Rectangle-1024x363.jpg 1024w, https:\/\/www.bordier.com\/wp-content\/uploads\/2024\/10\/Rectangle-768x272.jpg 768w, https:\/\/www.bordier.com\/wp-content\/uploads\/2024\/10\/Rectangle-1536x544.jpg 1536w, https:\/\/www.bordier.com\/wp-content\/uploads\/2024\/10\/Rectangle-2048x726.jpg 2048w\" sizes=\"(max-width: 2560px) 100vw, 2560px\" \/><span aria-hidden=\"true\" class=\"wp-block-cover__background has-black-background-color has-background-dim-20 has-background-dim\"><\/span><div class=\"wp-block-cover__inner-container is-layout-constrained wp-block-cover-is-layout-constrained\">\n<div class=\"wp-block-group\"><div class=\"wp-block-group__inner-container is-layout-constrained wp-block-group-is-layout-constrained\">\n<h4 class=\"wp-block-heading has-text-align-left has-large-font-size\">Herzlich willkommen <br>bei Bordier<\/h4>\n\n\n\n<p class=\"has-small-font-size\">Erz\u00e4hlen Sie uns Ihre Geschichte.<\/p>\n\n\n\n<div class=\"wp-block-buttons is-layout-flex wp-block-buttons-is-layout-flex\">\n<div class=\"wp-block-button is-style-fill blured\"><a class=\"wp-block-button__link wp-element-button\" href=\"https:\/\/www.bordier.com\/de\/kontaktieren-sie-uns\/\"><strong>KONTAKT<\/strong><\/a><\/div>\n<\/div>\n<\/div><\/div>\n<\/div><\/div>\n","protected":false},"excerpt":{"rendered":"<p>Unsere Mission Schutz und nachhaltiges Wachstum In einer sich rasant wandelnden Welt wollen wir Portfolios &#8230;<\/p>\n","protected":false},"author":1,"featured_media":0,"parent":11086,"menu_order":10,"comment_status":"closed","ping_status":"closed","template":"","meta":{"_acf_changed":false,"_seopress_robots_primary_cat":"","_seopress_titles_title":"","_seopress_titles_desc":"","_seopress_robots_index":"","footnotes":""},"class_list":["post-11099","page","type-page","status-publish","hentry"],"acf":[],"_links":{"self":[{"href":"https:\/\/www.bordier.com\/de\/wp-json\/wp\/v2\/pages\/11099","targetHints":{"allow":["GET"]}}],"collection":[{"href":"https:\/\/www.bordier.com\/de\/wp-json\/wp\/v2\/pages"}],"about":[{"href":"https:\/\/www.bordier.com\/de\/wp-json\/wp\/v2\/types\/page"}],"author":[{"embeddable":true,"href":"https:\/\/www.bordier.com\/de\/wp-json\/wp\/v2\/users\/1"}],"replies":[{"embeddable":true,"href":"https:\/\/www.bordier.com\/de\/wp-json\/wp\/v2\/comments?post=11099"}],"version-history":[{"count":5,"href":"https:\/\/www.bordier.com\/de\/wp-json\/wp\/v2\/pages\/11099\/revisions"}],"predecessor-version":[{"id":27819,"href":"https:\/\/www.bordier.com\/de\/wp-json\/wp\/v2\/pages\/11099\/revisions\/27819"}],"up":[{"embeddable":true,"href":"https:\/\/www.bordier.com\/de\/wp-json\/wp\/v2\/pages\/11086"}],"wp:attachment":[{"href":"https:\/\/www.bordier.com\/de\/wp-json\/wp\/v2\/media?parent=11099"}],"curies":[{"name":"wp","href":"https:\/\/api.w.org\/{rel}","templated":true}]}}