{"id":11111,"date":"2024-06-21T12:00:00","date_gmt":"2024-06-21T11:00:00","guid":{"rendered":"https:\/\/staging.bordier.com\/loesungen\/dienstleistungen-fuer-familien\/"},"modified":"2025-05-28T10:27:06","modified_gmt":"2025-05-28T09:27:06","slug":"family-services","status":"publish","type":"page","link":"https:\/\/www.bordier.com\/de\/loesungen\/family-services\/","title":{"rendered":"Family Services bei Bordier"},"content":{"rendered":"\n<section id=\"section-block_bcb8d9a27ae937e94b1055e8daeb5c6e\" class=\"page-hero-outer type-default\">\n    <div class=\"holder\">\n        <div class=\"page-hero-content\">\n            <div class=\"acf-innerblocks-container\">\n\n<h6 class=\"wp-block-heading\">Family Services bei Bordier<\/h6>\n\n\n\n<h1 class=\"wp-block-heading text-indent-s force-two-lines\">Alles und alle in <em>perfekter Harmonie<\/em><\/h1>\n\n<\/div>        <\/div>\n    <\/div>\n        <figure class=\"page-hero-bg\">\n        <img decoding=\"async\" \n            src=\"https:\/\/www.bordier.com\/wp-content\/uploads\/2024\/07\/heero-family.jpg\" \n            srcset=\"https:\/\/www.bordier.com\/wp-content\/uploads\/2024\/07\/heero-family.jpg 2160w, https:\/\/www.bordier.com\/wp-content\/uploads\/2024\/07\/heero-family-300x160.jpg 300w, https:\/\/www.bordier.com\/wp-content\/uploads\/2024\/07\/heero-family-1024x546.jpg 1024w, https:\/\/www.bordier.com\/wp-content\/uploads\/2024\/07\/heero-family-768x410.jpg 768w, https:\/\/www.bordier.com\/wp-content\/uploads\/2024\/07\/heero-family-1536x819.jpg 1536w, https:\/\/www.bordier.com\/wp-content\/uploads\/2024\/07\/heero-family-2048x1092.jpg 2048w\"\n            alt=\"\"\n        >\n    <\/figure>\n    <\/section>\n\n\n<div class=\"wp-block-group spacing-bottom-0\"><div class=\"wp-block-group__inner-container is-layout-constrained wp-block-group-is-layout-constrained\">\n<div class=\"wp-block-group wrapper-s\"><div class=\"wp-block-group__inner-container is-layout-constrained wp-block-group-is-layout-constrained\">\n<h3 class=\"wp-block-heading text-indent-l\">Mit uns sind <em>Familienverm\u00f6gen<\/em> <em>keine komplizierte<\/em> <em>Angelegenheit<\/em>.<\/h3>\n<\/div><\/div>\n\n\n\r\n<section id=\"section-block_8fcf247c093e1a57f9c3b1eefa613545\" class=\"content-list-outer type-default\">\r\n    <div class=\"holder\">\r\n                    <div class=\"content-list\">\r\n                                    <div class=\"content-list-item \">\r\n                                                <hgroup>\r\n                            <h4>Planung<\/h4>\r\n                                                    <\/hgroup>\r\n                                                <div class=\"content-holder\">\r\n                            <p>Massgeschneiderte Anlagestrategien und eine an Ihren Zielen und W\u00fcnschen ausgerichtete Asset-Allokation.<\/p>\n<p>Wir erstellen einen praktischen Fahrplan f\u00fcr k\u00fcnftige Generationen.<\/p>\n                        <\/div>\r\n                                                                    <\/div>\r\n                                    <div class=\"content-list-item \">\r\n                                                <hgroup>\r\n                            <h4>Schutz<\/h4>\r\n                                                    <\/hgroup>\r\n                                                <div class=\"content-holder\">\r\n                            <p>Robuste Strategien f\u00fcr Verm\u00f6gensschutz einerseits und Risikomanagement f\u00fcr den Erhalt des Verm\u00f6gens andererseits.<\/p>\n<p>Wir sch\u00fctzen das Familienverm\u00f6gen in Phasen von Marktschwankungen und ver\u00e4nderten Bedingungen.<\/p>\n                        <\/div>\r\n                                                                    <\/div>\r\n                                    <div class=\"content-list-item \">\r\n                                                <hgroup>\r\n                            <h4>Klarheit<\/h4>\r\n                                                    <\/hgroup>\r\n                                                <div class=\"content-holder\">\r\n                            <p>Finanzen k\u00f6nnen komplex sein. Wir sorgen daf\u00fcr, dass dies f\u00fcr Sie kein Thema ist.<\/p>\n<p>Mit uns ist Ihre Familie immer auf dem Laufenden und auf der sicheren Seite.<\/p>\n                        <\/div>\r\n                                                                    <\/div>\r\n                            <\/div>\r\n            <\/div>\r\n<\/section>\n\n\n<div class=\"wp-block-group wrapper-s\"><div class=\"wp-block-group__inner-container is-layout-constrained wp-block-group-is-layout-constrained\"><\/div><\/div>\n<\/div><\/div>\n\n\n\n<div class=\"wp-block-group wrapper-s background-light\"><div class=\"wp-block-group__inner-container is-layout-constrained wp-block-group-is-layout-constrained\">\n<h6 class=\"wp-block-heading has-text-align-center\">Family Services<\/h6>\n\n\n\n<h1 class=\"wp-block-heading has-text-align-center has-medium-font-size\">Family Office<\/h1>\n\n\n\n<h1 class=\"wp-block-heading has-text-align-center has-medium-font-size\">Verm\u00f6gensplanung<\/h1>\n\n\n\n<p class=\"has-text-align-center\">Eine planbare Zukunft: <\/p>\n\n\n\n<p class=\"has-text-align-center\">\u00fcber Grenzen, Unternehmen und Generationen hinweg.<\/p>\n<\/div><\/div>\n\n\n\n<div class=\"wp-block-group wrapper-m offset-top-m\"><div class=\"wp-block-group__inner-container is-layout-constrained wp-block-group-is-layout-constrained\">\n<figure class=\"wp-block-image size-full\"><img alt=\"\" fetchpriority=\"high\" decoding=\"async\" width=\"1695\" height=\"968\" src=\"https:\/\/www.bordier.com\/wp-content\/uploads\/2024\/08\/family-services-img.jpg\" alt=\"\" class=\"wp-image-3278\" srcset=\"https:\/\/www.bordier.com\/wp-content\/uploads\/2024\/08\/family-services-img.jpg 1695w, https:\/\/www.bordier.com\/wp-content\/uploads\/2024\/08\/family-services-img-300x171.jpg 300w, https:\/\/www.bordier.com\/wp-content\/uploads\/2024\/08\/family-services-img-1024x585.jpg 1024w, https:\/\/www.bordier.com\/wp-content\/uploads\/2024\/08\/family-services-img-768x439.jpg 768w, https:\/\/www.bordier.com\/wp-content\/uploads\/2024\/08\/family-services-img-1536x877.jpg 1536w\" sizes=\"(max-width: 1695px) 100vw, 1695px\" \/><\/figure>\n<\/div><\/div>\n\n\n\n<div class=\"wp-block-group wrapper-s spacing-vertical-0\"><div class=\"wp-block-group__inner-container is-layout-constrained wp-block-group-is-layout-constrained\">\n<h2 class=\"wp-block-heading text-indent-xl mobile-no-indent tablet-no-indent\">Familiensinn ist<br>Teil <em>unserer<\/em> DNA<\/h2>\n<\/div><\/div>\n\n\n\n<div class=\"wp-block-group spacing-vertical-0 wrapper-m\"><div class=\"wp-block-group__inner-container is-layout-constrained wp-block-group-is-layout-constrained\">\n<h3 class=\"wp-block-heading text-indent-s with-line\">Privatbanken wissen eine Menge \u00fcber <em>Geld<\/em>, <br>aber sehr wenig \u00fcber die Besonderheiten von <em>Familien<\/em>.<\/h3>\n<\/div><\/div>\n\n\n\n<div class=\"wp-block-group wrapper-xs\"><div class=\"wp-block-group__inner-container is-layout-constrained wp-block-group-is-layout-constrained\">\n<p>Bordier ist eines der weltweit gr\u00f6ssten Multi-Family-Offices und eine exklusive Privatbank, die von einer Familie gegr\u00fcndet wurde und sich seit 1844 ununterbrochen im Besitz der Gr\u00fcnderfamilie befindet und von ihr geleitet wird. Wir sind der lebende Beweis f\u00fcr erfolgreiche Tradition und Nachfolgeplanung.<\/p>\n\n\n\n<p>Unsere Familie kann dies auch f\u00fcr Ihre Familie erreichen.<\/p>\n<\/div><\/div>\n\n\n\n<div class=\"wp-block-cover right-text\" style=\"min-height:10vw;aspect-ratio:unset;\"><img alt=\"\" decoding=\"async\" width=\"2560\" height=\"907\" class=\"wp-block-cover__image-background wp-image-5549\" alt=\"\" src=\"https:\/\/www.bordier.com\/wp-content\/uploads\/2024\/10\/Rectangle-scaled.jpg\" data-object-fit=\"cover\" srcset=\"https:\/\/www.bordier.com\/wp-content\/uploads\/2024\/10\/Rectangle-scaled.jpg 2560w, https:\/\/www.bordier.com\/wp-content\/uploads\/2024\/10\/Rectangle-300x106.jpg 300w, https:\/\/www.bordier.com\/wp-content\/uploads\/2024\/10\/Rectangle-1024x363.jpg 1024w, https:\/\/www.bordier.com\/wp-content\/uploads\/2024\/10\/Rectangle-768x272.jpg 768w, https:\/\/www.bordier.com\/wp-content\/uploads\/2024\/10\/Rectangle-1536x544.jpg 1536w, https:\/\/www.bordier.com\/wp-content\/uploads\/2024\/10\/Rectangle-2048x726.jpg 2048w\" sizes=\"(max-width: 2560px) 100vw, 2560px\" \/><span aria-hidden=\"true\" class=\"wp-block-cover__background has-black-background-color has-background-dim-20 has-background-dim\"><\/span><div class=\"wp-block-cover__inner-container is-layout-constrained wp-block-cover-is-layout-constrained\">\n<div class=\"wp-block-group\"><div class=\"wp-block-group__inner-container is-layout-constrained wp-block-group-is-layout-constrained\">\n<h4 class=\"wp-block-heading has-text-align-left has-large-font-size\">Herzlich willkommen <br>bei Bordier<\/h4>\n\n\n\n<p class=\"has-small-font-size\">Sagen Sie uns, wie unsere Familie Ihrer Familie helfen kann.<\/p>\n\n\n\n<div class=\"wp-block-buttons is-layout-flex wp-block-buttons-is-layout-flex\">\n<div class=\"wp-block-button is-style-fill blured\"><a class=\"wp-block-button__link wp-element-button\" href=\"https:\/\/www.bordier.com\/de\/kontaktieren-sie-uns\/\"><strong>KONTAKT<\/strong><\/a><\/div>\n<\/div>\n<\/div><\/div>\n<\/div><\/div>\n","protected":false},"excerpt":{"rendered":"<p>Mit uns sind Familienverm\u00f6gen keine komplizierte Angelegenheit. Family Services Family Office Verm\u00f6gensplanung Eine planbare Zukunft: &#8230;<\/p>\n","protected":false},"author":1,"featured_media":0,"parent":11086,"menu_order":30,"comment_status":"closed","ping_status":"closed","template":"","meta":{"_acf_changed":false,"_seopress_robots_primary_cat":"","_seopress_titles_title":"","_seopress_titles_desc":"","_seopress_robots_index":"","footnotes":""},"class_list":["post-11111","page","type-page","status-publish","hentry"],"acf":[],"_links":{"self":[{"href":"https:\/\/www.bordier.com\/de\/wp-json\/wp\/v2\/pages\/11111","targetHints":{"allow":["GET"]}}],"collection":[{"href":"https:\/\/www.bordier.com\/de\/wp-json\/wp\/v2\/pages"}],"about":[{"href":"https:\/\/www.bordier.com\/de\/wp-json\/wp\/v2\/types\/page"}],"author":[{"embeddable":true,"href":"https:\/\/www.bordier.com\/de\/wp-json\/wp\/v2\/users\/1"}],"replies":[{"embeddable":true,"href":"https:\/\/www.bordier.com\/de\/wp-json\/wp\/v2\/comments?post=11111"}],"version-history":[{"count":0,"href":"https:\/\/www.bordier.com\/de\/wp-json\/wp\/v2\/pages\/11111\/revisions"}],"up":[{"embeddable":true,"href":"https:\/\/www.bordier.com\/de\/wp-json\/wp\/v2\/pages\/11086"}],"wp:attachment":[{"href":"https:\/\/www.bordier.com\/de\/wp-json\/wp\/v2\/media?parent=11111"}],"curies":[{"name":"wp","href":"https:\/\/api.w.org\/{rel}","templated":true}]}}