{"id":11154,"date":"2024-06-21T12:02:10","date_gmt":"2024-06-21T11:02:10","guid":{"rendered":"https:\/\/staging.bordier.com\/recht-und-compliance\/"},"modified":"2026-03-12T17:40:50","modified_gmt":"2026-03-12T16:40:50","slug":"recht-und-compliance","status":"publish","type":"page","link":"https:\/\/www.bordier.com\/de\/recht-und-compliance\/","title":{"rendered":"Recht und Compliance"},"content":{"rendered":"\n<section id=\"section-block_c0461b98aa4063a081a00b341d4083b5\" class=\"page-hero-outer headline-left-m type-simple\">\n    <div class=\"holder\">\n        <div class=\"page-hero-content\">\n            <div class=\"acf-innerblocks-container\">\n\n<h6 class=\"wp-block-heading\">Legal<\/h6>\n\n\n\n<h1 class=\"wp-block-heading has-text-align-left text-indent-s has-small-font-size\">Recht und Compliance<\/h1>\n\n<\/div>        <\/div>\n    <\/div>\n    <\/section>\n\n\n<div class=\"wp-block-group background-light wrapper-m\"><div class=\"wp-block-group__inner-container is-layout-constrained wp-block-group-is-layout-constrained\">\r\n<section id=\"section-block_1ffd71b137359dc0293d2ceaa140ccef\" class=\"toggler-outer\">\r\n    <div class=\"holder\">\r\n                    <div class=\"toggler-list\">\r\n                                    <div class=\"toggler-list-item  type-default\" id=\"toggler-list-item-allgemeine-informationen\" >\r\n                        \r\n                        <div class=\"toggler-item-top\" id=\"toggler-item-top-allgemeine-informationen\" >\r\n                            <h4>Allgemeine Informationen                                                         <\/h4>\r\n                            <span class=\"toggler-icon\"><\/span>\r\n                        <\/div>\r\n                        <div class=\"toggler-item-content\" id=\"toggler-item-content-allgemeine-informationen\" >\r\n                                                            <div class=\"toggler-item-content-inner\">\r\n                                    <p>Der Inhalt dieser Website dient ausschliesslich zu Informationszwecken und stellt keine Werbung f\u00fcr die Serviceleistungen von Bordier &amp; Cie dar. Ihr Zweck besteht darin, den Bekanntheitsgrad der Bank zu erh\u00f6hen. Die Informationen auf dieser Website stellen kein Angebot von Dienstleistungen oder Produkten, insbesondere kein Angebot von Bankprodukten von Bordier &amp; Cie sowie kein Angebot und auch keine Aufforderung zum Kauf oder Verkauf von Wertpapieren oder anderen Anlageprodukten dar. Die Bank bietet auf dieser Website keine Online-Dienste oder Leistungen an. Die Informationen auf dieser Website sind nicht als \u00f6ffentlicher Aufruf oder Verkauf zu verstehen, unabh\u00e4ngig von seiner Form, Qualifikation oder Bezeichnung, noch kann es als proaktives Verhalten von Bordier &amp; Cie gegen\u00fcber Dritten ausgelegt werden.<\/p>\n                                <\/div>\r\n                                                    <\/div>\r\n                    <\/div>\r\n                                    <div class=\"toggler-list-item  type-default\" id=\"toggler-list-item-schweiz\" >\r\n                        \r\n                        <div class=\"toggler-item-top\" id=\"toggler-item-top-schweiz\" >\r\n                            <h4>Schweiz                                                        <\/h4>\r\n                            <span class=\"toggler-icon\"><\/span>\r\n                        <\/div>\r\n                        <div class=\"toggler-item-content\" id=\"toggler-item-content-schweiz\" >\r\n                                                            <div class=\"toggler-item-content-inner\">\r\n                                    <ul class=\"line-list full-link\">\n<li><a href=\"https:\/\/www.bordier.com\/de\/legal-and-compliance\/schweiz-recht-und-compliance\/schweiz-recht-und-compliance-allgemeine-informationen\/\">Allgemeine Gesch\u00e4ftsbedingungen<\/a><\/li>\n<li><a href=\"https:\/\/www.bordier.com\/de\/legal-and-compliance\/schweiz-recht-und-compliance\/schweiz-recht-und-compliance-finsa-2\/\">FIDLEG<\/a><\/li>\n<li><a href=\"https:\/\/www.bordier.com\/de\/legal-and-compliance\/schweiz-recht-und-compliance\/schweiz-recht-und-compliance-compliance\/\">Compliance<\/a><\/li>\n<li><a href=\"https:\/\/www.bordier.com\/de\/legal-and-compliance\/schweiz-recht-und-compliance\/schweiz-recht-und-compliance-fatca-aeoi\/\">FATCA \/ AEOI<\/a><\/li>\n<li><a href=\"https:\/\/www.bordier.com\/de\/legal-and-compliance\/schweiz-recht-und-compliance\/schweiz-recht-und-compliance-datenschutz\/\">Allgemeine Datenschutzpolitik<\/a><\/li>\n<li><a href=\"https:\/\/www.bordier.com\/de\/legal-and-compliance\/schweiz-recht-und-compliance\/schweiz-rechtliches-und-compliance-haftungsausschluss\/\">Allgemeine Rechtshinweise<\/a><\/li>\n<li><a href=\"https:\/\/www.bordier.com\/de\/legal-and-compliance\/schweiz-recht-und-compliance\/karten\/\">Debitkarten<\/a><\/li>\n<li><a href=\"https:\/\/www.bordier.com\/de\/legal-and-compliance\/schweiz-recht-und-compliance\/suisse-rechtliches-und-compliance-maestro-karten\/\">Maestro-Karten<\/a><\/li>\n<\/ul>\n                                <\/div>\r\n                                                    <\/div>\r\n                    <\/div>\r\n                                    <div class=\"toggler-list-item  type-default\" id=\"toggler-list-item-singapur\" >\r\n                        \r\n                        <div class=\"toggler-item-top\" id=\"toggler-item-top-singapur\" >\r\n                            <h4>Singapur                                                        <\/h4>\r\n                            <span class=\"toggler-icon\"><\/span>\r\n                        <\/div>\r\n                        <div class=\"toggler-item-content\" id=\"toggler-item-content-singapur\" >\r\n                                                            <div class=\"toggler-item-content-inner\">\r\n                                    <ul class=\"line-list full-link\">\n<li><a href=\"https:\/\/www.bordier.com\/de\/legal-and-compliance\/singapore-legal-and-compliance-general-information\/\">General information<\/a><\/li>\n<li><a href=\"https:\/\/www.bordier.com\/de\/legal-and-compliance\/singapore\/data-protection\/\">Data Protection<\/a><\/li>\n<li><a href=\"https:\/\/www.bordier.com\/de\/legal-and-compliance\/singapore\/compliance\/\">Compliance<\/a><\/li>\n<li><a href=\"https:\/\/www.bordier.com\/de\/legal-and-compliance\/singapore\/disclaimer\/\">Disclaimer<\/a><\/li>\n<li><a href=\"https:\/\/www.bordier.com\/de\/legal-and-compliance\/singapore\/terms-of-use-for-bordier-eservices\/\">Terms of Use Bordier Eservices<\/a><\/li>\n<li><a href=\"https:\/\/www.bordier.com\/de\/legal-and-compliance\/singapore\/security-guideline\/\">Security Guidelines<\/a><\/li>\n<li><a href=\"https:\/\/www.bordier.com\/de\/legal-and-compliance\/singapore\/fatca\/\">FATCA<\/a><\/li>\n<li><a href=\"https:\/\/www.bordier.com\/de\/legal-and-compliance\/singapore\/digital-assets-services\/\">Digital Assets Services<\/a><\/li>\n<\/ul>\n                                <\/div>\r\n                                                    <\/div>\r\n                    <\/div>\r\n                                    <div class=\"toggler-list-item  type-default\" id=\"toggler-list-item-frankreich\" >\r\n                        \r\n                        <div class=\"toggler-item-top\" id=\"toggler-item-top-frankreich\" >\r\n                            <h4>Frankreich                                                        <\/h4>\r\n                            <span class=\"toggler-icon\"><\/span>\r\n                        <\/div>\r\n                        <div class=\"toggler-item-content\" id=\"toggler-item-content-frankreich\" >\r\n                                                            <div class=\"toggler-item-content-inner\">\r\n                                    <ul class=\"line-list full-link\">\n<li><a href=\"https:\/\/www.bordier.com\/de\/legal-and-compliance\/france-legal-and-compliance\/france-legal-compliance-legal-information\/\">Informations l\u00e9gales<\/a><\/li>\n<li><a href=\"https:\/\/www.bordier.com\/de\/legal-and-compliance\/france-legal-and-compliance\/france-legal-compliance-regulatory-information\/\">Informations r\u00e9glementaires<\/a><\/li>\n<li><a href=\"https:\/\/www.bordier.com\/de\/legal-and-compliance\/france-legal-and-compliance\/france-legal-compliance-general-data-protection-policy\/\">Politique g\u00e9n\u00e9rale de protection des donn\u00e9es<\/a><\/li>\n<li><a href=\"https:\/\/www.bordier.com\/de\/legal-and-compliance\/france-legal-and-compliance\/france-legal-compliance-shareholder-rights-policy\/\">Politique droit des actionnaires<\/a><\/li>\n<li><a href=\"https:\/\/www.bordier.com\/de\/legal-and-compliance\/france-legal-and-compliance\/france-legal-compliance-best-selection-policy\/\">Politique de meilleure s\u00e9lection<\/a><\/li>\n<li><a href=\"https:\/\/www.bordier.com\/de\/legal-and-compliance\/france-legal-and-compliance\/france-legal-compliance-sustainable-finance-esg-policy\/\">Finance durable \u2013 Politique ESG<\/a><\/li>\n<\/ul>\n                                <\/div>\r\n                                                    <\/div>\r\n                    <\/div>\r\n                                    <div class=\"toggler-list-item  type-default\" id=\"toggler-list-item-turks-caicos-inseln\" >\r\n                        \r\n                        <div class=\"toggler-item-top\" id=\"toggler-item-top-turks-caicos-inseln\" >\r\n                            <h4>Turks &#038; Caicos-Inseln                                                         <\/h4>\r\n                            <span class=\"toggler-icon\"><\/span>\r\n                        <\/div>\r\n                        <div class=\"toggler-item-content\" id=\"toggler-item-content-turks-caicos-inseln\" >\r\n                                                            <div class=\"toggler-item-content-inner\">\r\n                                    <ul class=\"line-list full-link\">\n<li><a href=\"https:\/\/www.bordier.com\/de\/legal-and-compliance\/turks-and-caicos-legal-and-compliance-data-protection\/\">Data Protection<\/a><\/li>\n<li><a href=\"https:\/\/www.bordier.com\/de\/legal-and-compliance\/turks-and-caicos\/disclaimer\/\">Disclaimer<\/a><\/li>\n<\/ul>\n                                <\/div>\r\n                                                    <\/div>\r\n                    <\/div>\r\n                                    <div class=\"toggler-list-item  type-default\" id=\"toggler-list-item-uruguay\" >\r\n                        \r\n                        <div class=\"toggler-item-top\" id=\"toggler-item-top-uruguay\" >\r\n                            <h4>Uruguay                                                        <\/h4>\r\n                            <span class=\"toggler-icon\"><\/span>\r\n                        <\/div>\r\n                        <div class=\"toggler-item-content\" id=\"toggler-item-content-uruguay\" >\r\n                                                            <div class=\"toggler-item-content-inner\">\r\n                                    <ul class=\"line-list full-link\">\n<li><a href=\"https:\/\/www.bordier.com\/de\/legal-and-compliance\/uruguay\/data-protection\/\">Data Protection<\/a><\/li>\n<li><a href=\"https:\/\/www.bordier.com\/de\/legal-and-compliance\/uruguay\/disclaimer\/\">Disclaimer<\/a><\/li>\n<\/ul>\n                                <\/div>\r\n                                                    <\/div>\r\n                    <\/div>\r\n                            <\/div>\r\n            <\/div>\r\n<\/section><\/div><\/div>\n\n\n\n<div class=\"wp-block-cover right-text\" style=\"min-height:10vw;aspect-ratio:unset;\"><img alt=\"\" fetchpriority=\"high\" decoding=\"async\" width=\"1440\" height=\"510\" class=\"wp-block-cover__image-background wp-image-3246\" alt=\"\" src=\"https:\/\/www.bordier.com\/wp-content\/uploads\/2024\/07\/Rectangle-165-1.jpg\" data-object-fit=\"cover\" srcset=\"https:\/\/www.bordier.com\/wp-content\/uploads\/2024\/07\/Rectangle-165-1.jpg 1440w, https:\/\/www.bordier.com\/wp-content\/uploads\/2024\/07\/Rectangle-165-1-300x106.jpg 300w, https:\/\/www.bordier.com\/wp-content\/uploads\/2024\/07\/Rectangle-165-1-1024x363.jpg 1024w, https:\/\/www.bordier.com\/wp-content\/uploads\/2024\/07\/Rectangle-165-1-768x272.jpg 768w\" sizes=\"(max-width: 1440px) 100vw, 1440px\" \/><span aria-hidden=\"true\" class=\"wp-block-cover__background has-black-background-color has-background-dim-20 has-background-dim\"><\/span><div class=\"wp-block-cover__inner-container is-layout-constrained wp-block-cover-is-layout-constrained\">\n<div class=\"wp-block-group\"><div class=\"wp-block-group__inner-container is-layout-constrained wp-block-group-is-layout-constrained\">\n<h4 class=\"wp-block-heading has-text-align-left has-large-font-size\">Kontaktieren Sie unser Team<\/h4>\n\n\n\n<p class=\"has-small-font-size\">F\u00fcr uns stehen Sie immer im Mittelpunkt. Uns verbinden gemeinsame Interessen. Kontaktieren Sie uns gleich heute per E-Mail.<\/p>\n\n\n\n<div class=\"wp-block-buttons is-layout-flex wp-block-buttons-is-layout-flex\">\n<div class=\"wp-block-button is-style-fill blured\"><a class=\"wp-block-button__link wp-element-button\" href=\"https:\/\/www.bordier.com\/de\/kontaktieren-sie-uns\/\"><strong>KONTAKT<\/strong><\/a><\/div>\n<\/div>\n<\/div><\/div>\n<\/div><\/div>\n","protected":false},"excerpt":{"rendered":"","protected":false},"author":1,"featured_media":0,"parent":0,"menu_order":100,"comment_status":"closed","ping_status":"closed","template":"","meta":{"_acf_changed":false,"_seopress_robots_primary_cat":"","_seopress_titles_title":"","_seopress_titles_desc":"","_seopress_robots_index":"","footnotes":""},"class_list":["post-11154","page","type-page","status-publish","hentry"],"acf":[],"_links":{"self":[{"href":"https:\/\/www.bordier.com\/de\/wp-json\/wp\/v2\/pages\/11154","targetHints":{"allow":["GET"]}}],"collection":[{"href":"https:\/\/www.bordier.com\/de\/wp-json\/wp\/v2\/pages"}],"about":[{"href":"https:\/\/www.bordier.com\/de\/wp-json\/wp\/v2\/types\/page"}],"author":[{"embeddable":true,"href":"https:\/\/www.bordier.com\/de\/wp-json\/wp\/v2\/users\/1"}],"replies":[{"embeddable":true,"href":"https:\/\/www.bordier.com\/de\/wp-json\/wp\/v2\/comments?post=11154"}],"version-history":[{"count":5,"href":"https:\/\/www.bordier.com\/de\/wp-json\/wp\/v2\/pages\/11154\/revisions"}],"predecessor-version":[{"id":28354,"href":"https:\/\/www.bordier.com\/de\/wp-json\/wp\/v2\/pages\/11154\/revisions\/28354"}],"wp:attachment":[{"href":"https:\/\/www.bordier.com\/de\/wp-json\/wp\/v2\/media?parent=11154"}],"curies":[{"name":"wp","href":"https:\/\/api.w.org\/{rel}","templated":true}]}}