{"id":11177,"date":"2024-07-08T08:43:17","date_gmt":"2024-07-08T07:43:17","guid":{"rendered":"https:\/\/staging.bordier.com\/kollaborationen\/"},"modified":"2025-12-18T13:39:21","modified_gmt":"2025-12-18T12:39:21","slug":"kollaborationen","status":"publish","type":"page","link":"https:\/\/www.bordier.com\/de\/kollaborationen\/","title":{"rendered":"Partnerschaft"},"content":{"rendered":"\n<section id=\"section-block_c0d3d25edb4d6af73c23adb1056085b8\" class=\"page-hero-outer type-default\">\n    <div class=\"holder\">\n        <div class=\"page-hero-content\">\n            <div class=\"acf-innerblocks-container\">\n\n<h6 class=\"wp-block-heading\">Partnerschaft<\/h6>\n\n\n\n<h1 class=\"wp-block-heading text-indent-m mobile-no-indent\"><em>Wissensaustausch<\/em> ist f\u00fcr uns <em>entscheidend<\/em><\/h1>\n\n<\/div>        <\/div>\n    <\/div>\n        <figure class=\"page-hero-bg\">\n        <img decoding=\"async\" \n            src=\"https:\/\/www.bordier.com\/wp-content\/uploads\/2024\/08\/bordier-collaboration-hero.jpg\" \n            srcset=\"https:\/\/www.bordier.com\/wp-content\/uploads\/2024\/08\/bordier-collaboration-hero.jpg 1440w, https:\/\/www.bordier.com\/wp-content\/uploads\/2024\/08\/bordier-collaboration-hero-300x160.jpg 300w, https:\/\/www.bordier.com\/wp-content\/uploads\/2024\/08\/bordier-collaboration-hero-1024x546.jpg 1024w, https:\/\/www.bordier.com\/wp-content\/uploads\/2024\/08\/bordier-collaboration-hero-768x410.jpg 768w\"\n            alt=\"\"\n        >\n    <\/figure>\n    <\/section>\n\n\n<div class=\"wp-block-group wrapper-s\"><div class=\"wp-block-group__inner-container is-layout-constrained wp-block-group-is-layout-constrained\">\n<p>Wir sind Verm\u00f6gensverwalter und wissen daher, dass Private Banking mehr bedeutet als Finanzprodukte und Rendite. Wir arbeiten mit unabh\u00e4ngigen Verm\u00f6gensverwaltern und ihren Kunden, Finanzinstituten und Gesch\u00e4ftspartnern zusammen, die ihre spezifische Expertise f\u00fcr viele Branchen wie Recht, Rechnungslegung, Steuern, Fintech oder Kunst mit uns teilen.<\/p>\n<\/div><\/div>\n\n\n\n<div id=\"external-asset-managers\" class=\"wp-block-group wrapper-m background-light spacing-vertical-s\"><div class=\"wp-block-group__inner-container is-layout-constrained wp-block-group-is-layout-constrained\">\n<h3 class=\"wp-block-heading\">Unabh\u00e4ngige <em>Verm\u00f6gensverwalter<\/em><\/h3>\n\n\n\n<div class=\"wp-block-group wrapper-s spacing-bottom-m\"><div class=\"wp-block-group__inner-container is-layout-constrained wp-block-group-is-layout-constrained\">\n<hr class=\"wp-block-separator has-alpha-channel-opacity spacing-vertical-s\"\/>\n\n\n\n<h4 class=\"wp-block-heading\">Wir bauen wertvolle langfristige <em>Partnerschaften<\/em> auf, die von gegenseitigem <em>Respekt<\/em> und <em>Vertrauen<\/em> gepr\u00e4gt sind.<\/h4>\n\n\n\n<p>Mit unserer Reaktivit\u00e4t, Kollegialit\u00e4t und unserem Unternehmergeist k\u00f6nnen wir unsere Serviceleistungen an den Anforderungen Ihres Unternehmens ausrichten. Wir stellen Ihnen alle Tools und Supportleistungen zur Verf\u00fcgung, die Sie f\u00fcr langfristige und erfolgreiche Beziehungen zu Ihren Kunden ben\u00f6tigen.<\/p>\n\n\n\n<p>Seit Generationen suchen wir unsere Partner sorgf\u00e4ltig aus und haben erfolgreich wertvolle langfristige Partnerschaften basierend auf gegenseitigem Respekt und Vertrauen aufgebaut.<\/p>\n<\/div><\/div>\n\n\n\n<h3 class=\"wp-block-heading\">Strategische <em>Zusammenarbeit<\/em><\/h3>\n\n\n\n<div class=\"wp-block-group wrapper-s spacing-vertical-s\"><div class=\"wp-block-group__inner-container is-layout-constrained wp-block-group-is-layout-constrained\">\n<hr class=\"wp-block-separator has-alpha-channel-opacity spacing-vertical-s\"\/>\n\n\n\n<h4 class=\"wp-block-heading\">Wir arbeiten eng mit <em>Finanzinstituten<\/em> zusammen, um ihre Onshore-Serviceleistungen f\u00fcr <em>Privatkunden<\/em> anzupassen.<\/h4>\n\n\n\n<p>Gemeinsam entwickeln wir eine strategische Roadmap, die Sie mit Ihrem Team umsetzen k\u00f6nnen.<\/p>\n\n\n\n<p>Wir bieten Finanzinstituten unsere Expertise und unsere Beratungsleistungen an, damit sie ihre Private Banking-Anforderungen optimieren k\u00f6nnen. Vom Angebot passender L\u00f6sungen f\u00fcr Service-Modelle bis hin zum Aufbau einer ganz neuen Private Wealth-Abteilung \u2013 wir sind der richtige langfristige Partner f\u00fcr Sie.<\/p>\n\n\n\r\n<section id=\"section-block_38a5e860ed195ed67ec91c779cdd9994\" class=\"custom-video-outer aligncenter\">\r\n\r\n    \r\n    <figure class=\"custom-video\">\r\n\r\n        <div class=\"video-popup-holder\">\r\n            <div class=\"video-holder\">\r\n                <video loop playsinline>\r\n                    <source src=\"https:\/\/player.vimeo.com\/progressive_redirect\/playback\/1147593303\/rendition\/1080p\/file.mp4%20%281080p%29.mp4?loc=external&#038;log_user=0&#038;signature=fd7baca3e63a48e797250d3d1096b11d4484ce2a6d05e668954b15a81cf424c6\" type=\"video\/mp4\">\r\n                    Dieses Video-Element wird von Ihrem Browser nicht unterst\u00fctzt.                <\/video>\r\n                <div class=\"video-controls\">\r\n\r\n                    <div class=\"exit-button\">\r\n                        <svg class=\"icon-close\">\r\n                            <use xlink:href=\"https:\/\/www.bordier.com\/wp-content\/themes\/bordier-wp\/assets\/img\/icons.svg#icon-close\"><\/use>\r\n                        <\/svg>\r\n                    <\/div>\r\n    \r\n                    <div class=\"play-button\">\r\n    \r\n                        <div class=\"play-icon\" data-status=\"play\">\r\n                            <svg class=\"icon-play\">\r\n                                <use xlink:href=\"https:\/\/www.bordier.com\/wp-content\/themes\/bordier-wp\/assets\/img\/icons.svg#icon-play\"><\/use>\r\n                            <\/svg>\r\n                        <\/div>\r\n    \r\n                        <div class=\"play-icon\" data-status=\"pause\">\r\n                            <svg class=\"icon-pause\">\r\n                                <use xlink:href=\"https:\/\/www.bordier.com\/wp-content\/themes\/bordier-wp\/assets\/img\/icons.svg#icon-pause\"><\/use>\r\n                            <\/svg>\r\n                        <\/div>\r\n    \r\n                    <\/div>\r\n\r\n                    <div class=\"bottom-controls\">\r\n\r\n                        <span class=\"video-length\"><\/span>\r\n                        \r\n                        <div class=\"progress-bar\"> \r\n                            <div class=\"time-bar\"><\/div>\r\n                            <input class=\"vimeovideo-progress-seek\" type=\"range\" min=\"0\" max=\"100\" step=\"0.1\" value=\"0\" data-vimeovideo=\"seek\">\r\n                            <progress class=\"vimeovideo-progress-played\" max=\"100\" value=\"0\" role=\"presentation\"><\/progress>\r\n                        <\/div>\r\n\r\n                        <div class=\"left-side\">\r\n                            <div class=\"small-play-button\">\r\n\r\n                                <svg class=\"icon-play\">\r\n                                    <use xlink:href=\"https:\/\/www.bordier.com\/wp-content\/themes\/bordier-wp\/assets\/img\/icons.svg#icon-play\"><\/use>\r\n                                <\/svg>\r\n\r\n                                <svg class=\"icon-pause\">\r\n                                    <use xlink:href=\"https:\/\/www.bordier.com\/wp-content\/themes\/bordier-wp\/assets\/img\/icons.svg#icon-pause\"><\/use>\r\n                                <\/svg>\r\n\r\n                            <\/div>\r\n                        <\/div>\r\n\r\n                        <div class=\"right-side\">\r\n\r\n                            <div class=\"volume-control\">\r\n            \r\n                                <div class=\"mute-icon\" data-status=\"muted\">\r\n                                    <svg class=\"icon-mute\">\r\n                                        <use xlink:href=\"https:\/\/www.bordier.com\/wp-content\/themes\/bordier-wp\/assets\/img\/icons.svg#icon-mute\"><\/use>\r\n                                    <\/svg>\r\n                                <\/div>\r\n                                <div class=\"mute-icon\" data-status=\"unmuted\">\r\n                                    <svg class=\"icon-unmute\">\r\n                                        <use xlink:href=\"https:\/\/www.bordier.com\/wp-content\/themes\/bordier-wp\/assets\/img\/icons.svg#icon-unmute\"><\/use>\r\n                                    <\/svg>\r\n                                <\/div>\r\n            \r\n                            <\/div>\r\n\r\n                            <div class=\"expand\">\r\n                                <svg class=\"icon-expand\">\r\n                                    <use xlink:href=\"https:\/\/www.bordier.com\/wp-content\/themes\/bordier-wp\/assets\/img\/icons.svg#icon-expand\"><\/use>\r\n                                <\/svg>\r\n\r\n                                <svg class=\"icon-collapse\">\r\n                                    <use xlink:href=\"https:\/\/www.bordier.com\/wp-content\/themes\/bordier-wp\/assets\/img\/icons.svg#icon-collapse\"><\/use>\r\n                                <\/svg>\r\n                            <\/div>\r\n\r\n                        <\/div>\r\n\r\n                    <\/div>\r\n    \r\n                <\/div>\r\n            <\/div>\r\n        <\/div>\r\n\r\n    \r\n        <div class=\"video-controls\">\r\n\r\n            <div class=\"play-button\">\r\n\r\n                <div class=\"play-icon\" data-status=\"play\">\r\n                    <svg class=\"icon-play\">\r\n                        <use xlink:href=\"https:\/\/www.bordier.com\/wp-content\/themes\/bordier-wp\/assets\/img\/icons.svg#icon-play\"><\/use>\r\n                    <\/svg>\r\n                <\/div>\r\n\r\n                <div class=\"play-icon\" data-status=\"pause\">\r\n                    <svg class=\"icon-pause\">\r\n                        <use xlink:href=\"https:\/\/www.bordier.com\/wp-content\/themes\/bordier-wp\/assets\/img\/icons.svg#icon-pause\"><\/use>\r\n                    <\/svg>\r\n                <\/div>\r\n\r\n            <\/div>\r\n\r\n        <\/div>\r\n\r\n\r\n                    <figure class=\"video-cover\">\r\n                <img decoding=\"async\" src=\"https:\/\/www.bordier.com\/wp-content\/uploads\/2025\/02\/Evrard-Bordier-fr-1.jpg\" alt=\"Video Cover\">\r\n            <\/figure>\r\n        \r\n    <\/figure>\r\n\r\n    <\/section>\r\n\r\n<h4 class=\"wp-block-heading custom-video-caption has-medium-font-size animated in-view\"><p>Die Originalversion dieses Videos wurde in Englisch produziert und mithilfe von KI-Tools angepasst. Im Falle von Abweichungen zwischen den verschiedenen Sprachversionen ist ausschlie\u00dflich die englische Version ma\u00dfgeblich.<\/p>\n<\/h4>\r\n\r\n<\/div><\/div>\n\n\n\n<h3 class=\"wp-block-heading\"><em>Gesch\u00e4ftspartner<\/em><\/h3>\n\n\n\n<div class=\"wp-block-group wrapper-s spacing-vertical-s\"><div class=\"wp-block-group__inner-container is-layout-constrained wp-block-group-is-layout-constrained\">\n<hr class=\"wp-block-separator has-alpha-channel-opacity spacing-vertical-s\"\/>\n\n\n\n<h4 class=\"wp-block-heading\">Dank unseres Boutique-Stils k\u00f6nnen wir besonders <em>effizient<\/em> auf <em>Ihre<\/em> und die Anforderungen Ihrer <em>Kunden<\/em> eingehen.<\/h4>\n\n\n\n<p>Ihre Anliegen und Ziele verstehen wir besser, da wir die Eigent\u00fcmer unserer Bank sind und sie aktiv leiten \u2013 wie ein Unternehmen.<\/p>\n<\/div><\/div>\n<\/div><\/div>\n\n\n\n<div class=\"wp-block-cover right-text\" style=\"min-height:10vw;aspect-ratio:unset;\"><img alt=\"\" fetchpriority=\"high\" decoding=\"async\" width=\"2560\" height=\"907\" class=\"wp-block-cover__image-background wp-image-5549\" alt=\"\" src=\"https:\/\/www.bordier.com\/wp-content\/uploads\/2024\/10\/Rectangle-scaled.jpg\" data-object-fit=\"cover\" srcset=\"https:\/\/www.bordier.com\/wp-content\/uploads\/2024\/10\/Rectangle-scaled.jpg 2560w, https:\/\/www.bordier.com\/wp-content\/uploads\/2024\/10\/Rectangle-300x106.jpg 300w, https:\/\/www.bordier.com\/wp-content\/uploads\/2024\/10\/Rectangle-1024x363.jpg 1024w, https:\/\/www.bordier.com\/wp-content\/uploads\/2024\/10\/Rectangle-768x272.jpg 768w, https:\/\/www.bordier.com\/wp-content\/uploads\/2024\/10\/Rectangle-1536x544.jpg 1536w, https:\/\/www.bordier.com\/wp-content\/uploads\/2024\/10\/Rectangle-2048x726.jpg 2048w\" sizes=\"(max-width: 2560px) 100vw, 2560px\" \/><span aria-hidden=\"true\" class=\"wp-block-cover__background has-black-background-color has-background-dim-20 has-background-dim\"><\/span><div class=\"wp-block-cover__inner-container is-layout-constrained wp-block-cover-is-layout-constrained\">\n<div class=\"wp-block-group\"><div class=\"wp-block-group__inner-container is-layout-constrained wp-block-group-is-layout-constrained\">\n<h4 class=\"wp-block-heading has-text-align-left has-large-font-size\">Herzlich willkommen <br>bei Bordier<\/h4>\n\n\n\n<p class=\"has-small-font-size\">E-Mail an Bordier.<\/p>\n\n\n\n<div class=\"wp-block-buttons is-layout-flex wp-block-buttons-is-layout-flex\">\n<div class=\"wp-block-button is-style-fill blured\"><a class=\"wp-block-button__link wp-element-button\" href=\"https:\/\/www.bordier.com\/de\/kontaktieren-sie-uns\/\"><strong>KONTAKT<\/strong><\/a><\/div>\n<\/div>\n<\/div><\/div>\n<\/div><\/div>\n","protected":false},"excerpt":{"rendered":"<p>Wir sind Verm\u00f6gensverwalter und wissen daher, dass Private Banking mehr bedeutet als Finanzprodukte und Rendite. &#8230;<\/p>\n","protected":false},"author":1,"featured_media":0,"parent":0,"menu_order":70,"comment_status":"closed","ping_status":"closed","template":"","meta":{"_acf_changed":false,"_seopress_robots_primary_cat":"","_seopress_titles_title":"","_seopress_titles_desc":"","_seopress_robots_index":"","footnotes":""},"class_list":["post-11177","page","type-page","status-publish","hentry"],"acf":[],"_links":{"self":[{"href":"https:\/\/www.bordier.com\/de\/wp-json\/wp\/v2\/pages\/11177","targetHints":{"allow":["GET"]}}],"collection":[{"href":"https:\/\/www.bordier.com\/de\/wp-json\/wp\/v2\/pages"}],"about":[{"href":"https:\/\/www.bordier.com\/de\/wp-json\/wp\/v2\/types\/page"}],"author":[{"embeddable":true,"href":"https:\/\/www.bordier.com\/de\/wp-json\/wp\/v2\/users\/1"}],"replies":[{"embeddable":true,"href":"https:\/\/www.bordier.com\/de\/wp-json\/wp\/v2\/comments?post=11177"}],"version-history":[{"count":1,"href":"https:\/\/www.bordier.com\/de\/wp-json\/wp\/v2\/pages\/11177\/revisions"}],"predecessor-version":[{"id":26849,"href":"https:\/\/www.bordier.com\/de\/wp-json\/wp\/v2\/pages\/11177\/revisions\/26849"}],"wp:attachment":[{"href":"https:\/\/www.bordier.com\/de\/wp-json\/wp\/v2\/media?parent=11177"}],"curies":[{"name":"wp","href":"https:\/\/api.w.org\/{rel}","templated":true}]}}