{"id":11181,"date":"2024-07-08T08:45:20","date_gmt":"2024-07-08T08:45:20","guid":{"rendered":"https:\/\/staging.bordier.com\/rechtliche-informationen\/"},"modified":"2024-11-25T11:46:20","modified_gmt":"2024-11-25T11:46:20","slug":"rechtliche-informationen","status":"publish","type":"page","link":"https:\/\/www.bordier.com\/de\/rechtliche-informationen\/","title":{"rendered":"Rechtliche Informationen"},"content":{"rendered":"\n<section id=\"section-block_7647e322b841de9ff5b702b5c44db6db\" class=\"page-hero-outer headline-left-m type-simple\">\n    <div class=\"holder\">\n        <div class=\"page-hero-content\">\n            <div class=\"acf-innerblocks-container\">\n\n<h6 class=\"wp-block-heading\">Legal<\/h6>\n\n\n\n<h1 class=\"wp-block-heading text-indent-m\">Rechtliches<br\/><em><strong>Informationen<\/strong><\/em><\/h1>\n\n<\/div>        <\/div>\n    <\/div>\n    <\/section>\n<div class=\"wp-block-group background-light\"><div class=\"wp-block-group__inner-container is-layout-constrained wp-block-group-is-layout-constrained\">\n<section id=\"section-block_45adba8783d692bec01472a5ba6eb98b\" class=\"aside-toggler-outer\">\n    <div class=\"holder\">\n        <div class=\"toggler-headlines\">\n            <ul>\n                <li class=\"disabled\">Inhalt<\/li>\n            <\/ul>\n        <\/div>\n        <div class=\"text-holder post-entry\">\n            <h3>Rechtliche Informationen zum Unternehmen<\/h3>\n<p>  Sie befinden sich auf der Website von Bordier &amp; Cie France SA. Diese Website ist Eigentum der von der AMF zugelassenen Verwaltungsgesellschaft Bordier &amp; Cie (France) SA (Zulassungsnummer GP05000028 vom 26. Juli 2005), die im Handelsregister und im Gesellschaftsregister von PARIS unter der Nummer B432 527 455 eingetragen ist und deren Hauptsitz sich in 1 rue Fran\u00e7ois 1er 75008 PARIS befindet.  <\/p>\n<h3>Zweck der Website: Information<\/h3>\n<p>  Die Website von Bordier &amp; Cie France SA ist eine reine Informationsseite, deren Ziel es ist, die Portfoliomanagement-Aktivit\u00e4ten von Bordier &amp; Cie France SA sowie die wichtigsten Merkmale ihrer AIFs und Dienstleistungen vorzustellen. Die auf der Website ver\u00f6ffentlichten Informationen, Nachrichten, Analysen, Daten und Kurse sowie die eventuellen Ratschl\u00e4ge werden ausschlie\u00dflich zu Informationszwecken bereitgestellt und sind nicht vertraglich bindend. Sie stellen weder ein Kauf- oder Verkaufsangebot, noch eine Finanzberatung oder eine Verpflichtung seitens Bordier &amp; Cie (France) SA dar. Sie werden auch nicht zum Zweck der Durchf\u00fchrung von Transaktionen bereitgestellt. Ganz allgemein stellen die auf der Website \u00f6ffentlich zug\u00e4nglichen B\u00f6rseninformationen weder direkt noch indirekt eine Aufforderung zum Kauf oder ein Angebot von Wertpapieren dar, egal in welchem Land. Bordier &amp; Cie (France) SA kann nicht f\u00fcr den Inhalt, die Nutzung oder die direkten oder indirekten Folgen der Nutzung, der Informationen und der auf dieser Website ver\u00f6ffentlichten Analysen verantwortlich gemacht werden. Bordier &amp; Cie lehnt daher jede ausdr\u00fcckliche oder stillschweigende Haftung f\u00fcr die Richtigkeit oder Vollst\u00e4ndigkeit der auf der Website verf\u00fcgbaren oder \u00fcber Hypertext-Links mit ihr verbundenen Informationen oder f\u00fcr den kommerziellen Wert dieser Informationen ab. Um Ihnen die Navigation zu erleichtern, bieten wir auf dieser Website Hypertext-Links zu Internet-Sites an, die von Unternehmen der Bordier &amp; Cie Gruppe oder von Dritten betrieben werden. Die Nutzung dieser Links bedeutet, dass Sie unsere Website verlassen. Wir k\u00f6nnen in keiner Weise f\u00fcr den Inhalt oder die Funktionalit\u00e4t der Websites garantieren, zu denen von unserer Website aus Hypertext-Links eingerichtet werden; solche Links k\u00f6nnen in keiner Weise die Haftung von Bordier &amp; Cie (France) SA \u00fcbernehmen.           <\/p>\n<h3>Leistung<\/h3>\n<p>  Die auf dieser Website berichteten Leistungen der Vergangenheit sind kein Hinweis auf k\u00fcnftige Leistungen und sind im Laufe der Zeit nicht konstant. Bordier &amp; Cie (France) SA empfiehlt ausdr\u00fccklich, keine Entscheidung auf der Grundlage dieser Informationen zu treffen, bevor Sie diese nicht \u00fcberpr\u00fcft haben. Es wird darauf hingewiesen, dass Sie in jedem Fall die alleinige Verantwortung f\u00fcr die Verwendung dieser Informationen tragen.   <\/p>\n<h3>Eingeschr\u00e4nkter Zugang<\/h3>\n<p>  Der Zugang zu den auf der Website vorgestellten Produkten und Dienstleistungen kann f\u00fcr bestimmte Personen oder L\u00e4nder Beschr\u00e4nkungen unterliegen, insbesondere f\u00fcr Anleger aus den Vereinigten Staaten und dem Vereinigten K\u00f6nigreich, die einer besonderen Gesetzgebung unterworfen sind. Dar\u00fcber hinaus k\u00f6nnen die auf dieser Website vorgestellten Produkte und Dienstleistungen nur in Rechtsordnungen gezeichnet werden, in denen ihre Vermarktung und Werbung erlaubt ist. Bordier &amp; Cie (France) SA r\u00e4t jeder interessierten Person, sich zun\u00e4chst zu vergewissern, dass sie rechtlich befugt ist, die auf der Website vorgestellten Produkte und\/oder Dienstleistungen zu abonnieren. Bordier &amp; Cie (France) SA kann gegen\u00fcber niemandem f\u00fcr Verluste, Sch\u00e4den, Kosten oder Ausgaben jeglicher Art (insbesondere entgangener Gewinn oder Nutzungsausfall, direkte oder indirekte Sch\u00e4den, Neben- oder Folgesch\u00e4den) verantwortlich gemacht werden, die sich aus Fehlern, Auslassungen oder \u00c4nderungen in den Informationen ergeben, die per E-Mail oder auf dem Server erhalten wurden oder \u00fcber Hypertext-Links mit dem Server verbunden sind, oder f\u00fcr Verluste, die sich aus dem Zugriff auf die Website von Bordier &amp; Cie (France) SA oder durch elektronische Post oder ein anderes System ergeben, \u00fcber das die Informationen \u00fcbertragen werden.     <\/p>\n<h3>Eigentum der Website, Copyright und Marken<\/h3>\n<p>  Der gesamte Inhalt der Website Bordier &amp; Cie (France) SA ist urheberrechtlich gesch\u00fctzt, alle Rechte vorbehalten. Das (vollst\u00e4ndige oder teilweise) Reproduzieren, \u00dcbermitteln (elektronisch oder mit anderen Mitteln), Modifizieren, Verkn\u00fcpfen oder Benutzen der Website von Bordier &amp; Cie (France) SA f\u00fcr \u00f6ffentliche oder kommerzielle Zwecke ist untersagt. Sie d\u00fcrfen jedoch Seiten und\/oder Teile der Website von Bordier &amp; Cie (France) SA f\u00fcr rein pers\u00f6nliche Zwecke herunterladen oder ausdrucken, sofern Sie keine Urheberrechtsvermerke oder andere Hinweise auf geistige Eigentumsrechte entfernen. Cookies und Tracking: Die Nutzer der Website erkl\u00e4ren sich damit einverstanden, dass Bordier &amp; Cie (France) SA beim Zugriff auf die Website und bei der Nutzung der Website Informationen \u00fcber die Zugriffsh\u00e4ufigkeit, die durchgef\u00fchrten Vorg\u00e4nge und die abgerufenen Informationen sammelt.     <\/p>\n<h3>Hyperlinks und Viren<\/h3>\n<p>  Bordier &amp; Cie (France) SA kontrolliert oder garantiert nicht die Einrichtung von Links zu anderen Websites au\u00dferhalb von Bordier &amp; Cie (France) SA und den Inhalt dieser Websites. Folglich akzeptieren Sie, dass Ihre Entscheidung, \u00fcber einen Hyperlink auf eine andere Website zuzugreifen, in Ihrer alleinigen Verantwortung liegt. Sie m\u00fcssen die notwendigen Vorsichtsma\u00dfnahmen ergreifen, um sicherzustellen, dass die von Ihnen gew\u00e4hlte Website keine Viren oder andere b\u00f6sartige Elemente enth\u00e4lt.    <\/p>\n<h3>Entlastung von der Verantwortung<\/h3>\n<p>  In keinem Fall, auch nicht bei Fahrl\u00e4ssigkeit, haftet Bordier &amp; Cie (France) SA f\u00fcr besondere oder indirekte Sch\u00e4den, die sich aus dem Zugang oder der Nutzung bzw. der Unm\u00f6glichkeit des Zugangs oder der Nutzung der Daten auf der Website ergeben.  <\/p>\n<h3>Geltendes Recht<\/h3>\n<p>  Diese Website unterliegt dem franz\u00f6sischen Recht. Jede Klage im Zusammenhang mit dieser Website muss bei den franz\u00f6sischen Gerichten eingereicht werden. <\/p>\n            <div class=\"acf-innerblocks-container\"><\/div>        <\/div>\n    <\/div>\n<\/section><\/div><\/div>\n\n<div class=\"wp-block-cover right-text\" style=\"min-height:10vw;aspect-ratio:unset;\"><span aria-hidden=\"true\" class=\"wp-block-cover__background has-black-background-color has-background-dim-20 has-background-dim\"><\/span><img alt=\"\" fetchpriority=\"high\" decoding=\"async\" width=\"1440\" height=\"510\" class=\"wp-block-cover__image-background wp-image-3246\" alt=\"\" src=\"https:\/\/www.bordier.com\/wp-content\/uploads\/2024\/07\/Rectangle-165-1.jpg\" data-object-fit=\"cover\" srcset=\"https:\/\/www.bordier.com\/wp-content\/uploads\/2024\/07\/Rectangle-165-1.jpg 1440w, https:\/\/www.bordier.com\/wp-content\/uploads\/2024\/07\/Rectangle-165-1-300x106.jpg 300w, https:\/\/www.bordier.com\/wp-content\/uploads\/2024\/07\/Rectangle-165-1-1024x363.jpg 1024w, https:\/\/www.bordier.com\/wp-content\/uploads\/2024\/07\/Rectangle-165-1-768x272.jpg 768w\" sizes=\"(max-width: 1440px) 100vw, 1440px\" \/><div class=\"wp-block-cover__inner-container is-layout-constrained wp-block-cover-is-layout-constrained\">\n<div class=\"wp-block-group\"><div class=\"wp-block-group__inner-container is-layout-constrained wp-block-group-is-layout-constrained\">\n<h4 class=\"wp-block-heading has-text-align-left has-large-font-size\">Nehmen Sie Kontakt mit <em>unserem Team<\/em> auf<\/h4>\n\n\n\n<p class=\"has-small-font-size\">Unser Ausgangspunkt sind immer Sie, denn Ihre Interessen sind auch unsere, die wir sch\u00fctzen m\u00fcssen. Kontaktieren Sie uns noch heute per E-Mail oder WhatsApp. <\/p>\n\n\n\n<div class=\"wp-block-buttons is-layout-flex wp-block-buttons-is-layout-flex\">\n<div class=\"wp-block-button is-style-fill blured\"><a class=\"wp-block-button__link wp-element-button\" href=\"https:\/\/www.bordier.com\/de\/kontaktieren-sie-uns\/\"><strong>KONTAKT<\/strong><\/a><\/div>\n<\/div>\n<\/div><\/div>\n<\/div><\/div>\n","protected":false},"excerpt":{"rendered":"","protected":false},"author":1,"featured_media":0,"parent":0,"menu_order":120,"comment_status":"closed","ping_status":"closed","template":"","meta":{"_acf_changed":false,"_seopress_robots_primary_cat":"","_seopress_titles_title":"","_seopress_titles_desc":"","_seopress_robots_index":"","_seopress_analysis_target_kw":"","footnotes":""},"class_list":["post-11181","page","type-page","status-publish","hentry"],"acf":[],"_links":{"self":[{"href":"https:\/\/www.bordier.com\/de\/wp-json\/wp\/v2\/pages\/11181","targetHints":{"allow":["GET"]}}],"collection":[{"href":"https:\/\/www.bordier.com\/de\/wp-json\/wp\/v2\/pages"}],"about":[{"href":"https:\/\/www.bordier.com\/de\/wp-json\/wp\/v2\/types\/page"}],"author":[{"embeddable":true,"href":"https:\/\/www.bordier.com\/de\/wp-json\/wp\/v2\/users\/1"}],"replies":[{"embeddable":true,"href":"https:\/\/www.bordier.com\/de\/wp-json\/wp\/v2\/comments?post=11181"}],"version-history":[{"count":0,"href":"https:\/\/www.bordier.com\/de\/wp-json\/wp\/v2\/pages\/11181\/revisions"}],"wp:attachment":[{"href":"https:\/\/www.bordier.com\/de\/wp-json\/wp\/v2\/media?parent=11181"}],"curies":[{"name":"wp","href":"https:\/\/api.w.org\/{rel}","templated":true}]}}