{"id":11186,"date":"2024-10-02T12:22:44","date_gmt":"2024-10-02T11:22:44","guid":{"rendered":"https:\/\/staging.bordier.com\/bordier-newsletter-sommer-2024\/"},"modified":"2026-04-20T10:32:42","modified_gmt":"2026-04-20T09:32:42","slug":"bordier-newsletter-sommer-2024","status":"publish","type":"page","link":"https:\/\/www.bordier.com\/de\/bordier-newsletter-sommer-2024\/","title":{"rendered":"Bordier Newsletter Sommer 2024"},"content":{"rendered":"\n<section id=\"section-block_e56dd54d238669145dac651e31cf7ee7\" class=\"page-hero-outer type-simple\">\n    <div class=\"holder\">\n        <div class=\"page-hero-content\">\n            <div class=\"acf-innerblocks-container\">\n\n<h1 class=\"wp-block-heading\">Bordier Newsletter Sommer 2024<\/h1>\n\n<\/div>        <\/div>\n    <\/div>\n    <\/section>\n<div class=\"wp-block-group spacing-vertical-0 wrapper-m\"><div class=\"wp-block-group__inner-container is-layout-constrained wp-block-group-is-layout-constrained\">\n<div class=\"wp-block-columns gap-large is-layout-flex wp-container-core-columns-is-layout-9d6595d7 wp-block-columns-is-layout-flex\">\n<div class=\"wp-block-column is-layout-flow wp-block-column-is-layout-flow\" style=\"flex-basis:75%\">\n<p>Wir freuen uns, Ihnen den neuen Newsletter der Bordier Gruppe vorstellen zu k\u00f6nnen. Ziel dieses neuen Kommunikationsinstruments ist es, Verbindungen innerhalb der Gruppe zu schaffen, Interaktionen zu f\u00f6rdern und die gegenseitige Kenntnis der Initiativen der einzelnen B\u00fcros zu verbessern. Der Beitrag der einzelnen B\u00fcros war von unsch\u00e4tzbarem Wert, und wir danken ihnen daf\u00fcr. Dank dieser synergetischen Teamarbeit k\u00f6nnen wir Sie nun \u00fcber die Initiativen, die wichtigsten Erfolge, die Veranstaltungen f\u00fcr Kunden, Interessenten und Mitarbeiter, die neuen Ver\u00f6ffentlichungen und die neuen Projekte informieren, die den ersten Teil des Jahres 2024 innerhalb der Bordier-Gruppe gepr\u00e4gt haben.   <\/p>\n\n\n\n<p>Wir w\u00fcnschen Ihnen eine angenehme Lekt\u00fcre!<\/p>\n<\/div>\n\n\n\n<div class=\"wp-block-column is-layout-flow wp-block-column-is-layout-flow\"><\/div>\n<\/div>\n<\/div><\/div>\n\n<div class=\"wp-block-group spacing-top-s\"><div class=\"wp-block-group__inner-container is-layout-constrained wp-block-group-is-layout-constrained\">\n<section id=\"section-block_313e1de79e9572bdcb1f4cfa60267fd9\" class=\"post-grid-outer\">\n    <div class=\"holder\">\n                    <div class=\"post-grid\">\n                                    <article>\n                        <figure>\n                            <a href=\"https:\/\/www.bordier.com\/de\/newsletter\/geneva\/\" class=\"load-post\" data-post-id=\"4857\">\n                                <img fetchpriority=\"high\" decoding=\"async\" width=\"1200\" height=\"800\" src=\"https:\/\/www.bordier.com\/wp-content\/uploads\/2024\/09\/Banque-Bordier-Sebastian-Baez-15-1.webp\" class=\"attachment-post-thumbnail size-post-thumbnail wp-post-image\" alt=\"\" srcset=\"https:\/\/www.bordier.com\/wp-content\/uploads\/2024\/09\/Banque-Bordier-Sebastian-Baez-15-1.webp 1200w, https:\/\/www.bordier.com\/wp-content\/uploads\/2024\/09\/Banque-Bordier-Sebastian-Baez-15-1-300x200.webp 300w, https:\/\/www.bordier.com\/wp-content\/uploads\/2024\/09\/Banque-Bordier-Sebastian-Baez-15-1-1024x683.webp 1024w, https:\/\/www.bordier.com\/wp-content\/uploads\/2024\/09\/Banque-Bordier-Sebastian-Baez-15-1-768x512.webp 768w\" sizes=\"(max-width: 1200px) 100vw, 1200px\" \/>                            <\/a>\n                        <\/figure>\n                        <hgroup>\n                            <h4>\n                                <a href=\"https:\/\/www.bordier.com\/de\/newsletter\/geneva\/\" class=\"load-post\" data-post-id=\"4857\">\n                                                                    Newsletter Bordier Geneva                                                                <\/a>\n                            <\/h4>\n                        <\/hgroup>\n                    <\/article>\n                                    <article>\n                        <figure>\n                            <a href=\"https:\/\/www.bordier.com\/de\/newsletter\/nyon\/\" class=\"load-post\" data-post-id=\"4860\">\n                                <img decoding=\"async\" width=\"601\" height=\"402\" src=\"https:\/\/www.bordier.com\/wp-content\/uploads\/2024\/09\/Nyon-office.webp\" class=\"attachment-post-thumbnail size-post-thumbnail wp-post-image\" alt=\"\" srcset=\"https:\/\/www.bordier.com\/wp-content\/uploads\/2024\/09\/Nyon-office.webp 601w, https:\/\/www.bordier.com\/wp-content\/uploads\/2024\/09\/Nyon-office-300x201.webp 300w\" sizes=\"(max-width: 601px) 100vw, 601px\" \/>                            <\/a>\n                        <\/figure>\n                        <hgroup>\n                            <h4>\n                                <a href=\"https:\/\/www.bordier.com\/de\/newsletter\/nyon\/\" class=\"load-post\" data-post-id=\"4860\">\n                                                                    Newsletter Bordier Nyon                                                                 <\/a>\n                            <\/h4>\n                        <\/hgroup>\n                    <\/article>\n                                    <article>\n                        <figure>\n                            <a href=\"https:\/\/www.bordier.com\/de\/newsletter\/bern\/\" class=\"load-post\" data-post-id=\"4901\">\n                                <img decoding=\"async\" width=\"425\" height=\"566\" src=\"https:\/\/www.bordier.com\/wp-content\/uploads\/2024\/09\/berne_summer24-2.webp\" class=\"attachment-post-thumbnail size-post-thumbnail wp-post-image\" alt=\"\" srcset=\"https:\/\/www.bordier.com\/wp-content\/uploads\/2024\/09\/berne_summer24-2.webp 425w, https:\/\/www.bordier.com\/wp-content\/uploads\/2024\/09\/berne_summer24-2-225x300.webp 225w\" sizes=\"(max-width: 425px) 100vw, 425px\" \/>                            <\/a>\n                        <\/figure>\n                        <hgroup>\n                            <h4>\n                                <a href=\"https:\/\/www.bordier.com\/de\/newsletter\/bern\/\" class=\"load-post\" data-post-id=\"4901\">\n                                                                    Newsletter Bordier Bern                                                                 <\/a>\n                            <\/h4>\n                        <\/hgroup>\n                    <\/article>\n                                    <article>\n                        <figure>\n                            <a href=\"https:\/\/www.bordier.com\/de\/newsletter\/zurich\/\" class=\"load-post\" data-post-id=\"4904\">\n                                <img loading=\"lazy\" decoding=\"async\" width=\"800\" height=\"500\" src=\"https:\/\/www.bordier.com\/wp-content\/uploads\/2024\/09\/Zurich-1.webp\" class=\"attachment-post-thumbnail size-post-thumbnail wp-post-image\" alt=\"\" srcset=\"https:\/\/www.bordier.com\/wp-content\/uploads\/2024\/09\/Zurich-1.webp 800w, https:\/\/www.bordier.com\/wp-content\/uploads\/2024\/09\/Zurich-1-300x188.webp 300w, https:\/\/www.bordier.com\/wp-content\/uploads\/2024\/09\/Zurich-1-768x480.webp 768w\" sizes=\"(max-width: 800px) 100vw, 800px\" \/>                            <\/a>\n                        <\/figure>\n                        <hgroup>\n                            <h4>\n                                <a href=\"https:\/\/www.bordier.com\/de\/newsletter\/zurich\/\" class=\"load-post\" data-post-id=\"4904\">\n                                                                    Newsletter Bordier Zurich                                                                 <\/a>\n                            <\/h4>\n                        <\/hgroup>\n                    <\/article>\n                                    <article>\n                        <figure>\n                            <a href=\"https:\/\/www.bordier.com\/de\/newsletter\/paris\/\" class=\"load-post\" data-post-id=\"4907\">\n                                <img loading=\"lazy\" decoding=\"async\" width=\"800\" height=\"500\" src=\"https:\/\/www.bordier.com\/wp-content\/uploads\/2024\/09\/Paris.webp\" class=\"attachment-post-thumbnail size-post-thumbnail wp-post-image\" alt=\"\" srcset=\"https:\/\/www.bordier.com\/wp-content\/uploads\/2024\/09\/Paris.webp 800w, https:\/\/www.bordier.com\/wp-content\/uploads\/2024\/09\/Paris-300x188.webp 300w, https:\/\/www.bordier.com\/wp-content\/uploads\/2024\/09\/Paris-768x480.webp 768w\" sizes=\"(max-width: 800px) 100vw, 800px\" \/>                            <\/a>\n                        <\/figure>\n                        <hgroup>\n                            <h4>\n                                <a href=\"https:\/\/www.bordier.com\/de\/newsletter\/paris\/\" class=\"load-post\" data-post-id=\"4907\">\n                                                                    Newsletter Bordier Paris                                                                 <\/a>\n                            <\/h4>\n                        <\/hgroup>\n                    <\/article>\n                                    <article>\n                        <figure>\n                            <a href=\"https:\/\/www.bordier.com\/de\/newsletter\/uk\/\" class=\"load-post\" data-post-id=\"4910\">\n                                <img loading=\"lazy\" decoding=\"async\" width=\"850\" height=\"567\" src=\"https:\/\/www.bordier.com\/wp-content\/uploads\/2024\/09\/WealthBriefing-Awards-2024-1.webp\" class=\"attachment-post-thumbnail size-post-thumbnail wp-post-image\" alt=\"\" srcset=\"https:\/\/www.bordier.com\/wp-content\/uploads\/2024\/09\/WealthBriefing-Awards-2024-1.webp 850w, https:\/\/www.bordier.com\/wp-content\/uploads\/2024\/09\/WealthBriefing-Awards-2024-1-300x200.webp 300w, https:\/\/www.bordier.com\/wp-content\/uploads\/2024\/09\/WealthBriefing-Awards-2024-1-768x512.webp 768w\" sizes=\"(max-width: 850px) 100vw, 850px\" \/>                            <\/a>\n                        <\/figure>\n                        <hgroup>\n                            <h4>\n                                <a href=\"https:\/\/www.bordier.com\/de\/newsletter\/uk\/\" class=\"load-post\" data-post-id=\"4910\">\n                                                                    Newsletter Bordier UK                                                                <\/a>\n                            <\/h4>\n                        <\/hgroup>\n                    <\/article>\n                                    <article>\n                        <figure>\n                            <a href=\"https:\/\/www.bordier.com\/de\/newsletter\/singapore\/\" class=\"load-post\" data-post-id=\"4913\">\n                                <img loading=\"lazy\" decoding=\"async\" width=\"800\" height=\"533\" src=\"https:\/\/www.bordier.com\/wp-content\/uploads\/2024\/09\/WBA_AwardsNight2024_226.webp\" class=\"attachment-post-thumbnail size-post-thumbnail wp-post-image\" alt=\"\" srcset=\"https:\/\/www.bordier.com\/wp-content\/uploads\/2024\/09\/WBA_AwardsNight2024_226.webp 800w, https:\/\/www.bordier.com\/wp-content\/uploads\/2024\/09\/WBA_AwardsNight2024_226-300x200.webp 300w, https:\/\/www.bordier.com\/wp-content\/uploads\/2024\/09\/WBA_AwardsNight2024_226-768x512.webp 768w\" sizes=\"(max-width: 800px) 100vw, 800px\" \/>                            <\/a>\n                        <\/figure>\n                        <hgroup>\n                            <h4>\n                                <a href=\"https:\/\/www.bordier.com\/de\/newsletter\/singapore\/\" class=\"load-post\" data-post-id=\"4913\">\n                                                                    Newsletter Bordier Singapore                                                                <\/a>\n                            <\/h4>\n                        <\/hgroup>\n                    <\/article>\n                                    <article>\n                        <figure>\n                            <a href=\"https:\/\/www.bordier.com\/de\/newsletter\/uruguay\/\" class=\"load-post\" data-post-id=\"4916\">\n                                <img loading=\"lazy\" decoding=\"async\" width=\"816\" height=\"604\" src=\"https:\/\/www.bordier.com\/wp-content\/uploads\/2024\/09\/Raphael-Domjan_Punta-del-Este-4.webp\" class=\"attachment-post-thumbnail size-post-thumbnail wp-post-image\" alt=\"\" srcset=\"https:\/\/www.bordier.com\/wp-content\/uploads\/2024\/09\/Raphael-Domjan_Punta-del-Este-4.webp 816w, https:\/\/www.bordier.com\/wp-content\/uploads\/2024\/09\/Raphael-Domjan_Punta-del-Este-4-300x222.webp 300w, https:\/\/www.bordier.com\/wp-content\/uploads\/2024\/09\/Raphael-Domjan_Punta-del-Este-4-768x568.webp 768w\" sizes=\"(max-width: 816px) 100vw, 816px\" \/>                            <\/a>\n                        <\/figure>\n                        <hgroup>\n                            <h4>\n                                <a href=\"https:\/\/www.bordier.com\/de\/newsletter\/uruguay\/\" class=\"load-post\" data-post-id=\"4916\">\n                                                                    Newsletter Bordier Uruguay                                                                 <\/a>\n                            <\/h4>\n                        <\/hgroup>\n                    <\/article>\n                                    <article>\n                        <figure>\n                            <a href=\"https:\/\/www.bordier.com\/de\/newsletter\/turks-caicos\/\" class=\"load-post\" data-post-id=\"4919\">\n                                <img loading=\"lazy\" decoding=\"async\" width=\"2560\" height=\"1540\" src=\"https:\/\/www.bordier.com\/wp-content\/uploads\/2024\/09\/Conference-1-1.webp\" class=\"attachment-post-thumbnail size-post-thumbnail wp-post-image\" alt=\"\" srcset=\"https:\/\/www.bordier.com\/wp-content\/uploads\/2024\/09\/Conference-1-1.webp 2560w, https:\/\/www.bordier.com\/wp-content\/uploads\/2024\/09\/Conference-1-1-300x180.webp 300w, https:\/\/www.bordier.com\/wp-content\/uploads\/2024\/09\/Conference-1-1-1024x616.webp 1024w, https:\/\/www.bordier.com\/wp-content\/uploads\/2024\/09\/Conference-1-1-768x462.webp 768w, https:\/\/www.bordier.com\/wp-content\/uploads\/2024\/09\/Conference-1-1-1536x924.webp 1536w, https:\/\/www.bordier.com\/wp-content\/uploads\/2024\/09\/Conference-1-1-2048x1232.webp 2048w\" sizes=\"(max-width: 2560px) 100vw, 2560px\" \/>                            <\/a>\n                        <\/figure>\n                        <hgroup>\n                            <h4>\n                                <a href=\"https:\/\/www.bordier.com\/de\/newsletter\/turks-caicos\/\" class=\"load-post\" data-post-id=\"4919\">\n                                                                    Newsletter Bordier Turks &#038; Caicos                                                                 <\/a>\n                            <\/h4>\n                        <\/hgroup>\n                    <\/article>\n                            <\/div>\n        \n            <\/div>\n    <!-- Overlay Container -->\n    <div id=\"post-overlay\" class=\"post-overlay\">\n        <div class=\"post-overlay-content\">\n            <button class=\"close-post-overlay close-post-overlay-trigger\">CloseSchlie\u00dfen<\/button>\n            <div id=\"overlay-content\"><\/div>\n        <\/div>\n        <div class=\"post-overlay-bgr close-post-overlay-trigger\"><\/div>\n    <\/div>\n<\/section><\/div><\/div>\n","protected":false},"excerpt":{"rendered":"<p>Wir freuen uns, Ihnen den neuen Newsletter der Bordier Gruppe vorstellen zu k\u00f6nnen. Ziel dieses &#8230;<\/p>\n","protected":false},"author":1,"featured_media":0,"parent":0,"menu_order":200,"comment_status":"closed","ping_status":"closed","template":"","meta":{"_acf_changed":false,"_seopress_robots_primary_cat":"","_seopress_titles_title":"","_seopress_titles_desc":"","_seopress_robots_index":"yes","footnotes":""},"class_list":["post-11186","page","type-page","status-publish","hentry"],"acf":[],"_links":{"self":[{"href":"https:\/\/www.bordier.com\/de\/wp-json\/wp\/v2\/pages\/11186","targetHints":{"allow":["GET"]}}],"collection":[{"href":"https:\/\/www.bordier.com\/de\/wp-json\/wp\/v2\/pages"}],"about":[{"href":"https:\/\/www.bordier.com\/de\/wp-json\/wp\/v2\/types\/page"}],"author":[{"embeddable":true,"href":"https:\/\/www.bordier.com\/de\/wp-json\/wp\/v2\/users\/1"}],"replies":[{"embeddable":true,"href":"https:\/\/www.bordier.com\/de\/wp-json\/wp\/v2\/comments?post=11186"}],"version-history":[{"count":1,"href":"https:\/\/www.bordier.com\/de\/wp-json\/wp\/v2\/pages\/11186\/revisions"}],"predecessor-version":[{"id":29076,"href":"https:\/\/www.bordier.com\/de\/wp-json\/wp\/v2\/pages\/11186\/revisions\/29076"}],"wp:attachment":[{"href":"https:\/\/www.bordier.com\/de\/wp-json\/wp\/v2\/media?parent=11186"}],"curies":[{"name":"wp","href":"https:\/\/api.w.org\/{rel}","templated":true}]}}