{"id":13546,"date":"2025-01-22T08:09:01","date_gmt":"2025-01-22T08:09:01","guid":{"rendered":"https:\/\/staging.bordier.com\/?page_id=13546"},"modified":"2025-01-22T08:09:01","modified_gmt":"2025-01-22T08:09:01","slug":"uber-uns","status":"publish","type":"page","link":"https:\/\/www.bordier.com\/de\/uber-uns\/","title":{"rendered":"\u00dcber uns"},"content":{"rendered":"\n<section id=\"section-block_9d00b86d0003e904f37d74cca1543ff0\" class=\"page-hero-outer type-default\">\n    <div class=\"holder\">\n        <div class=\"page-hero-content\">\n            <div class=\"acf-innerblocks-container\">\n\n<h6 class=\"wp-block-heading\">Bordier<\/h6>\n\n\n\n<h1 class=\"wp-block-heading text-indent-s mobile-no-indent\">Ein<strong>auf<\/strong> Familie <em>und<\/em><br\/><strong>ausgerichtetes<em>Unternehmen<\/em><\/strong><\/h1>\n\n<\/div>        <\/div>\n    <\/div>\n        <figure class=\"page-hero-bg\">\n        <img decoding=\"async\" \n            src=\"https:\/\/www.bordier.com\/wp-content\/uploads\/2024\/08\/Hero-image-about.jpg\" \n            srcset=\"https:\/\/www.bordier.com\/wp-content\/uploads\/2024\/08\/Hero-image-about.jpg 1440w, https:\/\/www.bordier.com\/wp-content\/uploads\/2024\/08\/Hero-image-about-300x160.jpg 300w, https:\/\/www.bordier.com\/wp-content\/uploads\/2024\/08\/Hero-image-about-1024x546.jpg 1024w, https:\/\/www.bordier.com\/wp-content\/uploads\/2024\/08\/Hero-image-about-768x410.jpg 768w\"\n            alt=\"\"\n        >\n    <\/figure>\n    <\/section>\n<div class=\"wp-block-group wrapper-s background-light\"><div class=\"wp-block-group__inner-container is-layout-constrained wp-block-group-is-layout-constrained\">\n<h3 class=\"wp-block-heading\">Wir sind eine Familien-Privatbank <em>, die sich<\/em> f\u00fcr Privatkunden und deren Familien auf der ganzen <em>Welt<\/em> <em>einsetzt<\/em>.  <\/h3>\n<\/div><\/div>\n\n<div class=\"wp-block-group\"><div class=\"wp-block-group__inner-container is-layout-constrained wp-block-group-is-layout-constrained\">\n<h2 class=\"wp-block-heading text-indent-s\"><strong>Unsere <em>Geschichte<\/em><\/strong><\/h2>\n\n\n\n<div class=\"wp-block-group wrapper-s spacing-vertical-s\"><div class=\"wp-block-group__inner-container is-layout-constrained wp-block-group-is-layout-constrained\">\n<h4 class=\"wp-block-heading\">Geld kann stressig sein. Vor allem, wenn so viele <em>wichtige Faktoren nicht in Ihrer Hand liegen<\/em>. <\/h4>\n\n\n\n<p class=\"text-indent-s\">Seit den Anf\u00e4ngen im Jahr 1844 haben wir erlebt, wie M\u00e4rkte zusammenbrachen, Kriege Verw\u00fcstung anrichteten und Institutionen, ja sogar L\u00e4nder, pleite gingen. Wir haben das nicht erlebt, weil wir wussten, was kommen w\u00fcrde. Die M\u00e4rkte werden immer steigen, und sie werden sicherlich auch fallen.  <\/p>\n\n\n\n<p class=\"text-indent-s\">Anstatt sich auf eine Achterbahnfahrt einzulassen, ziehen wir die vorhersehbare Leistung der Geduld vor.<\/p>\n\n\n\n<p class=\"text-indent-s\">Wahrer Erfolg wird im Laufe der Zeit aufgebaut, mit mehreren Verm\u00f6genswerten, mehreren W\u00e4hrungen, \u00fcber mehrere Jahrzehnte.<\/p>\n\n\n\n<p class=\"text-indent-s\">Es h\u00f6rt sich komisch an, aber unsere Kunden sch\u00e4tzen uns gerade dann am meisten, wenn die M\u00e4rkte einbrechen. Indem wir die Hochs und Tiefs gl\u00e4tten, gl\u00e4tten wir Ihren Stresspegel. <\/p>\n<\/div><\/div>\n<\/div><\/div>\n\n<div class=\"wp-block-group\"><div class=\"wp-block-group__inner-container is-layout-constrained wp-block-group-is-layout-constrained\">\n<h3 class=\"wp-block-heading text-indent-m\"><strong>Unsere <em>Werte<\/em><\/strong><\/h3>\n\n\n\n<hr class=\"wp-block-separator has-alpha-channel-opacity\"\/>\n\n\n\n<section id=\"section-block_91637017856a8850aa4c7d1ee6dbf0a1\" class=\"listing-video-outer\">\n    <div class=\"holder\">\n        <div class=\"columns-holder\">\n            <div class=\"enum\">\n                                    <div class=\"enum-item\">\n                                                    <h6>Verantwortung<\/h6>\n                        \n                        <article>\n                                                            <h3>Pers\u00f6nliche Haftung<\/h3>\n                                                                                        <p>Da wir unser eigenes Kapital anlegen, haften wir als Privatbankiers pers\u00f6nlich. Wir gehen also weder mit unserem noch mit Ihrem Geld ein Risiko ein. <\/p>\n                                                    <\/article>\n                    <\/div>\n                                    <div class=\"enum-item\">\n                                                    <h6>Unabh\u00e4ngigkeit<\/h6>\n                        \n                        <article>\n                                                            <h3>Konto-F\u00e4higkeit<\/h3>\n                                                                                        <p>Unsere absolute Unabh\u00e4ngigkeit bedeutet, dass wir weder Aktion\u00e4ren noch Analysten gegen\u00fcber Rechenschaft ablegen m\u00fcssen. Nur der n\u00e4chsten Generation. <\/p>\n                                                    <\/article>\n                    <\/div>\n                                    <div class=\"enum-item\">\n                                                    <h6>Verl\u00e4sslichkeit<\/h6>\n                        \n                        <article>\n                                                            <h3>Profitabilit\u00e4t<\/h3>\n                                                                                        <p>Bordier, die weltweit f\u00fchrende Schweizer Privatbank, ist seit 1844 profitabel.<\/p>\n                                                    <\/article>\n                    <\/div>\n                            <\/div>\n            <figure class=\"media-holder\">\n                <div class=\"acf-innerblocks-container\"><\/div>            <\/figure>\n        <\/div>\n    <\/div>\n<\/section>\n<\/div><\/div>\n\n<section id=\"section-block_2fb2dd935ad9042d463a27e8ea3c63df\" class=\"marquee-list-outer\">\n    <div class=\"holder\">\n\n        <div class=\"marquee-text\">\n            <h4>Bordier<\/h4>\n            <h4><em>Bordier<\/em><\/h4>\n            <h4>Bordier<\/h4>\n            <h4><em>Bordier<\/em><\/h4>\n            <h4>Bordier<\/h4>\n            <h4><em>Bordier<\/em><\/h4>\n            <h4>Bordier<\/h4>\n            <h4><em>Bordier<\/em><\/h4>\n            <h4>Bordier<\/h4>\n            <h4><em>Bordier<\/em><\/h4>\n            <h4>Bordier<\/h4>\n            <h4><em>Bordier<\/em><\/h4>\n            <h4>Bordier<\/h4>\n            <h4><em>Bordier<\/em><\/h4>\n            <h4>Bordier<\/h4>\n            <h4><em>Bordier<\/em><\/h4>\n        <\/div>\n\n                    <div class=\"image-holder\">\n                <figure>\n                    <div class=\"main-image\">\n                    <img decoding=\"async\" \n                        src=\"https:\/\/www.bordier.com\/wp-content\/uploads\/2024\/08\/image-864-1.jpg\" \n                        srcset=\"https:\/\/www.bordier.com\/wp-content\/uploads\/2024\/08\/image-864-1.jpg 668w, https:\/\/www.bordier.com\/wp-content\/uploads\/2024\/08\/image-864-1-300x156.jpg 300w\"\n                        alt=\"\"\n                    >\n                                        <figcaption>\n                        <p>Ami Bordier, Gr\u00fcnder von Bordier &#038; Cie, Gesellschafter der ersten Stunde.<\/p>\n                    <\/figcaption>\n                                        <\/div>\n                                            <div class=\"inner-image\">\n                            <img decoding=\"async\" \n                                src=\"https:\/\/www.bordier.com\/wp-content\/uploads\/2024\/08\/family.jpg\" \n                                srcset=\"\"\n                                alt=\"\"\n                            >\n                                                        <figcaption>\n                                <p>Ami Bordier mit seinen sechzehn Enkeln.<\/p>\n                            <\/figcaption>\n                                                    <\/div>\n                                    <\/figure>\n            <\/div>\n        \n        \n    <\/div>\n<\/section>\n\n<div id=\"rare-responsibility\" class=\"wp-block-group wrapper-m\"><div class=\"wp-block-group__inner-container is-layout-constrained wp-block-group-is-layout-constrained\">\n<h2 class=\"wp-block-heading text-indent-s tablet-no-indent\">Eine seltene<br\/><strong><em>Verantwortung<\/em><\/strong><\/h2>\n\n\n\n<div class=\"wp-block-columns gap-large is-layout-flex wp-container-core-columns-is-layout-9d6595d7 wp-block-columns-is-layout-flex\">\n<div class=\"wp-block-column is-layout-flow wp-block-column-is-layout-flow\" style=\"flex-basis:33.33%\">\n<figure class=\"wp-block-image size-full\"><img alt=\"\" fetchpriority=\"high\" decoding=\"async\" width=\"644\" height=\"918\" src=\"https:\/\/www.bordier.com\/wp-content\/uploads\/2024\/11\/Rectangle-160.jpg\" alt=\"\" class=\"wp-image-12123\" srcset=\"https:\/\/www.bordier.com\/wp-content\/uploads\/2024\/11\/Rectangle-160.jpg 644w, https:\/\/www.bordier.com\/wp-content\/uploads\/2024\/11\/Rectangle-160-210x300.jpg 210w\" sizes=\"(max-width: 644px) 100vw, 644px\" \/><\/figure>\n<\/div>\n\n\n\n<div class=\"wp-block-column is-layout-flow wp-block-column-is-layout-flow\" style=\"flex-basis:66.66%\">\n<p>Viele Finanzinstitute bieten Private-Banking-Dienstleistungen an, aber nur 5 ausgew\u00e4hlte Banken k\u00f6nnen wirklich als &#8218;Private Bankers <sup>TM<\/sup>&#8218; bezeichnet werden.<\/p>\n\n\n\n<p>Dieser von der <a href=\"https:\/\/www.swissprivatebankers.ch\/en\" data-type=\"link\" data-id=\"https:\/\/www.swissprivatebankers.ch\/en\" target=\"_blank\" rel=\"noreferrer noopener\">Schweizerischen Vereinigung der Privatbankiers<\/a> gebilligte und genehmigte Begriff darf nur verwendet werden, wenn die Partner uneingeschr\u00e4nkt f\u00fcr alle von der Bank eingegangenen Verpflichtungen haften.<\/p>\n\n\n\n<p>Das bedeutet, dass unsere Partner pers\u00f6nlich f\u00fcr Ihre Investitionen haften.  <\/p>\n\n\n\n<p>Bordier ist heute der gr\u00f6\u00dfte Schweizer Privatbankier.<\/p>\n\n\n\n<p>Als Teil einer langen, jahrhundertealten Bankentradition hat sie ein unvergleichliches Know-how in Sachen verantwortungsbewusstes Investieren und Geldverwaltung aufgebaut.<\/p>\n<\/div>\n<\/div>\n<\/div><\/div>\n\n<figure class=\"wp-block-image size-full full-size-img\"><img alt=\"\" decoding=\"async\" width=\"2160\" height=\"1191\" src=\"https:\/\/www.bordier.com\/wp-content\/uploads\/2024\/07\/about-image-2.jpg\" alt=\"\" class=\"wp-image-186\" srcset=\"https:\/\/www.bordier.com\/wp-content\/uploads\/2024\/07\/about-image-2.jpg 2160w, https:\/\/www.bordier.com\/wp-content\/uploads\/2024\/07\/about-image-2-300x165.jpg 300w, https:\/\/www.bordier.com\/wp-content\/uploads\/2024\/07\/about-image-2-1024x565.jpg 1024w, https:\/\/www.bordier.com\/wp-content\/uploads\/2024\/07\/about-image-2-768x423.jpg 768w, https:\/\/www.bordier.com\/wp-content\/uploads\/2024\/07\/about-image-2-1536x847.jpg 1536w, https:\/\/www.bordier.com\/wp-content\/uploads\/2024\/07\/about-image-2-2048x1129.jpg 2048w\" sizes=\"(max-width: 2160px) 100vw, 2160px\" \/><\/figure>\n\n<div class=\"wp-block-group boxed narrow offset-top-m\"><div class=\"wp-block-group__inner-container is-layout-constrained wp-block-group-is-layout-constrained\">\n<div class=\"wp-block-group wrapper-m\"><div class=\"wp-block-group__inner-container is-layout-constrained wp-block-group-is-layout-constrained\">\n<h6 class=\"wp-block-heading text-indent-s\"><strong>Partner<\/strong><\/h6>\n\n\n\n<h2 class=\"wp-block-heading text-indent-m mobile-no-indent\">Unsere Interessen<br\/><em><strong>im Einklang mit Ihren<\/strong><\/em><\/h2>\n\n\n\n<div class=\"wp-block-group wrapper-xs\"><div class=\"wp-block-group__inner-container is-layout-constrained wp-block-group-is-layout-constrained\">\n<p>Mit unbeschr\u00e4nkter pers\u00f6nlicher Haftung investieren wir unser eigenes Kapital<br\/>in die gleichen Anlagen, die wir Ihnen empfehlen.<\/p>\n\n\n\n<p>Die Dinge, die Sie erreichen wollen, werden von einer Bank besser verstanden, deren Partner das Unternehmen besitzen und aktiv leiten. Wir legen gro\u00dfen Wert auf gegenseitigen Respekt, menschliche Verbundenheit und sinnvolles Handeln. Das ist der Grund, warum unsere Beziehungen lange andauern.  <\/p>\n<\/div><\/div>\n<\/div><\/div>\n<\/div><\/div>\n\n<section id=\"section-block_d8dafcba62cd14db4e36bbbb4243c6aa\" class=\"people-list-outer  background-light type-default\">\n    <div class=\"holder\">\n                    <div class=\"people-list\">\n                                    <div class=\"people-list-item\">\n                        <div class=\"media-holder custom-video-outer\">\n                                                        <img decoding=\"async\" src=\"https:\/\/www.bordier.com\/wp-content\/uploads\/2024\/11\/photo3-Gregoire--scaled.jpg\" alt=\"\" \/>\n                                                <\/div>\n                        <hgroup>\n                            <h3>Gr\u00e9goire <em>Bordier<\/em><\/h3>\n                                                            <p>Gesch\u00e4ftsf\u00fchrender Gesellschafter<\/p>\n                                                                                <\/hgroup>\n                    <\/div>\n                                    <div class=\"people-list-item\">\n                        <div class=\"media-holder custom-video-outer\">\n                                                        <img decoding=\"async\" src=\"https:\/\/www.bordier.com\/wp-content\/uploads\/2024\/11\/photo1-Evrard--scaled.jpg\" alt=\"\" \/>\n                                                <\/div>\n                        <hgroup>\n                            <h3>Evrard <em>Bordier<\/em><\/h3>\n                                                            <p>Gesch\u00e4ftsf\u00fchrender Gesellschafter<\/p>\n                                                                                <\/hgroup>\n                    <\/div>\n                                    <div class=\"people-list-item\">\n                        <div class=\"media-holder custom-video-outer\">\n                                                        <img decoding=\"async\" src=\"https:\/\/www.bordier.com\/wp-content\/uploads\/2024\/11\/photo2-SKANNILD--scaled.jpg\" alt=\"\" \/>\n                                                <\/div>\n                        <hgroup>\n                            <h3>Christian <em>Skaanild<\/em><\/h3>\n                                                            <p>Gesch\u00e4ftsf\u00fchrender Gesellschafter<\/p>\n                                                                                <\/hgroup>\n                    <\/div>\n                            <\/div>\n            <\/div>\n<\/section>\n<section id=\"section-block_7db8ef01002f591c6ae0e10bf8a67438\" class=\"people-list-outer alternative reversed-order type-default\">\n    <div class=\"holder\">\n                    <div class=\"people-list\">\n                                    <div class=\"people-list-item\">\n                        <div class=\"media-holder custom-video-outer\">\n                                                        <img decoding=\"async\" src=\"https:\/\/www.bordier.com\/wp-content\/uploads\/2024\/11\/photo5-patrice-scaled.jpg\" alt=\"\" \/>\n                                                <\/div>\n                        <hgroup>\n                            <h3>Patrice <em>Lagnaux<\/em><\/h3>\n                                                            <p>Kommanditist<\/p>\n                                                                                <\/hgroup>\n                    <\/div>\n                                    <div class=\"people-list-item\">\n                        <div class=\"media-holder custom-video-outer\">\n                                                        <img decoding=\"async\" src=\"https:\/\/www.bordier.com\/wp-content\/uploads\/2024\/11\/photo4-Alessandro-scaled.jpg\" alt=\"\" \/>\n                                                <\/div>\n                        <hgroup>\n                            <h3>Alessandro <em>Caldana<\/em><\/h3>\n                                                            <p>Kommanditist<\/p>\n                                                                                <\/hgroup>\n                    <\/div>\n                            <\/div>\n            <\/div>\n<\/section>\n<div class=\"wp-block-group background-light\"><div class=\"wp-block-group__inner-container is-layout-constrained wp-block-group-is-layout-constrained\">\n<h2 class=\"wp-block-heading has-text-align-center\">Echter Erfolg<br\/><em>hat Bestand<\/em><\/h2>\n\n\n\n<div class=\"wp-block-group wrapper-m\"><div class=\"wp-block-group__inner-container is-layout-constrained wp-block-group-is-layout-constrained\">\n<h4 class=\"wp-block-heading\">Unsere <br\/>Ergebnisse sind einfach, best\u00e4ndig und nachhaltig und umfassen zwei Jahrhunderte.<\/h4>\n\n\n\n<ul class=\"wp-block-list line-list text-indent-m wrapper-m\">\n<li>Der weltweit f\u00fchrende Schweizer Privatbankier<\/li>\n\n\n\n<li>Im Besitz und unter der Leitung der f\u00fcnften Generation unserer Firmengr\u00fcnder<\/li>\n\n\n\n<li>Immer noch unabh\u00e4ngig und in Privatbesitz<\/li>\n<\/ul>\n\n\n\n<h4 class=\"wp-block-heading\">Die Bordier Gruppe plant ein stetiges <br\/>Wachstum und langfristige Stabilit\u00e4t.<\/h4>\n\n\n\n<ul class=\"wp-block-list line-list text-indent-m wrapper-m\">\n<li>Unsere harte Kernkapitalquote (Common Equity Tier 1, CET1) von \u00fcber 35% ist etwa dreimal so hoch wie die regulatorischen Anforderungen.<\/li>\n\n\n\n<li>Liquidit\u00e4tsquote zwischen 4 &#8211; 15 x h\u00f6her als erforderlich<\/li>\n\n\n\n<li>Best\u00e4ndiger Gewinn und Wachstum seit 18 Jahrzehnten<\/li>\n<\/ul>\n<\/div><\/div>\n<\/div><\/div>\n\n<section id=\"section-block_b11016e03826dd7b9add6f765d6eda76\" class=\"locations-outer\">\n    <div class=\"holder\">\n\n        <hgroup>\n            <div class=\"acf-innerblocks-container\">\n\n<h2 class=\"wp-block-heading\">Know-how, das keine <em>Grenzen<\/em> kennt<\/h2>\n\n<\/div>        <\/hgroup>\n\n                    <span class=\"bgr-text\">\n                Unsere<br> <em>B\u00fcros<\/em>            <\/span>\n        \n        <div class=\"image-text-holder\">\n\n            \n            <div class=\"custom-video-outer location-video\">\n                <figure class=\"custom-video\">\n                    <video autoplay loop muted playsinline>\n                        <source src=\"https:\/\/player.vimeo.com\/progressive_redirect\/playback\/1030636801\/rendition\/540p\/file.mp4?loc=external&#038;signature=af17f36620b68c8584583c516ca19f122fb82de85116797008e7175ef4b0369d\" type=\"video\/mp4\">\n                        Dieses Video-Element wird von Ihrem Browser nicht unterst\u00fctzt.                    <\/video>\n                    \n                <\/figure>\n\n            <\/div>\n\n            \n            <div class=\"locations\">\n                                <a href=\"\/locations\/france\/\" class=\"single-location\">\n                    <h4 data-text=\"Frankreich\" class=\"active\"><span>Frankreich<\/span><\/h4>\n                <\/a>\n                                <a href=\"\/locations\/singapore\/\" class=\"single-location\">\n                    <h4 data-text=\"Singapur\" class=\"\"><span>Singapur<\/span><\/h4>\n                <\/a>\n                                <a href=\"\/locations\/switzerland\/\" class=\"single-location\">\n                    <h4 data-text=\"Schweiz\" class=\"\"><span>Schweiz<\/span><\/h4>\n                <\/a>\n                                <a href=\"\/locations\/uruguay\/\" class=\"single-location\">\n                    <h4 data-text=\"Uruguay\" class=\"\"><span>Uruguay<\/span><\/h4>\n                <\/a>\n                                <a href=\"\/locations\/united-kingdom\/\" class=\"single-location\">\n                    <h4 data-text=\"Vereinigtes K\u00f6nigreich\" class=\"\"><span>Vereinigtes K\u00f6nigreich<\/span><\/h4>\n                <\/a>\n                                <a href=\"\/locations\/turks-caicos\/\" class=\"single-location\">\n                    <h4 data-text=\"Turks &amp; Caicos\" class=\"\"><span>Turks &amp; Caicos<\/span><\/h4>\n                <\/a>\n                            <\/div>\n\n        <\/div>\n    <\/div>\n<\/section>\n\n\n<div class=\"wp-block-cover right-text\" style=\"min-height:10vw;aspect-ratio:unset;\"><span aria-hidden=\"true\" class=\"wp-block-cover__background has-black-background-color has-background-dim-20 has-background-dim\"><\/span><img alt=\"\" decoding=\"async\" width=\"2560\" height=\"907\" class=\"wp-block-cover__image-background wp-image-5549\" alt=\"\" src=\"https:\/\/www.bordier.com\/wp-content\/uploads\/2024\/10\/Rectangle-scaled.jpg\" data-object-fit=\"cover\" srcset=\"https:\/\/www.bordier.com\/wp-content\/uploads\/2024\/10\/Rectangle-scaled.jpg 2560w, https:\/\/www.bordier.com\/wp-content\/uploads\/2024\/10\/Rectangle-300x106.jpg 300w, https:\/\/www.bordier.com\/wp-content\/uploads\/2024\/10\/Rectangle-1024x363.jpg 1024w, https:\/\/www.bordier.com\/wp-content\/uploads\/2024\/10\/Rectangle-768x272.jpg 768w, https:\/\/www.bordier.com\/wp-content\/uploads\/2024\/10\/Rectangle-1536x544.jpg 1536w, https:\/\/www.bordier.com\/wp-content\/uploads\/2024\/10\/Rectangle-2048x726.jpg 2048w\" sizes=\"(max-width: 2560px) 100vw, 2560px\" \/><div class=\"wp-block-cover__inner-container is-layout-constrained wp-block-cover-is-layout-constrained\">\n<div class=\"wp-block-group\"><div class=\"wp-block-group__inner-container is-layout-constrained wp-block-group-is-layout-constrained\">\n<h4 class=\"wp-block-heading has-text-align-left has-large-font-size\">Willkommen in der <em>Familie<\/em><\/h4>\n\n\n\n<p class=\"has-small-font-size\">Kontaktieren Sie uns, um Ihre Geschichte zu erz\u00e4hlen.<\/p>\n\n\n\n<div class=\"wp-block-buttons is-layout-flex wp-block-buttons-is-layout-flex\">\n<div class=\"wp-block-button is-style-fill blured\"><a class=\"wp-block-button__link wp-element-button\" href=\"https:\/\/www.bordier.com\/de\/kontaktieren-sie-uns\/\"><strong>KONTAKT<\/strong><\/a><\/div>\n<\/div>\n<\/div><\/div>\n<\/div><\/div>\n","protected":false},"excerpt":{"rendered":"<p>Wir sind eine Familien-Privatbank , die sich f\u00fcr Privatkunden und deren Familien auf der ganzen &#8230;<\/p>\n","protected":false},"author":10,"featured_media":0,"parent":0,"menu_order":10,"comment_status":"closed","ping_status":"closed","template":"","meta":{"_acf_changed":false,"_seopress_robots_primary_cat":"","_seopress_titles_title":"\u00dcber uns","_seopress_titles_desc":"Wir sind eine Familien-Privatbank, die sich f\u00fcr Privatkunden und deren Familien auf der ganzen Welt einsetzt.","_seopress_robots_index":"","footnotes":""},"class_list":["post-13546","page","type-page","status-publish","hentry"],"acf":[],"_links":{"self":[{"href":"https:\/\/www.bordier.com\/de\/wp-json\/wp\/v2\/pages\/13546","targetHints":{"allow":["GET"]}}],"collection":[{"href":"https:\/\/www.bordier.com\/de\/wp-json\/wp\/v2\/pages"}],"about":[{"href":"https:\/\/www.bordier.com\/de\/wp-json\/wp\/v2\/types\/page"}],"author":[{"embeddable":true,"href":"https:\/\/www.bordier.com\/de\/wp-json\/wp\/v2\/users\/10"}],"replies":[{"embeddable":true,"href":"https:\/\/www.bordier.com\/de\/wp-json\/wp\/v2\/comments?post=13546"}],"version-history":[{"count":0,"href":"https:\/\/www.bordier.com\/de\/wp-json\/wp\/v2\/pages\/13546\/revisions"}],"wp:attachment":[{"href":"https:\/\/www.bordier.com\/de\/wp-json\/wp\/v2\/media?parent=13546"}],"curies":[{"name":"wp","href":"https:\/\/api.w.org\/{rel}","templated":true}]}}