{"id":11070,"date":"2024-06-21T11:59:12","date_gmt":"2024-06-21T10:59:12","guid":{"rendered":"https:\/\/staging.bordier.com\/sobre-nosotros\/"},"modified":"2025-07-30T10:51:20","modified_gmt":"2025-07-30T09:51:20","slug":"quienes-somos","status":"publish","type":"page","link":"https:\/\/www.bordier.com\/es\/quienes-somos\/","title":{"rendered":"Qui\u00e9nes somos"},"content":{"rendered":"\n<section id=\"section-block_ca93088eca9e7fcb2dc4ba298f972735\" class=\"page-hero-outer type-default\">\n    <div class=\"holder\">\n        <div class=\"page-hero-content\">\n            <div class=\"acf-innerblocks-container\">\n\n<h6 class=\"wp-block-heading\">Bordier<\/h6>\n\n\n\n<h1 class=\"wp-block-heading text-indent-s mobile-no-indent\">Familia y <em>empresa<\/em> en perfecta sinton\u00eda<\/h1>\n\n<\/div>        <\/div>\n    <\/div>\n        <figure class=\"page-hero-bg\">\n        <img decoding=\"async\" \n            src=\"https:\/\/www.bordier.com\/wp-content\/uploads\/2024\/08\/Hero-image-about.jpg\" \n            srcset=\"https:\/\/www.bordier.com\/wp-content\/uploads\/2024\/08\/Hero-image-about.jpg 1440w, https:\/\/www.bordier.com\/wp-content\/uploads\/2024\/08\/Hero-image-about-300x160.jpg 300w, https:\/\/www.bordier.com\/wp-content\/uploads\/2024\/08\/Hero-image-about-1024x546.jpg 1024w, https:\/\/www.bordier.com\/wp-content\/uploads\/2024\/08\/Hero-image-about-768x410.jpg 768w\"\n            alt=\"\"\n        >\n    <\/figure>\n    <\/section>\n\n\n<div class=\"wp-block-group wrapper-s background-light\"><div class=\"wp-block-group__inner-container is-layout-constrained wp-block-group-is-layout-constrained\">\n<h3 class=\"wp-block-heading\">Somos una entidad de banca privada familiar <em>especializada<\/em> en clientes particulares de todo el<em> mundo<\/em> y sus familias. <\/h3>\n<\/div><\/div>\n\n\n\n<div class=\"wp-block-group\"><div class=\"wp-block-group__inner-container is-layout-constrained wp-block-group-is-layout-constrained\">\n<h2 class=\"wp-block-heading text-indent-s\"><strong>Nuestra <em>historia<\/em><\/strong><\/h2>\n\n\n\n<div class=\"wp-block-group wrapper-s spacing-vertical-s\"><div class=\"wp-block-group__inner-container is-layout-constrained wp-block-group-is-layout-constrained\">\n<h4 class=\"wp-block-heading\">El dinero puede ser una fuente de tensiones, sobre todo cuando <em>hay factores<\/em> <em>decisivos fuera de su control.<\/em><\/h4>\n\n\n\n<p class=\"text-indent-s\">Desde nuestros inicios en 1844, hemos sido testigos de desplomes burs\u00e1tiles, guerras mundiales y la bancarrota de entidades y pa\u00edses. Hemos superado todas las dificultades porque hemos sabido gestionar la volatilidad de los mercados a la alza y a la baja.<\/p>\n\n\n\n<p class=\"text-indent-s\">Ante los vaivenes del mercado, optamos por la previsible rentabilidad de la paciencia.<\/p>\n\n\n\n<p class=\"text-indent-s\">El aut\u00e9ntico \u00e9xito se construye a largo plazo, con diversidad de activos y monedas, a lo largo de las d\u00e9cadas.<\/p>\n\n\n\n<p class=\"text-indent-s\">Aunque resulte parad\u00f3jico, es en las ca\u00eddas del mercado cuando los clientes valoran m\u00e1s nuestro trabajo. Mitigando el impacto de las oscilaciones, aliviamos sus preocupaciones.<\/p>\n<\/div><\/div>\n<\/div><\/div>\n\n\n\n<div id=\"nuestros-valores\" class=\"wp-block-group\"><div class=\"wp-block-group__inner-container is-layout-constrained wp-block-group-is-layout-constrained\">\n<h3 class=\"wp-block-heading text-indent-m\"><strong>Nuestros <em>valores<\/em><\/strong><\/h3>\n\n\n\n<hr class=\"wp-block-separator has-alpha-channel-opacity\"\/>\n\n\n\n<section id=\"section-block_8b0310e2319acb31496b8c83985349df\" class=\"listing-video-outer\">\n    <div class=\"holder\">\n        <div class=\"columns-holder\">\n            <div class=\"enum\">\n                                    <div class=\"enum-item\">\n                                                    <h6>Responsabilidad<\/h6>\n                        \n                        <article>\n                                                            <h3>Responsabilidad personal<\/h3>\n                                                                                        <p>Al invertir nuestro propio capital, los banqueros privados adquirimos una responsabilidad personal. Por ello no asumimos riesgos ni con nuestro dinero ni con el suyo.<\/p>\n                                                    <\/article>\n                    <\/div>\n                                    <div class=\"enum-item\">\n                                                    <h6>Independencia<\/h6>\n                        \n                        <article>\n                                                            <h3>Rendici\u00f3n de cuentas<\/h3>\n                                                                                        <p>Gracias a nuestra absoluta independencia, no rendimos cuentas ante accionistas o analistas. Solo ante la pr\u00f3xima generaci\u00f3n.<\/p>\n                                                    <\/article>\n                    <\/div>\n                                    <div class=\"enum-item\">\n                                                    <h6>Responsabilidad<\/h6>\n                        \n                        <article>\n                                                            <h3>Rentabilidad<\/h3>\n                                                                                        <p>Bordier, principal banquero privado suizo del mundo, es rentable desde 1844.<\/p>\n                                                    <\/article>\n                    <\/div>\n                            <\/div>\n            <figure class=\"media-holder\">\n                <div class=\"acf-innerblocks-container\"><\/div>            <\/figure>\n        <\/div>\n    <\/div>\n<\/section>\n<\/div><\/div>\n\n\n\n<section id=\"section-block_6bbf36b9b37fbabe00ab13f6158de3c4\" class=\"marquee-list-outer\">\n    <div class=\"holder\">\n\n        <div class=\"marquee-text\">\n            <h4>Bordier<\/h4>\n            <h4><em>Bordier<\/em><\/h4>\n            <h4>Bordier<\/h4>\n            <h4><em>Bordier<\/em><\/h4>\n            <h4>Bordier<\/h4>\n            <h4><em>Bordier<\/em><\/h4>\n            <h4>Bordier<\/h4>\n            <h4><em>Bordier<\/em><\/h4>\n            <h4>Bordier<\/h4>\n            <h4><em>Bordier<\/em><\/h4>\n            <h4>Bordier<\/h4>\n            <h4><em>Bordier<\/em><\/h4>\n            <h4>Bordier<\/h4>\n            <h4><em>Bordier<\/em><\/h4>\n            <h4>Bordier<\/h4>\n            <h4><em>Bordier<\/em><\/h4>\n        <\/div>\n\n                    <div class=\"image-holder\">\n                <figure>\n                    <div class=\"main-image\">\n                    <img decoding=\"async\" \n                        src=\"https:\/\/www.bordier.com\/wp-content\/uploads\/2024\/08\/image-864-1.jpg\" \n                        srcset=\"https:\/\/www.bordier.com\/wp-content\/uploads\/2024\/08\/image-864-1.jpg 668w, https:\/\/www.bordier.com\/wp-content\/uploads\/2024\/08\/image-864-1-300x156.jpg 300w\"\n                        alt=\"\"\n                    >\n                                        <figcaption>\n                        <p>Ami Bordier, fundador Bordier &#038; Cie, socio de la primera generaci\u00f3n.<\/p>\n                    <\/figcaption>\n                                        <\/div>\n                                            <div class=\"inner-image\">\n                            <img decoding=\"async\" \n                                src=\"https:\/\/www.bordier.com\/wp-content\/uploads\/2024\/08\/family.jpg\" \n                                srcset=\"\"\n                                alt=\"\"\n                            >\n                                                        <figcaption>\n                                <p>Ami Bordier con sus 16 nietos.<\/p>\n                            <\/figcaption>\n                                                    <\/div>\n                                    <\/figure>\n            <\/div>\n        \n        \n    <\/div>\n<\/section>\n\n\n\n<div id=\"rare-responsibility\" class=\"wp-block-group wrapper-m\"><div class=\"wp-block-group__inner-container is-layout-constrained wp-block-group-is-layout-constrained\">\n<h2 class=\"wp-block-heading text-indent-s tablet-no-indent\">Una <em>responsabilidad<\/em> fuera de lo com\u00fan<\/h2>\n\n\n\n<div class=\"wp-block-columns gap-large is-layout-flex wp-container-core-columns-is-layout-9d6595d7 wp-block-columns-is-layout-flex\">\n<div class=\"wp-block-column is-layout-flow wp-block-column-is-layout-flow\" style=\"flex-basis:33.33%\">\n<figure class=\"wp-block-image size-full\"><img alt=\"\" fetchpriority=\"high\" decoding=\"async\" width=\"658\" height=\"1018\" src=\"https:\/\/www.bordier.com\/wp-content\/uploads\/2025\/05\/unnamed-22-1.jpg\" alt=\"\" class=\"wp-image-19854\" srcset=\"https:\/\/www.bordier.com\/wp-content\/uploads\/2025\/05\/unnamed-22-1.jpg 658w, https:\/\/www.bordier.com\/wp-content\/uploads\/2025\/05\/unnamed-22-1-194x300.jpg 194w\" sizes=\"(max-width: 658px) 100vw, 658px\" \/><\/figure>\n<\/div>\n\n\n\n<div class=\"wp-block-column is-layout-flow wp-block-column-is-layout-flow\" style=\"flex-basis:66.66%\">\n<p>Muchas entidades financieras ofrecen servicios de banca privada, pero solo cinco bancos est\u00e1n clasificados como \u00abBanqueros privados\u2122\u00bb.<\/p>\n\n\n\n<p>Avalado y autorizado por la <a href=\"https:\/\/www.swissprivatebankers.ch\/en\/\" data-type=\"link\" data-id=\"https:\/\/www.swissprivatebankers.ch\/en\/\" target=\"_blank\" rel=\"noreferrer noopener\">Asociaci\u00f3n de Banqueros Privados Suizos<\/a>, ese t\u00e9rmino solo puede utilizarse en aquellas situaciones en que los socios asumen una responsabilidad ilimitada frente a todos los compromisos contra\u00eddos por el banco.<\/p>\n\n\n\n<p>Es decir, nuestros socios son responsables a t\u00edtulo personal de sus inversiones. <\/p>\n\n\n\n<p>Bordier es el principal banquero privado suizo activo en la actualidad.<\/p>\n\n\n\n<p>Gracias a una experiencia de banca privada que abarca varios siglos, usted se beneficia de unos conocimientos t\u00e9cnicos inigualables en inversi\u00f3n responsable y gesti\u00f3n del dinero.<\/p>\n<\/div>\n<\/div>\n<\/div><\/div>\n\n\n\n<figure class=\"wp-block-image size-full full-size-img\"><img alt=\"\" decoding=\"async\" width=\"2160\" height=\"1191\" src=\"https:\/\/www.bordier.com\/wp-content\/uploads\/2024\/07\/about-image-2.jpg\" alt=\"\" class=\"wp-image-186\" srcset=\"https:\/\/www.bordier.com\/wp-content\/uploads\/2024\/07\/about-image-2.jpg 2160w, https:\/\/www.bordier.com\/wp-content\/uploads\/2024\/07\/about-image-2-300x165.jpg 300w, https:\/\/www.bordier.com\/wp-content\/uploads\/2024\/07\/about-image-2-1024x565.jpg 1024w, https:\/\/www.bordier.com\/wp-content\/uploads\/2024\/07\/about-image-2-768x423.jpg 768w, https:\/\/www.bordier.com\/wp-content\/uploads\/2024\/07\/about-image-2-1536x847.jpg 1536w, https:\/\/www.bordier.com\/wp-content\/uploads\/2024\/07\/about-image-2-2048x1129.jpg 2048w\" sizes=\"(max-width: 2160px) 100vw, 2160px\" \/><\/figure>\n\n\n\n<div class=\"wp-block-group boxed narrow offset-top-m\"><div class=\"wp-block-group__inner-container is-layout-constrained wp-block-group-is-layout-constrained\">\n<div class=\"wp-block-group wrapper-m\"><div class=\"wp-block-group__inner-container is-layout-constrained wp-block-group-is-layout-constrained\">\n<h6 class=\"wp-block-heading text-indent-s\"><strong>Socios<\/strong><\/h6>\n\n\n\n<h2 class=\"wp-block-heading text-indent-m mobile-no-indent\">Nuestros intereses<br><em>est\u00e1n en sinton\u00eda con los suyos<\/em><\/h2>\n\n\n\n<div class=\"wp-block-group wrapper-xs\"><div class=\"wp-block-group__inner-container is-layout-constrained wp-block-group-is-layout-constrained\">\n<p>Con responsabilidad personal ilimitada, invertimos nuestro propio capital en las mismas inversiones que le recomendamos.<\/p>\n\n\n\n<p>Sus objetivos son m\u00e1s f\u00e1ciles de comprender por un banco cuyos socios son propietarios y participan activamente en la gesti\u00f3n de la empresa. Damos mucha importancia al respeto mutuo, al v\u00ednculo humano y a las acciones coherentes. Por eso nuestras relaciones duran tanto tiempo.<\/p>\n<\/div><\/div>\n<\/div><\/div>\n<\/div><\/div>\n\n\n\n<section id=\"section-block_ddc12f027fa991e9f951ca5d0da97642\" class=\"people-list-outer  background-light type-default\">\n    <div class=\"holder\">\n                    <div class=\"people-list\">\n                                    <div class=\"people-list-item\">\n                        <div class=\"media-holder custom-video-outer\">\n                                                        <img decoding=\"async\" src=\"https:\/\/www.bordier.com\/wp-content\/uploads\/2024\/11\/photo3-Gregoire--scaled.jpg\" alt=\"\" \/>\n                                                <\/div>\n                        <hgroup>\n                            <h3>Gr\u00e9goire <em>Bordier<\/em><\/h3>\n                                                            <p>Socio director s\u00e9nior<\/p>\n                                                                                <\/hgroup>\n                    <\/div>\n                                    <div class=\"people-list-item\">\n                        <div class=\"media-holder custom-video-outer\">\n                                                        <img decoding=\"async\" src=\"https:\/\/www.bordier.com\/wp-content\/uploads\/2024\/11\/photo1-Evrard--scaled.jpg\" alt=\"\" \/>\n                                                <\/div>\n                        <hgroup>\n                            <h3>Evrard <em>Bordier<\/em><\/h3>\n                                                            <p>Socio director<\/p>\n                                                                                <\/hgroup>\n                    <\/div>\n                                    <div class=\"people-list-item\">\n                        <div class=\"media-holder custom-video-outer\">\n                                                        <img decoding=\"async\" src=\"https:\/\/www.bordier.com\/wp-content\/uploads\/2024\/11\/photo2-SKANNILD--scaled.jpg\" alt=\"\" \/>\n                                                <\/div>\n                        <hgroup>\n                            <h3>Christian <em>Skaanild<\/em><\/h3>\n                                                            <p>Socio director<\/p>\n                                                                                <\/hgroup>\n                    <\/div>\n                            <\/div>\n            <\/div>\n<\/section>\n\n\n<section id=\"section-block_4a6d8613aeaa7874f4ef2c60981993f4\" class=\"people-list-outer alternative reversed-order type-default\">\n    <div class=\"holder\">\n                    <div class=\"people-list\">\n                                    <div class=\"people-list-item\">\n                        <div class=\"media-holder custom-video-outer\">\n                                                        <img decoding=\"async\" src=\"https:\/\/www.bordier.com\/wp-content\/uploads\/2024\/11\/photo5-patrice-scaled.jpg\" alt=\"\" \/>\n                                                <\/div>\n                        <hgroup>\n                            <h3>Patrice <em>Lagnaux<\/em><\/h3>\n                                                            <p>Socio comanditario<\/p>\n                                                                                <\/hgroup>\n                    <\/div>\n                                    <div class=\"people-list-item\">\n                        <div class=\"media-holder custom-video-outer\">\n                                                        <img decoding=\"async\" src=\"https:\/\/www.bordier.com\/wp-content\/uploads\/2024\/11\/photo4-Alessandro-scaled.jpg\" alt=\"\" \/>\n                                                <\/div>\n                        <hgroup>\n                            <h3>Alessandro <em>Caldana<\/em><\/h3>\n                                                            <p>Socio comanditario<\/p>\n                                                                                <\/hgroup>\n                    <\/div>\n                                    <div class=\"people-list-item\">\n                        <div class=\"media-holder custom-video-outer\">\n                                                        <img decoding=\"async\" src=\"https:\/\/www.bordier.com\/wp-content\/uploads\/2025\/04\/Alois_sommer-square-4.webp\" alt=\"\" \/>\n                                                <\/div>\n                        <hgroup>\n                            <h3>Alo\u00efs <em>Sommer<\/em><\/h3>\n                                                            <p>Socio comanditario<\/p>\n                                                                                <\/hgroup>\n                    <\/div>\n                            <\/div>\n            <\/div>\n<\/section>\n\n\n<div class=\"wp-block-group background-light\"><div class=\"wp-block-group__inner-container is-layout-constrained wp-block-group-is-layout-constrained\">\n<h2 class=\"wp-block-heading has-text-align-center\">El verdadero \u00e9xito<br><em>es duradero<\/em><\/h2>\n\n\n\n<div class=\"wp-block-group wrapper-m\"><div class=\"wp-block-group__inner-container is-layout-constrained wp-block-group-is-layout-constrained\">\n<h4 class=\"wp-block-heading\">Sencillos, constantes y sostenibles, nuestros resultados est\u00e1n avalados por dos siglos de historia.<\/h4>\n\n\n\n<ul class=\"wp-block-list line-list text-indent-m wrapper-m\">\n<li>El principal banquero privado suizo del mundo<\/li>\n\n\n\n<li>Propiedad y gesti\u00f3n en manos de la quinta generaci\u00f3n de la familia de los fundadores<\/li>\n\n\n\n<li>Independientes y de propiedad privada<\/li>\n<\/ul>\n\n\n\n<h4 class=\"wp-block-heading\">El Grupo Bordier ha sabido crecer de forma constante y lograr la estabilidad a largo plazo.<\/h4>\n\n\n\n<ul class=\"wp-block-list line-list text-indent-m wrapper-m\">\n<li>Nuestra ratio de capital de nivel 1 ordinario (CET1), de m\u00e1s del 35%, es tres veces mayor que el m\u00ednimo normativo<\/li>\n\n\n\n<li>La ratio de liquidez es entre 4 y 15 veces mayor que la exigida<\/li>\n\n\n\n<li>Beneficios y crecimiento continuo durante las \u00faltimas 18 d\u00e9cadas<\/li>\n<\/ul>\n<\/div><\/div>\n<\/div><\/div>\n\n\n\n<section id=\"section-block_9367228b418bdeaf145235b92a693045\" class=\"locations-outer\">\n    <div class=\"holder\">\n\n        <hgroup>\n            <div class=\"acf-innerblocks-container\">\n\n<h2 class=\"wp-block-heading\">Una experiencia que no conoce <em>fronteras<\/em><\/h2>\n\n<\/div>        <\/hgroup>\n\n                    <span class=\"bgr-text\">\n                Nuestras <em>oficinas<\/em><br>             <\/span>\n        \n        <div class=\"image-text-holder\">\n\n            \n            <div class=\"custom-video-outer location-video\">\n                <figure class=\"custom-video\">\n                    <video autoplay loop muted playsinline>\n                        <source src=\"https:\/\/player.vimeo.com\/progressive_redirect\/playback\/1030636801\/rendition\/540p\/file.mp4?loc=external&#038;signature=af17f36620b68c8584583c516ca19f122fb82de85116797008e7175ef4b0369d\" type=\"video\/mp4\">\n                        Your browser does not support the video tag.                    <\/video>\n                    \n                <\/figure>\n\n            <\/div>\n\n            \n            <div class=\"locations\">\n                                <a href=\"https:\/\/www.bordier.com\/es\/locations\/france\/\" class=\"single-location\">\n                    <h4 data-text=\"Francia\" class=\"active\"><span>Francia<\/span><\/h4>\n                <\/a>\n                                <a href=\"https:\/\/www.bordier.com\/es\/locations\/singapore\/\" class=\"single-location\">\n                    <h4 data-text=\"Singapur\" class=\"\"><span>Singapur<\/span><\/h4>\n                <\/a>\n                                <a href=\"https:\/\/www.bordier.com\/es\/locations\/switzerland\/\" class=\"single-location\">\n                    <h4 data-text=\"Suiza\" class=\"\"><span>Suiza<\/span><\/h4>\n                <\/a>\n                                <a href=\"https:\/\/www.bordier.com\/es\/locations\/uruguay\/\" class=\"single-location\">\n                    <h4 data-text=\"Uruguay\" class=\"\"><span>Uruguay<\/span><\/h4>\n                <\/a>\n                                <a href=\"https:\/\/www.bordier.com\/es\/locations\/uk\/\" class=\"single-location\">\n                    <h4 data-text=\"Reino Unido\" class=\"\"><span>Reino Unido<\/span><\/h4>\n                <\/a>\n                                <a href=\"https:\/\/www.bordier.com\/es\/locations\/turks-caicos\/\" class=\"single-location\">\n                    <h4 data-text=\"Islas Turks and Caicos\" class=\"\"><span>Islas Turks and Caicos<\/span><\/h4>\n                <\/a>\n                            <\/div>\n\n        <\/div>\n    <\/div>\n<\/section>\n\n\n\n\n<div class=\"wp-block-cover right-text\" style=\"min-height:10vw;aspect-ratio:unset;\"><img alt=\"\" decoding=\"async\" width=\"2560\" height=\"907\" class=\"wp-block-cover__image-background wp-image-5549\" alt=\"\" src=\"https:\/\/www.bordier.com\/wp-content\/uploads\/2024\/10\/Rectangle-scaled.jpg\" data-object-fit=\"cover\" srcset=\"https:\/\/www.bordier.com\/wp-content\/uploads\/2024\/10\/Rectangle-scaled.jpg 2560w, https:\/\/www.bordier.com\/wp-content\/uploads\/2024\/10\/Rectangle-300x106.jpg 300w, https:\/\/www.bordier.com\/wp-content\/uploads\/2024\/10\/Rectangle-1024x363.jpg 1024w, https:\/\/www.bordier.com\/wp-content\/uploads\/2024\/10\/Rectangle-768x272.jpg 768w, https:\/\/www.bordier.com\/wp-content\/uploads\/2024\/10\/Rectangle-1536x544.jpg 1536w, https:\/\/www.bordier.com\/wp-content\/uploads\/2024\/10\/Rectangle-2048x726.jpg 2048w\" sizes=\"(max-width: 2560px) 100vw, 2560px\" \/><span aria-hidden=\"true\" class=\"wp-block-cover__background has-black-background-color has-background-dim-20 has-background-dim\"><\/span><div class=\"wp-block-cover__inner-container is-layout-constrained wp-block-cover-is-layout-constrained\">\n<div class=\"wp-block-group\"><div class=\"wp-block-group__inner-container is-layout-constrained wp-block-group-is-layout-constrained\">\n<h4 class=\"wp-block-heading has-text-align-left has-large-font-size\">La <em>familia<\/em> le da la bienvenida<\/h4>\n\n\n\n<p class=\"has-small-font-size\">Contacte con nosotros para hacer realidad sus objetivos.<\/p>\n\n\n\n<div class=\"wp-block-buttons is-layout-flex wp-block-buttons-is-layout-flex\">\n<div class=\"wp-block-button is-style-fill blured\"><a class=\"wp-block-button__link wp-element-button\" href=\"https:\/\/www.bordier.com\/es\/contacte-con-nosotros\/\"><strong>CONTACTO<\/strong><\/a><\/div>\n<\/div>\n<\/div><\/div>\n<\/div><\/div>\n","protected":false},"excerpt":{"rendered":"<p>Somos una entidad de banca privada familiar especializada en clientes particulares de todo el mundo &#8230;<\/p>\n","protected":false},"author":1,"featured_media":0,"parent":0,"menu_order":10,"comment_status":"closed","ping_status":"closed","template":"","meta":{"_acf_changed":false,"_seopress_robots_primary_cat":"","_seopress_titles_title":"Sobre nosotros","_seopress_titles_desc":"Somos un banco privado familiar dedicado a clientes privados y sus familias en todo el mundo.","_seopress_robots_index":"","footnotes":""},"class_list":["post-11070","page","type-page","status-publish","hentry"],"acf":[],"_links":{"self":[{"href":"https:\/\/www.bordier.com\/es\/wp-json\/wp\/v2\/pages\/11070","targetHints":{"allow":["GET"]}}],"collection":[{"href":"https:\/\/www.bordier.com\/es\/wp-json\/wp\/v2\/pages"}],"about":[{"href":"https:\/\/www.bordier.com\/es\/wp-json\/wp\/v2\/types\/page"}],"author":[{"embeddable":true,"href":"https:\/\/www.bordier.com\/es\/wp-json\/wp\/v2\/users\/1"}],"replies":[{"embeddable":true,"href":"https:\/\/www.bordier.com\/es\/wp-json\/wp\/v2\/comments?post=11070"}],"version-history":[{"count":0,"href":"https:\/\/www.bordier.com\/es\/wp-json\/wp\/v2\/pages\/11070\/revisions"}],"wp:attachment":[{"href":"https:\/\/www.bordier.com\/es\/wp-json\/wp\/v2\/media?parent=11070"}],"curies":[{"name":"wp","href":"https:\/\/api.w.org\/{rel}","templated":true}]}}