{"id":11088,"date":"2024-06-21T11:59:49","date_gmt":"2024-06-21T10:59:49","guid":{"rendered":"https:\/\/staging.bordier.com\/soluciones\/gestion-de-activos-privados\/"},"modified":"2025-07-30T10:38:12","modified_gmt":"2025-07-30T09:38:12","slug":"gestion-institucional-del-patrimonio","status":"publish","type":"page","link":"https:\/\/www.bordier.com\/es\/soluciones\/gestion-institucional-del-patrimonio\/","title":{"rendered":"Gesti\u00f3n institucional del patrimonio"},"content":{"rendered":"\n<section id=\"section-block_5ee2f4fc0aa5f7e62ea3b935e3657b52\" class=\"page-hero-outer type-default\">\n    <div class=\"holder\">\n        <div class=\"page-hero-content\">\n            <div class=\"acf-innerblocks-container\">\n\n<h6 class=\"wp-block-heading\">Gesti\u00f3n institucional del patrimonio<\/h6>\n\n\n\n<h1 class=\"wp-block-heading text-indent-m mobile-no-indent\">Armonizar disciplina<br><em>y diversificaci\u00f3n<\/em><\/h1>\n\n<\/div>        <\/div>\n    <\/div>\n        <figure class=\"page-hero-bg\">\n        <img decoding=\"async\" \n            src=\"https:\/\/www.bordier.com\/wp-content\/uploads\/2024\/08\/Private-Asset-Management-Hero.jpg\" \n            srcset=\"https:\/\/www.bordier.com\/wp-content\/uploads\/2024\/08\/Private-Asset-Management-Hero.jpg 1440w, https:\/\/www.bordier.com\/wp-content\/uploads\/2024\/08\/Private-Asset-Management-Hero-300x160.jpg 300w, https:\/\/www.bordier.com\/wp-content\/uploads\/2024\/08\/Private-Asset-Management-Hero-1024x546.jpg 1024w, https:\/\/www.bordier.com\/wp-content\/uploads\/2024\/08\/Private-Asset-Management-Hero-768x410.jpg 768w\"\n            alt=\"\"\n        >\n    <\/figure>\n    <\/section>\n\n\n<div class=\"wp-block-group wrapper-m\"><div class=\"wp-block-group__inner-container is-layout-constrained wp-block-group-is-layout-constrained\">\n<h3 class=\"wp-block-heading\">Bordier aporta la experiencia de los inversores <em>institucionales<\/em> a los activos privados<\/h3>\n<\/div><\/div>\n\n\n\n<div class=\"wp-block-group wrapper-m spacing-top-xs paragraph-spacing-bottom\"><div class=\"wp-block-group__inner-container is-layout-constrained wp-block-group-is-layout-constrained\">\n<h3 class=\"wp-block-heading\">Activos mayores<\/h3>\n\n\n\n<hr class=\"wp-block-separator has-alpha-channel-opacity spacing-vertical-s\"\/>\n\n\n\n<p class=\"text-indent-s\">Ponemos a su disposici\u00f3n las inversiones en que conf\u00edan los gobiernos, las comunidades los clientes institucionales. Gestionamos estos activos como los grandes fondos de pensiones: con control de los riesgos y el establecimiento estricto de referencias comparativas. Se trata de inversiones colectivas mayor, como fondos, activos gestionados activamente (o AMC) y mandatos institucionales.<\/p>\n\n\n\n<h3 class=\"wp-block-heading\">Una oferta m\u00e1s amplia<\/h3>\n\n\n\n<hr class=\"wp-block-separator has-alpha-channel-opacity spacing-vertical-s\"\/>\n\n\n\n<p class=\"text-indent-s\">En los mandatos, nuestro equipo dedicado de inversi\u00f3n dise\u00f1a una cartera diversificada y din\u00e1mica que incluye acciones, bonos internacionales, fondos de inversi\u00f3n, deuda corporativa e incluso activos no cotizados (empresas, bienes inmuebles o infraestructuras).<\/p>\n\n\n\n<h3 class=\"wp-block-heading\">Comparaci\u00f3n con \u00edndices de referencia<\/h3>\n\n\n\n<hr class=\"wp-block-separator has-alpha-channel-opacity spacing-vertical-s\"\/>\n\n\n\n<p class=\"text-indent-s\">Aspiramos en todo momento a igualar o superar \u00edndices de referencia institucionales. La elaboraci\u00f3n de informes mensuales y trimestrales nos sirve, a usted y a nosotros, para hacer seguimiento de la rentabilidad y el riesgo.<\/p>\n<\/div><\/div>\n\n\n\n<div class=\"wp-block-group background-light wrapper-s\"><div class=\"wp-block-group__inner-container is-layout-constrained wp-block-group-is-layout-constrained\">\n<h6 class=\"wp-block-heading has-text-align-center text-indent-s mobile-no-indent\">Gesti\u00f3n institucional del patrimonio<\/h6>\n\n\n\n<h2 class=\"wp-block-heading has-text-align-left text-indent-m\">A medida.<br><em><strong>Disciplinada.<\/strong><\/em><br>Diversificada.<\/h2>\n\n\n\n<p class=\"has-text-align-center\">La forma m\u00e1s sencilla y segura de conseguir rentabilidad para su cartera.<\/p>\n<\/div><\/div>\n\n\n\n<div class=\"wp-block-group wrapper-m\"><div class=\"wp-block-group__inner-container is-layout-constrained wp-block-group-is-layout-constrained\">\n<h2 class=\"wp-block-heading has-text-align-center\">Una gesti\u00f3n<br><em>mejorada<\/em>.<\/h2>\n\n\n\n<hr class=\"wp-block-separator has-alpha-channel-opacity\"\/>\n\n\n\n<div class=\"wp-block-group wrapper-xs\"><div class=\"wp-block-group__inner-container is-layout-constrained wp-block-group-is-layout-constrained\">\n<p>Cada activo tiene un comportamiento, un riesgo y una rentabilidad asociados. Entonces, \u00bfc\u00f3mo sabe si le est\u00e1 yendo bien?<\/p>\n\n\n\n<p>Creamos un modelo robusto que da m\u00e1s importancia a las ponderaciones, la profundidad y la diversificaci\u00f3n. Sacamos partido de muchas clases de activos y estudiamos el \u00edndice de referencia de cada una. A continuaci\u00f3n, hacemos seguimiento de su cartera y la gestionamos, asegur\u00e1ndonos de que supera al \u00edndice.<\/p>\n\n\n\n<p>As\u00ed se eliminan los sesgos, el riesgo y la incertidumbre y todos los meses puede comprobar si le est\u00e1 yendo bien.<\/p>\n<\/div><\/div>\n<\/div><\/div>\n\n\n\n<div class=\"wp-block-cover right-text\" style=\"min-height:10vw;aspect-ratio:unset;\"><img alt=\"\" fetchpriority=\"high\" decoding=\"async\" width=\"2560\" height=\"907\" class=\"wp-block-cover__image-background wp-image-5549\" alt=\"\" src=\"https:\/\/www.bordier.com\/wp-content\/uploads\/2024\/10\/Rectangle-scaled.jpg\" data-object-fit=\"cover\" srcset=\"https:\/\/www.bordier.com\/wp-content\/uploads\/2024\/10\/Rectangle-scaled.jpg 2560w, https:\/\/www.bordier.com\/wp-content\/uploads\/2024\/10\/Rectangle-300x106.jpg 300w, https:\/\/www.bordier.com\/wp-content\/uploads\/2024\/10\/Rectangle-1024x363.jpg 1024w, https:\/\/www.bordier.com\/wp-content\/uploads\/2024\/10\/Rectangle-768x272.jpg 768w, https:\/\/www.bordier.com\/wp-content\/uploads\/2024\/10\/Rectangle-1536x544.jpg 1536w, https:\/\/www.bordier.com\/wp-content\/uploads\/2024\/10\/Rectangle-2048x726.jpg 2048w\" sizes=\"(max-width: 2560px) 100vw, 2560px\" \/><span aria-hidden=\"true\" class=\"wp-block-cover__background has-black-background-color has-background-dim-20 has-background-dim\"><\/span><div class=\"wp-block-cover__inner-container is-layout-constrained wp-block-cover-is-layout-constrained\">\n<div class=\"wp-block-group\"><div class=\"wp-block-group__inner-container is-layout-constrained wp-block-group-is-layout-constrained\">\n<h4 class=\"wp-block-heading has-text-align-left has-large-font-size\">La <em>familia<\/em> le da la bienvenida<\/h4>\n\n\n\n<p class=\"has-small-font-size\">\u00bfQuiere una porci\u00f3n de un pastel m\u00e1s grande? Hablemos<\/p>\n\n\n\n<div class=\"wp-block-buttons is-layout-flex wp-block-buttons-is-layout-flex\">\n<div class=\"wp-block-button is-style-fill blured\"><a class=\"wp-block-button__link wp-element-button\" href=\"https:\/\/www.bordier.com\/es\/contacte-con-nosotros\/\"><strong>CONTACTO<\/strong><\/a><\/div>\n<\/div>\n<\/div><\/div>\n<\/div><\/div>\n","protected":false},"excerpt":{"rendered":"<p>Bordier aporta la experiencia de los inversores institucionales a los activos privados Activos mayores Ponemos &#8230;<\/p>\n","protected":false},"author":1,"featured_media":0,"parent":11084,"menu_order":20,"comment_status":"closed","ping_status":"closed","template":"","meta":{"_acf_changed":false,"_seopress_robots_primary_cat":"","_seopress_titles_title":"","_seopress_titles_desc":"","_seopress_robots_index":"","footnotes":""},"class_list":["post-11088","page","type-page","status-publish","hentry"],"acf":[],"_links":{"self":[{"href":"https:\/\/www.bordier.com\/es\/wp-json\/wp\/v2\/pages\/11088","targetHints":{"allow":["GET"]}}],"collection":[{"href":"https:\/\/www.bordier.com\/es\/wp-json\/wp\/v2\/pages"}],"about":[{"href":"https:\/\/www.bordier.com\/es\/wp-json\/wp\/v2\/types\/page"}],"author":[{"embeddable":true,"href":"https:\/\/www.bordier.com\/es\/wp-json\/wp\/v2\/users\/1"}],"replies":[{"embeddable":true,"href":"https:\/\/www.bordier.com\/es\/wp-json\/wp\/v2\/comments?post=11088"}],"version-history":[{"count":0,"href":"https:\/\/www.bordier.com\/es\/wp-json\/wp\/v2\/pages\/11088\/revisions"}],"up":[{"embeddable":true,"href":"https:\/\/www.bordier.com\/es\/wp-json\/wp\/v2\/pages\/11084"}],"wp:attachment":[{"href":"https:\/\/www.bordier.com\/es\/wp-json\/wp\/v2\/media?parent=11088"}],"curies":[{"name":"wp","href":"https:\/\/api.w.org\/{rel}","templated":true}]}}