{"id":11094,"date":"2024-06-21T11:59:39","date_gmt":"2024-06-21T10:59:39","guid":{"rendered":"https:\/\/staging.bordier.com\/soluciones\/gestion-de-patrimonios\/"},"modified":"2026-02-12T06:30:50","modified_gmt":"2026-02-12T05:30:50","slug":"gestion-del-patrimonio","status":"publish","type":"page","link":"https:\/\/www.bordier.com\/es\/soluciones\/gestion-del-patrimonio\/","title":{"rendered":"Gesti\u00f3n del patrimonio"},"content":{"rendered":"\n<section id=\"section-block_a4500266beb658c1b5ae78c421876aa4\" class=\"page-hero-outer type-default\">\n    <div class=\"holder\">\n        <div class=\"page-hero-content\">\n            <div class=\"acf-innerblocks-container\">\n\n<h6 class=\"wp-block-heading\">Gesti\u00f3n del patrimonio<\/h6>\n\n\n\n<h1 class=\"wp-block-heading text-indent-s\">Un equilibrio entre oportunidad<br><em><strong>y seguridad<\/strong><\/em><\/h1>\n\n<\/div>        <\/div>\n    <\/div>\n        <figure class=\"page-hero-bg\">\n        <img decoding=\"async\" \n            src=\"https:\/\/www.bordier.com\/wp-content\/uploads\/2024\/08\/Wealth-Management-Hero.jpg\" \n            srcset=\"https:\/\/www.bordier.com\/wp-content\/uploads\/2024\/08\/Wealth-Management-Hero.jpg 1440w, https:\/\/www.bordier.com\/wp-content\/uploads\/2024\/08\/Wealth-Management-Hero-300x160.jpg 300w, https:\/\/www.bordier.com\/wp-content\/uploads\/2024\/08\/Wealth-Management-Hero-1024x547.jpg 1024w, https:\/\/www.bordier.com\/wp-content\/uploads\/2024\/08\/Wealth-Management-Hero-768x410.jpg 768w\"\n            alt=\"\"\n        >\n    <\/figure>\n    <\/section>\n\n\n<div class=\"wp-block-group wrapper-m\"><div class=\"wp-block-group__inner-container is-layout-constrained wp-block-group-is-layout-constrained\">\n<h6 class=\"wp-block-heading no-bottom-spacing\">Nuestra misi\u00f3n<\/h6>\n\n\n\n<h3 class=\"wp-block-heading\">Preservaci\u00f3n y crecimiento sostenible<\/h3>\n\n\n\n<div class=\"wp-block-group wrapper-s\"><div class=\"wp-block-group__inner-container is-layout-constrained wp-block-group-is-layout-constrained\">\n<p>En un mundo como este, en constante cambio, nuestra misi\u00f3n es dise\u00f1ar carteras<br>que preserven y hagan crecer su patrimonio a largo plazo.<\/p>\n\n\n\r\n<section id=\"section-block_1d5aa56ed714f800ec1bae2bd541699c\" class=\"custom-video-outer full-width \">\r\n\r\n    \r\n    <figure class=\"custom-video\">\r\n\r\n        <div class=\"video-popup-holder\">\r\n            <div class=\"video-holder\">\r\n                <video loop playsinline>\r\n                    <source src=\"https:\/\/player.vimeo.com\/progressive_redirect\/playback\/1151940851\/rendition\/1080p\/file.mp4%20%281080p%29.mp4?loc=external&#038;log_user=0&#038;signature=6bb3e666e2d81d8163e820228b388fd7a3921570fe7e2396bdfc2afafc10d369\" type=\"video\/mp4\">\r\n                    Your browser does not support the video tag.                <\/video>\r\n                <div class=\"video-controls\">\r\n\r\n                    <div class=\"exit-button\">\r\n                        <svg class=\"icon-close\">\r\n                            <use xlink:href=\"https:\/\/www.bordier.com\/wp-content\/themes\/bordier-wp\/assets\/img\/icons.svg#icon-close\"><\/use>\r\n                        <\/svg>\r\n                    <\/div>\r\n    \r\n                    <div class=\"play-button\">\r\n    \r\n                        <div class=\"play-icon\" data-status=\"play\">\r\n                            <svg class=\"icon-play\">\r\n                                <use xlink:href=\"https:\/\/www.bordier.com\/wp-content\/themes\/bordier-wp\/assets\/img\/icons.svg#icon-play\"><\/use>\r\n                            <\/svg>\r\n                        <\/div>\r\n    \r\n                        <div class=\"play-icon\" data-status=\"pause\">\r\n                            <svg class=\"icon-pause\">\r\n                                <use xlink:href=\"https:\/\/www.bordier.com\/wp-content\/themes\/bordier-wp\/assets\/img\/icons.svg#icon-pause\"><\/use>\r\n                            <\/svg>\r\n                        <\/div>\r\n    \r\n                    <\/div>\r\n\r\n                    <div class=\"bottom-controls\">\r\n\r\n                        <span class=\"video-length\"><\/span>\r\n                        \r\n                        <div class=\"progress-bar\"> \r\n                            <div class=\"time-bar\"><\/div>\r\n                            <input class=\"vimeovideo-progress-seek\" type=\"range\" min=\"0\" max=\"100\" step=\"0.1\" value=\"0\" data-vimeovideo=\"seek\">\r\n                            <progress class=\"vimeovideo-progress-played\" max=\"100\" value=\"0\" role=\"presentation\"><\/progress>\r\n                        <\/div>\r\n\r\n                        <div class=\"left-side\">\r\n                            <div class=\"small-play-button\">\r\n\r\n                                <svg class=\"icon-play\">\r\n                                    <use xlink:href=\"https:\/\/www.bordier.com\/wp-content\/themes\/bordier-wp\/assets\/img\/icons.svg#icon-play\"><\/use>\r\n                                <\/svg>\r\n\r\n                                <svg class=\"icon-pause\">\r\n                                    <use xlink:href=\"https:\/\/www.bordier.com\/wp-content\/themes\/bordier-wp\/assets\/img\/icons.svg#icon-pause\"><\/use>\r\n                                <\/svg>\r\n\r\n                            <\/div>\r\n                        <\/div>\r\n\r\n                        <div class=\"right-side\">\r\n\r\n                            <div class=\"volume-control\">\r\n            \r\n                                <div class=\"mute-icon\" data-status=\"muted\">\r\n                                    <svg class=\"icon-mute\">\r\n                                        <use xlink:href=\"https:\/\/www.bordier.com\/wp-content\/themes\/bordier-wp\/assets\/img\/icons.svg#icon-mute\"><\/use>\r\n                                    <\/svg>\r\n                                <\/div>\r\n                                <div class=\"mute-icon\" data-status=\"unmuted\">\r\n                                    <svg class=\"icon-unmute\">\r\n                                        <use xlink:href=\"https:\/\/www.bordier.com\/wp-content\/themes\/bordier-wp\/assets\/img\/icons.svg#icon-unmute\"><\/use>\r\n                                    <\/svg>\r\n                                <\/div>\r\n            \r\n                            <\/div>\r\n\r\n                            <div class=\"expand\">\r\n                                <svg class=\"icon-expand\">\r\n                                    <use xlink:href=\"https:\/\/www.bordier.com\/wp-content\/themes\/bordier-wp\/assets\/img\/icons.svg#icon-expand\"><\/use>\r\n                                <\/svg>\r\n\r\n                                <svg class=\"icon-collapse\">\r\n                                    <use xlink:href=\"https:\/\/www.bordier.com\/wp-content\/themes\/bordier-wp\/assets\/img\/icons.svg#icon-collapse\"><\/use>\r\n                                <\/svg>\r\n                            <\/div>\r\n\r\n                        <\/div>\r\n\r\n                    <\/div>\r\n    \r\n                <\/div>\r\n            <\/div>\r\n        <\/div>\r\n\r\n    \r\n        <div class=\"video-controls\">\r\n\r\n            <div class=\"play-button\">\r\n\r\n                <div class=\"play-icon\" data-status=\"play\">\r\n                    <svg class=\"icon-play\">\r\n                        <use xlink:href=\"https:\/\/www.bordier.com\/wp-content\/themes\/bordier-wp\/assets\/img\/icons.svg#icon-play\"><\/use>\r\n                    <\/svg>\r\n                <\/div>\r\n\r\n                <div class=\"play-icon\" data-status=\"pause\">\r\n                    <svg class=\"icon-pause\">\r\n                        <use xlink:href=\"https:\/\/www.bordier.com\/wp-content\/themes\/bordier-wp\/assets\/img\/icons.svg#icon-pause\"><\/use>\r\n                    <\/svg>\r\n                <\/div>\r\n\r\n            <\/div>\r\n\r\n        <\/div>\r\n\r\n\r\n                    <figure class=\"video-cover\">\r\n                <img decoding=\"async\" src=\"https:\/\/www.bordier.com\/wp-content\/uploads\/2025\/02\/Frederic-Potelle-1.jpg\" alt=\"Video Cover\">\r\n            <\/figure>\r\n        \r\n    <\/figure>\r\n\r\n    <\/section>\r\n\r\n<h4 class=\"wp-block-heading custom-video-caption has-medium-font-size animated in-view\"><p>La versi\u00f3n original de este v\u00eddeo fue producida en ingl\u00e9s y adaptada con la asistencia de herramientas de inteligencia artificial. En caso de divergencia entre las distintas versiones ling\u00fc\u00edsticas, \u00fanicamente la versi\u00f3n inglesa prevalece.<\/p>\n<\/h4>\r\n\r\n<\/div><\/div>\n\n\n\n<h6 class=\"wp-block-heading no-bottom-spacing\">Nuestra filosof\u00eda de inversi\u00f3n<\/h6>\n\n\n\n<h3 class=\"wp-block-heading\">La preservaci\u00f3n como prioridad<\/h3>\n\n\n\n<div class=\"wp-block-group wrapper-s\"><div class=\"wp-block-group__inner-container is-layout-constrained wp-block-group-is-layout-constrained\">\n<p>La preservaci\u00f3n del capital ha demostrado su val\u00eda <br>como el mejor factor de rentabilidad a largo plazo de la cartera.<\/p>\n<\/div><\/div>\n<\/div><\/div>\n\n\n\n<div class=\"wp-block-group wrapper-s\"><div class=\"wp-block-group__inner-container is-layout-constrained wp-block-group-is-layout-constrained\">\n<h3 class=\"wp-block-heading\">Perspectiva<\/h3>\n\n\n\n<ul class=\"wp-block-list line-list text-indent-s\">\n<li>Prioridad a sus intereses preservando su patrimonio<\/li>\n\n\n\n<li>Variedad de gestores, mercados y activos<\/li>\n\n\n\n<li>Como entidad independiente, no tenemos conflictos de intereses<\/li>\n<\/ul>\n\n\n\n<h3 class=\"wp-block-heading\">Construcci\u00f3n de carteras<\/h3>\n\n\n\n<ul class=\"wp-block-list line-list text-indent-s\">\n<li>Gesti\u00f3n activa y oportuna de su cartera<\/li>\n\n\n\n<li>Centrada en la preservaci\u00f3n del patrimonio y el capital<\/li>\n\n\n\n<li>Asignaci\u00f3n de activos estrat\u00e9gica y diversificada<\/li>\n<\/ul>\n\n\n\n<h3 class=\"wp-block-heading\">Gesti\u00f3n<\/h3>\n\n\n\n<ul class=\"wp-block-list line-list text-indent-s\">\n<li>Combinamos las participaciones directas con la arquitectura abierta<\/li>\n\n\n\n<li>Enfoque t\u00e1ctico, para adaptarnos a la evoluci\u00f3n de los mercados<\/li>\n<\/ul>\n<\/div><\/div>\n\n\n\n<figure class=\"wp-block-image size-full full-size-img\"><img fetchpriority=\"high\" decoding=\"async\" width=\"1440\" height=\"645\" src=\"https:\/\/www.bordier.com\/wp-content\/uploads\/2024\/08\/bordier-hero-tree-2-2.jpg\" alt=\"Avi\u00f3n Solar Stratos\" class=\"wp-image-4002\" srcset=\"https:\/\/www.bordier.com\/wp-content\/uploads\/2024\/08\/bordier-hero-tree-2-2.jpg 1440w, https:\/\/www.bordier.com\/wp-content\/uploads\/2024\/08\/bordier-hero-tree-2-2-300x134.jpg 300w, https:\/\/www.bordier.com\/wp-content\/uploads\/2024\/08\/bordier-hero-tree-2-2-1024x459.jpg 1024w, https:\/\/www.bordier.com\/wp-content\/uploads\/2024\/08\/bordier-hero-tree-2-2-768x344.jpg 768w\" sizes=\"(max-width: 1440px) 100vw, 1440px\" \/><\/figure>\n\n\n\n<div class=\"wp-block-group boxed offset-top-m wrapper-m items-border-bottom\"><div class=\"wp-block-group__inner-container is-layout-constrained wp-block-group-is-layout-constrained\">\n<div class=\"wp-block-group wrapper-s\"><div class=\"wp-block-group__inner-container is-layout-constrained wp-block-group-is-layout-constrained\">\n<h2 class=\"wp-block-heading has-text-align-left text-indent-m tablet-no-indent\">Invertir<br><em><strong>en el ma\u00f1ana<\/strong><\/em><\/h2>\n<\/div><\/div>\n\n\n\r\n<section id=\"section-block_0d36f03c40cde75128ee498ac4b51f89\" class=\"content-list-outer type-numbered-list-v2\">\r\n    <div class=\"holder\">\r\n                    <div class=\"content-list\">\r\n                                    <div class=\"content-list-item  item-has-video-caption \">\r\n                                                <div class=\"content-holder\">\r\n                            <h6>Private equity<\/h6>\n<h3>Cumplimos los deseos<br \/>\n<em>de los inversores<\/em><\/h3>\n<p>La inversi\u00f3n en private equity tiene mucha demanda, pero es dif\u00edcil acceder a ella. Bordier puede ayudarle gracias a una red de contactos s\u00f3lida y consolidada a lo largo de los a\u00f1os.<\/p>\n                        <\/div>\r\n                                                \r\n                        <div class=\"video-holder custom-video-outer\">\r\n\r\n                            <figure class=\"custom-video\">\r\n\r\n                                <div class=\"video-popup-holder\">\r\n                                    <div class=\"video-holder\">\r\n                                        <video loop playsinline>\r\n                                            <source src=\"https:\/\/player.vimeo.com\/progressive_redirect\/playback\/1163521898\/rendition\/1080p\/file.mp4%20%281080p%29.mp4?loc=external&#038;log_user=0&#038;signature=f61a3daa36e7bf06682ab405569b8c1a7b911e41d9b063640abbd5ff7ef0331c\" type=\"video\/mp4\">\r\n                                            Your browser does not support the video tag.                                        <\/video>\r\n                                        <div class=\"video-controls\">\r\n\r\n                                            <div class=\"exit-button\">\r\n                                                <svg class=\"icon-close\">\r\n                                                    <use xlink:href=\"https:\/\/www.bordier.com\/wp-content\/themes\/bordier-wp\/assets\/img\/icons.svg#icon-close\"><\/use>\r\n                                                <\/svg>\r\n                                            <\/div>\r\n\r\n                                            <div class=\"play-button\">\r\n\r\n                                                <div class=\"play-icon\" data-status=\"play\">\r\n                                                    <svg class=\"icon-play\">\r\n                                                        <use xlink:href=\"https:\/\/www.bordier.com\/wp-content\/themes\/bordier-wp\/assets\/img\/icons.svg#icon-play\"><\/use>\r\n                                                    <\/svg>\r\n                                                <\/div>\r\n\r\n                                                <div class=\"play-icon\" data-status=\"pause\">\r\n                                                    <svg class=\"icon-pause\">\r\n                                                        <use xlink:href=\"https:\/\/www.bordier.com\/wp-content\/themes\/bordier-wp\/assets\/img\/icons.svg#icon-pause\"><\/use>\r\n                                                    <\/svg>\r\n                                                <\/div>\r\n\r\n                                            <\/div>\r\n\r\n                                            <div class=\"bottom-controls\">\r\n\r\n                                                <span class=\"video-length\"><\/span>\r\n                                                \r\n                                                <div class=\"progress-bar\"> \r\n                                                    <div class=\"time-bar\"><\/div>\r\n                                                    <input class=\"vimeovideo-progress-seek\" type=\"range\" min=\"0\" max=\"100\" step=\"0.1\" value=\"0\" data-vimeovideo=\"seek\">\r\n                                                    <progress class=\"vimeovideo-progress-played\" max=\"100\" value=\"0\" role=\"presentation\"><\/progress>\r\n                                                <\/div>\r\n\r\n                                                <div class=\"left-side\">\r\n                                                    <div class=\"small-play-button\">\r\n\r\n                                                        <svg class=\"icon-play\">\r\n                                                            <use xlink:href=\"https:\/\/www.bordier.com\/wp-content\/themes\/bordier-wp\/assets\/img\/icons.svg#icon-play\"><\/use>\r\n                                                        <\/svg>\r\n\r\n                                                        <svg class=\"icon-pause\">\r\n                                                            <use xlink:href=\"https:\/\/www.bordier.com\/wp-content\/themes\/bordier-wp\/assets\/img\/icons.svg#icon-pause\"><\/use>\r\n                                                        <\/svg>\r\n\r\n                                                    <\/div>\r\n                                                <\/div>\r\n\r\n                                                <div class=\"right-side\">\r\n\r\n                                                    <div class=\"volume-control\">\r\n                                    \r\n                                                        <div class=\"mute-icon\" data-status=\"muted\">\r\n                                                            <svg class=\"icon-mute\">\r\n                                                                <use xlink:href=\"https:\/\/www.bordier.com\/wp-content\/themes\/bordier-wp\/assets\/img\/icons.svg#icon-mute\"><\/use>\r\n                                                            <\/svg>\r\n                                                        <\/div>\r\n                                                        <div class=\"mute-icon\" data-status=\"unmuted\">\r\n                                                            <svg class=\"icon-unmute\">\r\n                                                                <use xlink:href=\"https:\/\/www.bordier.com\/wp-content\/themes\/bordier-wp\/assets\/img\/icons.svg#icon-unmute\"><\/use>\r\n                                                            <\/svg>\r\n                                                        <\/div>\r\n                                    \r\n                                                    <\/div>\r\n\r\n                                                    <div class=\"expand\">\r\n                                                        <svg class=\"icon-expand\">\r\n                                                            <use xlink:href=\"https:\/\/www.bordier.com\/wp-content\/themes\/bordier-wp\/assets\/img\/icons.svg#icon-expand\"><\/use>\r\n                                                        <\/svg>\r\n\r\n                                                        <svg class=\"icon-collapse\">\r\n                                                            <use xlink:href=\"https:\/\/www.bordier.com\/wp-content\/themes\/bordier-wp\/assets\/img\/icons.svg#icon-collapse\"><\/use>\r\n                                                        <\/svg>\r\n                                                    <\/div>\r\n\r\n                                                <\/div>\r\n\r\n                                            <\/div>\r\n\r\n                                        <\/div>\r\n                                    <\/div>\r\n                                <\/div>\r\n\r\n                                <div class=\"video-controls\">\r\n\r\n                                    <div class=\"play-button\">\r\n\r\n                                        <div class=\"play-icon\" data-status=\"play\">\r\n                                            <svg class=\"icon-play\">\r\n                                                <use xlink:href=\"https:\/\/www.bordier.com\/wp-content\/themes\/bordier-wp\/assets\/img\/icons.svg#icon-play\"><\/use>\r\n                                            <\/svg>\r\n                                        <\/div>\r\n\r\n                                        <div class=\"play-icon\" data-status=\"pause\">\r\n                                            <svg class=\"icon-pause\">\r\n                                                <use xlink:href=\"https:\/\/www.bordier.com\/wp-content\/themes\/bordier-wp\/assets\/img\/icons.svg#icon-pause\"><\/use>\r\n                                            <\/svg>\r\n                                        <\/div>\r\n\r\n                                    <\/div>\r\n\r\n                                <\/div>\r\n\r\n                                                                    <figure class=\"video-cover\">\r\n                                        <img decoding=\"async\" src=\"https:\/\/www.bordier.com\/wp-content\/uploads\/2025\/02\/Christian-Skaanild-1.jpg\" alt=\"Video Cover\">\r\n                                    <\/figure>\r\n                                                            <\/figure>\r\n                        <\/div>\r\n\t\t\t\t\t\t\t\t\t\t\t\t\t<h4 class=\"wp-block-heading item-video-caption has-medium-font-size animated in-view\"><p>La versi\u00f3n original de este v\u00eddeo fue producida en ingl\u00e9s y adaptada con la asistencia de herramientas de inteligencia artificial. En caso de divergencia entre las distintas versiones ling\u00fc\u00edsticas, \u00fanicamente la versi\u00f3n inglesa prevalece.<\/p>\n<\/h4>\r\n\t\t\t\t\t\t                                            <\/div>\r\n                                    <div class=\"content-list-item \">\r\n                                                <div class=\"content-holder\">\r\n                            <h6>Criptoactivos<\/h6>\n<h3>M\u00e1s simple<br \/>\n<em>y mas seguro<\/em><\/h3>\n<p>Hemos integrado las inversiones en activos digitales en nuestra plataforma principal. As\u00ed puede invertir en criptomonedas en condiciones de mayor seguridad, por medio de un banco regulado en Suiza.<\/p>\n                        <\/div>\r\n                                                                    <\/div>\r\n                                    <div class=\"content-list-item \">\r\n                                                <div class=\"content-holder\">\r\n                            <h6>Innovaci\u00f3n<\/h6>\n<h3>Ponemos en marcha<br \/>\n<em>sus objetivos<\/em><\/h3>\n<p>Bordier va m\u00e1s all\u00e1 de los modelos de inversi\u00f3n tradicionales e innova para ofrecer a los inversores lo que est\u00e1n buscando. Combinando fondos tradicionales con fondos alternativos, private equity, deuda privada y productos estructurados complejos, buscamos nuevas formas de crecer para usted.<\/p>\n                        <\/div>\r\n                                                                    <\/div>\r\n                            <\/div>\r\n            <\/div>\r\n<\/section><\/div><\/div>\n\n\n\n<div class=\"wp-block-cover right-text\" style=\"min-height:10vw;aspect-ratio:unset;\"><img alt=\"\" decoding=\"async\" width=\"2560\" height=\"907\" class=\"wp-block-cover__image-background wp-image-5549\" alt=\"\" src=\"https:\/\/www.bordier.com\/wp-content\/uploads\/2024\/10\/Rectangle-scaled.jpg\" data-object-fit=\"cover\" srcset=\"https:\/\/www.bordier.com\/wp-content\/uploads\/2024\/10\/Rectangle-scaled.jpg 2560w, https:\/\/www.bordier.com\/wp-content\/uploads\/2024\/10\/Rectangle-300x106.jpg 300w, https:\/\/www.bordier.com\/wp-content\/uploads\/2024\/10\/Rectangle-1024x363.jpg 1024w, https:\/\/www.bordier.com\/wp-content\/uploads\/2024\/10\/Rectangle-768x272.jpg 768w, https:\/\/www.bordier.com\/wp-content\/uploads\/2024\/10\/Rectangle-1536x544.jpg 1536w, https:\/\/www.bordier.com\/wp-content\/uploads\/2024\/10\/Rectangle-2048x726.jpg 2048w\" sizes=\"(max-width: 2560px) 100vw, 2560px\" \/><span aria-hidden=\"true\" class=\"wp-block-cover__background has-black-background-color has-background-dim-20 has-background-dim\"><\/span><div class=\"wp-block-cover__inner-container is-layout-constrained wp-block-cover-is-layout-constrained\">\n<div class=\"wp-block-group\"><div class=\"wp-block-group__inner-container is-layout-constrained wp-block-group-is-layout-constrained\">\n<h4 class=\"wp-block-heading has-text-align-left has-large-font-size\">La <em>familia<\/em> le da la bienvenida<\/h4>\n\n\n\n<p class=\"has-small-font-size\">Contacte con Bordier para hacer realidad sus objetivos.<\/p>\n\n\n\n<div class=\"wp-block-buttons is-layout-flex wp-block-buttons-is-layout-flex\">\n<div class=\"wp-block-button is-style-fill blured\"><a class=\"wp-block-button__link wp-element-button\" href=\"https:\/\/www.bordier.com\/es\/contacte-con-nosotros\/\"><strong>CONTACTO<\/strong><\/a><\/div>\n<\/div>\n<\/div><\/div>\n<\/div><\/div>\n","protected":false},"excerpt":{"rendered":"<p>Nuestra misi\u00f3n Preservaci\u00f3n y crecimiento sostenible En un mundo como este, en constante cambio, nuestra &#8230;<\/p>\n","protected":false},"author":1,"featured_media":0,"parent":11084,"menu_order":10,"comment_status":"closed","ping_status":"closed","template":"","meta":{"_acf_changed":false,"_seopress_robots_primary_cat":"","_seopress_titles_title":"","_seopress_titles_desc":"","_seopress_robots_index":"","footnotes":""},"class_list":["post-11094","page","type-page","status-publish","hentry"],"acf":[],"_links":{"self":[{"href":"https:\/\/www.bordier.com\/es\/wp-json\/wp\/v2\/pages\/11094","targetHints":{"allow":["GET"]}}],"collection":[{"href":"https:\/\/www.bordier.com\/es\/wp-json\/wp\/v2\/pages"}],"about":[{"href":"https:\/\/www.bordier.com\/es\/wp-json\/wp\/v2\/types\/page"}],"author":[{"embeddable":true,"href":"https:\/\/www.bordier.com\/es\/wp-json\/wp\/v2\/users\/1"}],"replies":[{"embeddable":true,"href":"https:\/\/www.bordier.com\/es\/wp-json\/wp\/v2\/comments?post=11094"}],"version-history":[{"count":3,"href":"https:\/\/www.bordier.com\/es\/wp-json\/wp\/v2\/pages\/11094\/revisions"}],"predecessor-version":[{"id":27818,"href":"https:\/\/www.bordier.com\/es\/wp-json\/wp\/v2\/pages\/11094\/revisions\/27818"}],"up":[{"embeddable":true,"href":"https:\/\/www.bordier.com\/es\/wp-json\/wp\/v2\/pages\/11084"}],"wp:attachment":[{"href":"https:\/\/www.bordier.com\/es\/wp-json\/wp\/v2\/media?parent=11094"}],"curies":[{"name":"wp","href":"https:\/\/api.w.org\/{rel}","templated":true}]}}