{"id":11105,"date":"2024-06-21T12:00:00","date_gmt":"2024-06-21T11:00:00","guid":{"rendered":"https:\/\/staging.bordier.com\/soluciones\/servicios-familiares\/"},"modified":"2025-06-16T12:45:43","modified_gmt":"2025-06-16T11:45:43","slug":"servicios-a-familias","status":"publish","type":"page","link":"https:\/\/www.bordier.com\/es\/soluciones\/servicios-a-familias\/","title":{"rendered":"Servicios a familias"},"content":{"rendered":"\n<section id=\"section-block_de945bb485b2ef0bd02843b6950470b5\" class=\"page-hero-outer type-default\">\n    <div class=\"holder\">\n        <div class=\"page-hero-content\">\n            <div class=\"acf-innerblocks-container\">\n\n<h6 class=\"wp-block-heading\">Servicios a familias<\/h6>\n\n\n\n<h1 class=\"wp-block-heading text-indent-s force-two-lines\">Alineamiento de todos,<strong> con todo<\/strong><\/h1>\n\n<\/div>        <\/div>\n    <\/div>\n        <figure class=\"page-hero-bg\">\n        <img decoding=\"async\" \n            src=\"https:\/\/www.bordier.com\/wp-content\/uploads\/2024\/07\/heero-family.jpg\" \n            srcset=\"https:\/\/www.bordier.com\/wp-content\/uploads\/2024\/07\/heero-family.jpg 2160w, https:\/\/www.bordier.com\/wp-content\/uploads\/2024\/07\/heero-family-300x160.jpg 300w, https:\/\/www.bordier.com\/wp-content\/uploads\/2024\/07\/heero-family-1024x546.jpg 1024w, https:\/\/www.bordier.com\/wp-content\/uploads\/2024\/07\/heero-family-768x410.jpg 768w, https:\/\/www.bordier.com\/wp-content\/uploads\/2024\/07\/heero-family-1536x819.jpg 1536w, https:\/\/www.bordier.com\/wp-content\/uploads\/2024\/07\/heero-family-2048x1092.jpg 2048w\"\n            alt=\"\"\n        >\n    <\/figure>\n    <\/section>\n\n\n<div class=\"wp-block-group spacing-bottom-0\"><div class=\"wp-block-group__inner-container is-layout-constrained wp-block-group-is-layout-constrained\">\n<div class=\"wp-block-group wrapper-s\"><div class=\"wp-block-group__inner-container is-layout-constrained wp-block-group-is-layout-constrained\">\n<h3 class=\"wp-block-heading has-text-align-left text-indent-l\"><em>Simplificamos<\/em> la gesti\u00f3n del <strong><em>patrimonio<\/em> <em>familiar<\/em><\/strong><\/h3>\n<\/div><\/div>\n\n\n\r\n<section id=\"section-block_fe36789b893fe4d869f1962d89ecb2e5\" class=\"content-list-outer type-default\">\r\n    <div class=\"holder\">\r\n                    <div class=\"content-list\">\r\n                                    <div class=\"content-list-item \">\r\n                                                <hgroup>\r\n                            <h4>Plan<\/h4>\r\n                                                    <\/hgroup>\r\n                                                <div class=\"content-holder\">\r\n                            <p>Estrategias de inversi\u00f3n a medida y asignaci\u00f3n de activos adaptadas a sus objetivos y aspiraciones.<br \/>\nEstablecemos una hoja de ruta pr\u00e1ctica para las pr\u00f3ximas generaciones.<\/p>\n                        <\/div>\r\n                                                                    <\/div>\r\n                                    <div class=\"content-list-item \">\r\n                                                <hgroup>\r\n                            <h4>Protecci\u00f3n<\/h4>\r\n                                                    <\/hgroup>\r\n                                                <div class=\"content-holder\">\r\n                            <p>Estrategias s\u00f3lidas de protecci\u00f3n de activos y de gesti\u00f3n de riesgos dise\u00f1adas para preservar el patrimonio. Protegemos a los activos familiares de la volatilidad del mercado y de la evoluci\u00f3n de la coyuntura.<\/p>\n                        <\/div>\r\n                                                                    <\/div>\r\n                                    <div class=\"content-list-item \">\r\n                                                <hgroup>\r\n                            <h4>Tranquilidad<\/h4>\r\n                                                    <\/hgroup>\r\n                                                <div class=\"content-holder\">\r\n                            <p>Las finanzas pueden ser complejas, pero tratamos de que su experiencia no lo sea. Mantenemos a su familia informada, protegida y tranquila.<\/p>\n                        <\/div>\r\n                                                                    <\/div>\r\n                            <\/div>\r\n            <\/div>\r\n<\/section>\n\n\n<div class=\"wp-block-group wrapper-s\"><div class=\"wp-block-group__inner-container is-layout-constrained wp-block-group-is-layout-constrained\"><\/div><\/div>\n<\/div><\/div>\n\n\n\n<div class=\"wp-block-group wrapper-s background-light\"><div class=\"wp-block-group__inner-container is-layout-constrained wp-block-group-is-layout-constrained\">\n<h6 class=\"wp-block-heading has-text-align-center\">Servicios a familias<\/h6>\n\n\n\n<h1 class=\"wp-block-heading has-text-align-center has-medium-font-size\">Gesti\u00f3n de patrimonios familiares<\/h1>\n\n\n\n<h1 class=\"wp-block-heading has-text-align-center has-medium-font-size\">Planificaci\u00f3n de patrimonio<\/h1>\n\n\n\n<p class=\"has-text-align-center\">Un futuro m\u00e1s seguro que cruza fronteras y empresas <br>y une generaciones.<\/p>\n<\/div><\/div>\n\n\n\n<div class=\"wp-block-group wrapper-m offset-top-m\"><div class=\"wp-block-group__inner-container is-layout-constrained wp-block-group-is-layout-constrained\">\n<figure class=\"wp-block-image size-full\"><img alt=\"\" fetchpriority=\"high\" decoding=\"async\" width=\"1695\" height=\"968\" src=\"https:\/\/www.bordier.com\/wp-content\/uploads\/2024\/08\/family-services-img.jpg\" alt=\"\" class=\"wp-image-3278\" srcset=\"https:\/\/www.bordier.com\/wp-content\/uploads\/2024\/08\/family-services-img.jpg 1695w, https:\/\/www.bordier.com\/wp-content\/uploads\/2024\/08\/family-services-img-300x171.jpg 300w, https:\/\/www.bordier.com\/wp-content\/uploads\/2024\/08\/family-services-img-1024x585.jpg 1024w, https:\/\/www.bordier.com\/wp-content\/uploads\/2024\/08\/family-services-img-768x439.jpg 768w, https:\/\/www.bordier.com\/wp-content\/uploads\/2024\/08\/family-services-img-1536x877.jpg 1536w\" sizes=\"(max-width: 1695px) 100vw, 1695px\" \/><\/figure>\n<\/div><\/div>\n\n\n\n<div class=\"wp-block-group wrapper-s spacing-vertical-0\"><div class=\"wp-block-group__inner-container is-layout-constrained wp-block-group-is-layout-constrained\">\n<h2 class=\"wp-block-heading text-indent-xl mobile-no-indent tablet-no-indent\">La familia est\u00e1 en <em>nuestro ADN<\/em><\/h2>\n<\/div><\/div>\n\n\n\n<div class=\"wp-block-group spacing-vertical-0 wrapper-m\"><div class=\"wp-block-group__inner-container is-layout-constrained wp-block-group-is-layout-constrained\">\n<h3 class=\"wp-block-heading text-indent-s with-line\">Las entidades de banca privada saben mucho de <em>dinero<\/em>, pero no tanto sobre las <em>complejidades<\/em> de las familias.<\/h3>\n<\/div><\/div>\n\n\n\n<div class=\"wp-block-group wrapper-xs\"><div class=\"wp-block-group__inner-container is-layout-constrained wp-block-group-is-layout-constrained\">\n<p>Adem\u00e1s de ser una de las principales gestoras de patrimonios familiares del mundo, Bordier es una entidad de banca privada poco com\u00fan, pues la familia fundadora mantiene la propiedad y la gesti\u00f3n de forma ininterrumpida desde 1844. Somos el mejor ejemplo de una planificaci\u00f3n exitosa del legado y la sucesi\u00f3n,<\/p>\n\n\n\n<p>y podemos hacer lo mismo por su familia.<\/p>\n<\/div><\/div>\n\n\n\n<div class=\"wp-block-cover right-text\" style=\"min-height:10vw;aspect-ratio:unset;\"><img alt=\"\" decoding=\"async\" width=\"2560\" height=\"907\" class=\"wp-block-cover__image-background wp-image-5549\" alt=\"\" src=\"https:\/\/www.bordier.com\/wp-content\/uploads\/2024\/10\/Rectangle-scaled.jpg\" data-object-fit=\"cover\" srcset=\"https:\/\/www.bordier.com\/wp-content\/uploads\/2024\/10\/Rectangle-scaled.jpg 2560w, https:\/\/www.bordier.com\/wp-content\/uploads\/2024\/10\/Rectangle-300x106.jpg 300w, https:\/\/www.bordier.com\/wp-content\/uploads\/2024\/10\/Rectangle-1024x363.jpg 1024w, https:\/\/www.bordier.com\/wp-content\/uploads\/2024\/10\/Rectangle-768x272.jpg 768w, https:\/\/www.bordier.com\/wp-content\/uploads\/2024\/10\/Rectangle-1536x544.jpg 1536w, https:\/\/www.bordier.com\/wp-content\/uploads\/2024\/10\/Rectangle-2048x726.jpg 2048w\" sizes=\"(max-width: 2560px) 100vw, 2560px\" \/><span aria-hidden=\"true\" class=\"wp-block-cover__background has-black-background-color has-background-dim-20 has-background-dim\"><\/span><div class=\"wp-block-cover__inner-container is-layout-constrained wp-block-cover-is-layout-constrained\">\n<div class=\"wp-block-group\"><div class=\"wp-block-group__inner-container is-layout-constrained wp-block-group-is-layout-constrained\">\n<h4 class=\"wp-block-heading has-text-align-left has-large-font-size\">La <em>familia<\/em> le da la bienvenida<\/h4>\n\n\n\n<p class=\"has-small-font-size\">Contacte con nosotros para saber c\u00f3mo nuestra familia puede ayudar a la suya.<\/p>\n\n\n\n<div class=\"wp-block-buttons is-layout-flex wp-block-buttons-is-layout-flex\">\n<div class=\"wp-block-button is-style-fill blured\"><a class=\"wp-block-button__link wp-element-button\" href=\"https:\/\/www.bordier.com\/es\/contacte-con-nosotros\/\"><strong>CONTACTO<\/strong><\/a><\/div>\n<\/div>\n<\/div><\/div>\n<\/div><\/div>\n","protected":false},"excerpt":{"rendered":"<p>Simplificamos la gesti\u00f3n del patrimonio familiar Servicios a familias Gesti\u00f3n de patrimonios familiares Planificaci\u00f3n de &#8230;<\/p>\n","protected":false},"author":1,"featured_media":0,"parent":11084,"menu_order":30,"comment_status":"closed","ping_status":"closed","template":"","meta":{"_acf_changed":false,"_seopress_robots_primary_cat":"","_seopress_titles_title":"","_seopress_titles_desc":"","_seopress_robots_index":"","footnotes":""},"class_list":["post-11105","page","type-page","status-publish","hentry"],"acf":[],"_links":{"self":[{"href":"https:\/\/www.bordier.com\/es\/wp-json\/wp\/v2\/pages\/11105","targetHints":{"allow":["GET"]}}],"collection":[{"href":"https:\/\/www.bordier.com\/es\/wp-json\/wp\/v2\/pages"}],"about":[{"href":"https:\/\/www.bordier.com\/es\/wp-json\/wp\/v2\/types\/page"}],"author":[{"embeddable":true,"href":"https:\/\/www.bordier.com\/es\/wp-json\/wp\/v2\/users\/1"}],"replies":[{"embeddable":true,"href":"https:\/\/www.bordier.com\/es\/wp-json\/wp\/v2\/comments?post=11105"}],"version-history":[{"count":0,"href":"https:\/\/www.bordier.com\/es\/wp-json\/wp\/v2\/pages\/11105\/revisions"}],"up":[{"embeddable":true,"href":"https:\/\/www.bordier.com\/es\/wp-json\/wp\/v2\/pages\/11084"}],"wp:attachment":[{"href":"https:\/\/www.bordier.com\/es\/wp-json\/wp\/v2\/media?parent=11105"}],"curies":[{"name":"wp","href":"https:\/\/api.w.org\/{rel}","templated":true}]}}