{"id":11148,"date":"2024-06-21T12:02:10","date_gmt":"2024-06-21T11:02:10","guid":{"rendered":"https:\/\/staging.bordier.com\/legal-y-cumplimiento\/"},"modified":"2026-03-12T17:47:15","modified_gmt":"2026-03-12T16:47:15","slug":"aviso-legal-y-cumplimiento-normativo","status":"publish","type":"page","link":"https:\/\/www.bordier.com\/es\/aviso-legal-y-cumplimiento-normativo\/","title":{"rendered":"Aviso legal y cumplimiento normativo"},"content":{"rendered":"\n<section id=\"section-block_299763ce878f902d519edddf197229c0\" class=\"page-hero-outer headline-left-m type-simple\">\n    <div class=\"holder\">\n        <div class=\"page-hero-content\">\n            <div class=\"acf-innerblocks-container\">\n\n<h6 class=\"wp-block-heading\">Aviso legal<\/h6>\n\n\n\n<h1 class=\"wp-block-heading has-text-align-left text-indent-s has-small-font-size\">Aviso legal y cumplimiento normativo<\/h1>\n\n<\/div>        <\/div>\n    <\/div>\n    <\/section>\n\n\n<div class=\"wp-block-group background-light wrapper-m\"><div class=\"wp-block-group__inner-container is-layout-constrained wp-block-group-is-layout-constrained\">\r\n<section id=\"section-block_fe5a3b6f4cc4426e7424676e018c354d\" class=\"toggler-outer\">\r\n    <div class=\"holder\">\r\n                    <div class=\"toggler-list\">\r\n                                    <div class=\"toggler-list-item  type-default\" id=\"toggler-list-item-general\" >\r\n                        \r\n                        <div class=\"toggler-item-top\" id=\"toggler-item-top-general\" >\r\n                            <h4>General                                                        <\/h4>\r\n                            <span class=\"toggler-icon\"><\/span>\r\n                        <\/div>\r\n                        <div class=\"toggler-item-content\" id=\"toggler-item-content-general\" >\r\n                                                            <div class=\"toggler-item-content-inner\">\r\n                                    <p>El contenido del Sitio Web tiene \u00fanicamente fines informativos y no pretende promocionar los servicios de Bordier &amp; Cie. Su objetivo es promover la reputaci\u00f3n del banco. Ninguna informaci\u00f3n que aparezca en el Sitio Web debe considerarse una oferta de servicios o productos, singularmente de tipo bancario, por parte de Bordier &amp; Cie ni una oferta o solicitud de compra o venta de valores negociables o de cualquier otro producto de inversi\u00f3n. El banco no ofrece servicios ni ninguna otra prestaci\u00f3n en l\u00ednea en el Sitio Web. Ning\u00fan elemento del Sitio Web se considerar\u00e1 un anuncio p\u00fablico o una venta, en cualquier forma, calificaci\u00f3n o denominaci\u00f3n, ni se interpretar\u00e1 como una actitud proactiva de Bordier &amp; Cie hacia terceros.<\/p>\n                                <\/div>\r\n                                                    <\/div>\r\n                    <\/div>\r\n                                    <div class=\"toggler-list-item  type-default\" id=\"toggler-list-item-suiza\" >\r\n                        \r\n                        <div class=\"toggler-item-top\" id=\"toggler-item-top-suiza\" >\r\n                            <h4>Suiza                                                        <\/h4>\r\n                            <span class=\"toggler-icon\"><\/span>\r\n                        <\/div>\r\n                        <div class=\"toggler-item-content\" id=\"toggler-item-content-suiza\" >\r\n                                                            <div class=\"toggler-item-content-inner\">\r\n                                    <ul class=\"line-list full-link\">\n<li><a href=\"https:\/\/www.bordier.com\/de\/legal-and-compliance\/schweiz-recht-und-compliance\/schweiz-recht-und-compliance-allgemeine-informationen\/\">Condiciones generales<\/a><\/li>\n<li><a href=\"https:\/\/www.bordier.com\/es\/legal-and-compliance\/suiza-legal-y-cumplimiento\/suiza-legal-y-cumplimiento-finsa-2\/\">LSFIN<\/a><\/li>\n<li><a href=\"https:\/\/www.bordier.com\/de\/legal-and-compliance\/schweiz-recht-und-compliance\/schweiz-recht-und-compliance-compliance\/\">Cumplimiento normativo<\/a><\/li>\n<li><a href=\"https:\/\/www.bordier.com\/de\/legal-and-compliance\/schweiz-recht-und-compliance\/schweiz-recht-und-compliance-fatca-aeoi\/\">Ley FATCA e intercambio autom\u00e1tico de informaci\u00f3n<\/a><\/li>\n<li><a href=\"https:\/\/www.bordier.com\/de\/legal-and-compliance\/schweiz-recht-und-compliance\/schweiz-recht-und-compliance-datenschutz\/\">Pol\u00edtica general de protecci\u00f3n de datos<\/a><\/li>\n<li><a href=\"https:\/\/www.bordier.com\/de\/legal-and-compliance\/schweiz-recht-und-compliance\/schweiz-rechtliches-und-compliance-haftungsausschluss\/\">Informaci\u00f3n legal general<\/a><\/li>\n<li><a href=\"https:\/\/www.bordier.com\/es\/legal-and-compliance\/suiza-legal-y-cumplimiento\/tarjetas\/\">Tarjetas de d\u00e9bito<\/a><\/li>\n<li><a href=\"https:\/\/www.bordier.com\/es\/legal-and-compliance\/suiza-legal-y-cumplimiento\/suiza-legal-y-cumplimiento-tarjetas-maestro\/\">Tarjetas Maestro<\/a><\/li>\n<\/ul>\n                                <\/div>\r\n                                                    <\/div>\r\n                    <\/div>\r\n                                    <div class=\"toggler-list-item  type-default\" id=\"toggler-list-item-singapur\" >\r\n                        \r\n                        <div class=\"toggler-item-top\" id=\"toggler-item-top-singapur\" >\r\n                            <h4>Singapur                                                        <\/h4>\r\n                            <span class=\"toggler-icon\"><\/span>\r\n                        <\/div>\r\n                        <div class=\"toggler-item-content\" id=\"toggler-item-content-singapur\" >\r\n                                                            <div class=\"toggler-item-content-inner\">\r\n                                    <ul class=\"line-list full-link\">\n<li><a href=\"https:\/\/www.bordier.com\/es\/legal-and-compliance\/singapore\/general-information\/\">General information<\/a><\/li>\n<li><a href=\"https:\/\/www.bordier.com\/es\/legal-and-compliance\/singapore\/data-protection\/\">Data Protection<\/a><\/li>\n<li><a href=\"https:\/\/www.bordier.com\/es\/legal-and-compliance\/singapore\/compliance\/\">Compliance<\/a><\/li>\n<li><a href=\"https:\/\/www.bordier.com\/es\/legal-and-compliance\/singapore\/disclaimer\/\">Disclaimer<\/a><\/li>\n<li><a href=\"https:\/\/www.bordier.com\/es\/legal-and-compliance\/singapore\/terms-of-use-for-bordier-eservices\/\">Terms of Use Bordier Eservices<\/a><\/li>\n<li><a href=\"https:\/\/www.bordier.com\/es\/legal-and-compliance\/singapore\/security-guideline\/\">Security Guidelines<\/a><\/li>\n<li><a href=\"https:\/\/www.bordier.com\/es\/legal-and-compliance\/singapore\/fatca\/\">FATCA<\/a><\/li>\n<li><a href=\"https:\/\/www.bordier.com\/es\/legal-and-compliance\/singapore-legal-and-compliance-digital-assets-services\/\">Digital Assets Services<\/a><\/li>\n<\/ul>\n                                <\/div>\r\n                                                    <\/div>\r\n                    <\/div>\r\n                                    <div class=\"toggler-list-item  type-default\" id=\"toggler-list-item-francia\" >\r\n                        \r\n                        <div class=\"toggler-item-top\" id=\"toggler-item-top-francia\" >\r\n                            <h4>Francia                                                        <\/h4>\r\n                            <span class=\"toggler-icon\"><\/span>\r\n                        <\/div>\r\n                        <div class=\"toggler-item-content\" id=\"toggler-item-content-francia\" >\r\n                                                            <div class=\"toggler-item-content-inner\">\r\n                                    <ul class=\"line-list full-link\">\n<li><a href=\"https:\/\/www.bordier.com\/es\/legal-and-compliance\/france-legal-and-compliance\/france-legal-compliance-legal-information\/\">Informaci\u00f3n legal<\/a><\/li>\n<li><a href=\"https:\/\/www.bordier.com\/es\/legal-and-compliance\/france-legal-and-compliance\/france-legal-compliance-regulatory-information\/\">Informaci\u00f3n normativa<\/a><\/li>\n<li><a href=\"https:\/\/www.bordier.com\/es\/legal-and-compliance\/france-legal-and-compliance\/france-legal-compliance-general-data-protection-policy\/\">Pol\u00edtica general de protecci\u00f3n de datos<\/a><\/li>\n<li><a href=\"https:\/\/www.bordier.com\/es\/legal-and-compliance\/france-legal-and-compliance\/france-legal-compliance-shareholder-rights-policy\/\">Pol\u00edtica en materia de derechos de los accionistas<\/a><\/li>\n<li><a href=\"https:\/\/www.bordier.com\/es\/legal-and-compliance\/france-legal-and-compliance\/france-legal-compliance-best-selection-policy\/\">Pol\u00edtica de selecci\u00f3n \u00f3ptima<\/a><\/li>\n<li><a href=\"https:\/\/www.bordier.com\/es\/legal-and-compliance\/france-legal-and-compliance\/france-legal-compliance-sustainable-finance-esg-policy\/\">Finanzas sostenibles &#8211; Pol\u00edtica ESG<\/a><\/li>\n<\/ul>\n                                <\/div>\r\n                                                    <\/div>\r\n                    <\/div>\r\n                                    <div class=\"toggler-list-item  type-default\" id=\"toggler-list-item-islas-turcas-y-caicos\" >\r\n                        \r\n                        <div class=\"toggler-item-top\" id=\"toggler-item-top-islas-turcas-y-caicos\" >\r\n                            <h4>Islas Turcas y Caicos                                                        <\/h4>\r\n                            <span class=\"toggler-icon\"><\/span>\r\n                        <\/div>\r\n                        <div class=\"toggler-item-content\" id=\"toggler-item-content-islas-turcas-y-caicos\" >\r\n                                                            <div class=\"toggler-item-content-inner\">\r\n                                    <ul class=\"line-list full-link\">\n<li><a href=\"https:\/\/www.bordier.com\/es\/legal-and-compliance\/turks-and-caicos\/data-protection\/\">Data Protection<\/a><\/li>\n<li><a href=\"https:\/\/www.bordier.com\/es\/legal-and-compliance\/turks-and-caicos\/disclaimer\/\">Disclaimer<\/a><\/li>\n<\/ul>\n                                <\/div>\r\n                                                    <\/div>\r\n                    <\/div>\r\n                                    <div class=\"toggler-list-item  type-default\" id=\"toggler-list-item-uruguay\" >\r\n                        \r\n                        <div class=\"toggler-item-top\" id=\"toggler-item-top-uruguay\" >\r\n                            <h4>Uruguay                                                        <\/h4>\r\n                            <span class=\"toggler-icon\"><\/span>\r\n                        <\/div>\r\n                        <div class=\"toggler-item-content\" id=\"toggler-item-content-uruguay\" >\r\n                                                            <div class=\"toggler-item-content-inner\">\r\n                                    <ul class=\"line-list full-link\">\n<li><a href=\"https:\/\/www.bordier.com\/legal-and-compliance\/uruguay\/data-protection\/\">Pol\u00edtica general de protecci\u00f3n de datos<\/a><\/li>\n<li><a href=\"https:\/\/www.bordier.com\/legal-and-compliance\/uruguay\/disclaimer\/\">Informaci\u00f3n legal general<\/a><\/li>\n<\/ul>\n                                <\/div>\r\n                                                    <\/div>\r\n                    <\/div>\r\n                            <\/div>\r\n            <\/div>\r\n<\/section><\/div><\/div>\n\n\n\n<div class=\"wp-block-cover right-text\" style=\"min-height:10vw;aspect-ratio:unset;\"><img alt=\"\" fetchpriority=\"high\" decoding=\"async\" width=\"1440\" height=\"510\" class=\"wp-block-cover__image-background wp-image-3246\" alt=\"\" src=\"https:\/\/www.bordier.com\/wp-content\/uploads\/2024\/07\/Rectangle-165-1.jpg\" data-object-fit=\"cover\" srcset=\"https:\/\/www.bordier.com\/wp-content\/uploads\/2024\/07\/Rectangle-165-1.jpg 1440w, https:\/\/www.bordier.com\/wp-content\/uploads\/2024\/07\/Rectangle-165-1-300x106.jpg 300w, https:\/\/www.bordier.com\/wp-content\/uploads\/2024\/07\/Rectangle-165-1-1024x363.jpg 1024w, https:\/\/www.bordier.com\/wp-content\/uploads\/2024\/07\/Rectangle-165-1-768x272.jpg 768w\" sizes=\"(max-width: 1440px) 100vw, 1440px\" \/><span aria-hidden=\"true\" class=\"wp-block-cover__background has-black-background-color has-background-dim-20 has-background-dim\"><\/span><div class=\"wp-block-cover__inner-container is-layout-constrained wp-block-cover-is-layout-constrained\">\n<div class=\"wp-block-group\"><div class=\"wp-block-group__inner-container is-layout-constrained wp-block-group-is-layout-constrained\">\n<h4 class=\"wp-block-heading has-text-align-left has-large-font-size\">Contacte con nuestro equipo<\/h4>\n\n\n\n<p class=\"has-small-font-size\">Velamos por sus intereses porque tambi\u00e9n son los nuestros. P\u00f3ngase en contacto con nosotros hoy mismo por correo electr\u00f3nico.<\/p>\n\n\n\n<div class=\"wp-block-buttons is-layout-flex wp-block-buttons-is-layout-flex\">\n<div class=\"wp-block-button is-style-fill blured\"><a class=\"wp-block-button__link wp-element-button\" href=\"https:\/\/www.bordier.com\/es\/contacte-con-nosotros\/\"><strong>CONTACTO<\/strong><\/a><\/div>\n<\/div>\n<\/div><\/div>\n<\/div><\/div>\n","protected":false},"excerpt":{"rendered":"","protected":false},"author":1,"featured_media":0,"parent":0,"menu_order":100,"comment_status":"closed","ping_status":"closed","template":"","meta":{"_acf_changed":false,"_seopress_robots_primary_cat":"","_seopress_titles_title":"","_seopress_titles_desc":"","_seopress_robots_index":"","footnotes":""},"class_list":["post-11148","page","type-page","status-publish","hentry"],"acf":[],"_links":{"self":[{"href":"https:\/\/www.bordier.com\/es\/wp-json\/wp\/v2\/pages\/11148","targetHints":{"allow":["GET"]}}],"collection":[{"href":"https:\/\/www.bordier.com\/es\/wp-json\/wp\/v2\/pages"}],"about":[{"href":"https:\/\/www.bordier.com\/es\/wp-json\/wp\/v2\/types\/page"}],"author":[{"embeddable":true,"href":"https:\/\/www.bordier.com\/es\/wp-json\/wp\/v2\/users\/1"}],"replies":[{"embeddable":true,"href":"https:\/\/www.bordier.com\/es\/wp-json\/wp\/v2\/comments?post=11148"}],"version-history":[{"count":5,"href":"https:\/\/www.bordier.com\/es\/wp-json\/wp\/v2\/pages\/11148\/revisions"}],"predecessor-version":[{"id":28364,"href":"https:\/\/www.bordier.com\/es\/wp-json\/wp\/v2\/pages\/11148\/revisions\/28364"}],"wp:attachment":[{"href":"https:\/\/www.bordier.com\/es\/wp-json\/wp\/v2\/media?parent=11148"}],"curies":[{"name":"wp","href":"https:\/\/api.w.org\/{rel}","templated":true}]}}