{"id":11170,"date":"2024-07-08T08:43:17","date_gmt":"2024-07-08T07:43:17","guid":{"rendered":"https:\/\/staging.bordier.com\/colaboraciones\/"},"modified":"2025-12-18T13:47:42","modified_gmt":"2025-12-18T12:47:42","slug":"colaboraciones","status":"publish","type":"page","link":"https:\/\/www.bordier.com\/es\/colaboraciones\/","title":{"rendered":"Colaboraci\u00f3n"},"content":{"rendered":"\n<section id=\"section-block_8d22715dc6698cce711b006bba184a42\" class=\"page-hero-outer type-default\">\n    <div class=\"holder\">\n        <div class=\"page-hero-content\">\n            <div class=\"acf-innerblocks-container\">\n\n<h6 class=\"wp-block-heading\">Colaboraci\u00f3n<\/h6>\n\n\n\n<h1 class=\"wp-block-heading text-indent-m mobile-no-indent\"><em>Creemos<\/em> en compartir el <em>conocimiento<\/em><\/h1>\n\n<\/div>        <\/div>\n    <\/div>\n        <figure class=\"page-hero-bg\">\n        <img decoding=\"async\" \n            src=\"https:\/\/www.bordier.com\/wp-content\/uploads\/2024\/08\/bordier-collaboration-hero.jpg\" \n            srcset=\"https:\/\/www.bordier.com\/wp-content\/uploads\/2024\/08\/bordier-collaboration-hero.jpg 1440w, https:\/\/www.bordier.com\/wp-content\/uploads\/2024\/08\/bordier-collaboration-hero-300x160.jpg 300w, https:\/\/www.bordier.com\/wp-content\/uploads\/2024\/08\/bordier-collaboration-hero-1024x546.jpg 1024w, https:\/\/www.bordier.com\/wp-content\/uploads\/2024\/08\/bordier-collaboration-hero-768x410.jpg 768w\"\n            alt=\"\"\n        >\n    <\/figure>\n    <\/section>\n\n\n<div class=\"wp-block-group wrapper-s\"><div class=\"wp-block-group__inner-container is-layout-constrained wp-block-group-is-layout-constrained\">\n<p>Como depositarios de patrimonio, para nosotros la banca privada es algo m\u00e1s que productos financieros y rentabilidad. Colaboramos con gestoras de activos externas y sus clientes, entidades financieras y socios comerciales que comparten con nosotros sus conocimientos especializados en \u00e1mbitos tan diversos como el derecho, la contabilidad, la fiscalidad, las tecnofinanzas o el arte.<\/p>\n<\/div><\/div>\n\n\n\n<div id=\"external-asset-managers\" class=\"wp-block-group wrapper-m background-light spacing-vertical-s\"><div class=\"wp-block-group__inner-container is-layout-constrained wp-block-group-is-layout-constrained\">\n<h3 class=\"wp-block-heading\">Gestores de patrimonio <em>independientes<\/em><\/h3>\n\n\n\n<div class=\"wp-block-group wrapper-s spacing-bottom-m\"><div class=\"wp-block-group__inner-container is-layout-constrained wp-block-group-is-layout-constrained\">\n<hr class=\"wp-block-separator has-alpha-channel-opacity spacing-vertical-s\"\/>\n\n\n\n<h4 class=\"wp-block-heading\">Construimos <em>relaciones<\/em> valiosas y duraderas sobre la <em>confianza<\/em> y el <em>respeto<\/em> mutuos.<\/h4>\n\n\n\n<p>Gracias a un car\u00e1cter din\u00e1mico, colaborativo y emprendedor, podemos adaptar nuestros servicios a su empresa. Le proporcionamos todas las herramientas y la asistencia necesarias con las que podr\u00e1 establecer relaciones a largo plazo beneficiosas para usted y para sus clientes.<\/p>\n\n\n\n<p>Seleccionamos minuciosamente a nuestros socios y, a lo largo del tiempo, hemos construido relaciones valiosas y duraderas sobre la confianza y el respeto mutuos que se han transmitido de generaci\u00f3n a generaci\u00f3n.<\/p>\n<\/div><\/div>\n\n\n\n<h3 class=\"wp-block-heading\">Colaboraci\u00f3n <em>estrat\u00e9gica<\/em><\/h3>\n\n\n\n<div class=\"wp-block-group wrapper-s spacing-vertical-s\"><div class=\"wp-block-group__inner-container is-layout-constrained wp-block-group-is-layout-constrained\">\n<hr class=\"wp-block-separator has-alpha-channel-opacity spacing-vertical-s\"\/>\n\n\n\n<h4 class=\"wp-block-heading\">Trabajamos codo a codo con entidades <em>financieras<\/em> para transformar los servicios locales que ofrecen a sus clientes de banca <em>privada<\/em>.<\/h4>\n\n\n\n<p>Juntos, elaboraremos una hoja de ruta estrat\u00e9gica que puede resultar \u00fatil a usted y a su equipo.<\/p>\n\n\n\n<p>Compartimos nuestros conocimientos con otras entidades prest\u00e1ndoles servicios de consultor\u00eda para satisfacer sus necesidades en el \u00e1mbito de la banca privada. Desde la provisi\u00f3n de las soluciones adecuadas para implantar un modelo de servicio hasta la creaci\u00f3n de un departamento de patrimonio privado desde cero, emprendemos proyectos de colaboraci\u00f3n a largo plazo.<\/p>\n\n\n\r\n<section id=\"section-block_b9adbdb931b950fbfda23918908a6bd6\" class=\"custom-video-outer aligncenter\">\r\n\r\n    \r\n    <figure class=\"custom-video\">\r\n\r\n        <div class=\"video-popup-holder\">\r\n            <div class=\"video-holder\">\r\n                <video loop playsinline>\r\n                    <source src=\"https:\/\/player.vimeo.com\/progressive_redirect\/playback\/1147593337\/rendition\/1080p\/file.mp4%20%281080p%29.mp4?loc=external&#038;log_user=0&#038;signature=49faf19c8f47698f5cd185c5752bdf258e6c05da6828f6e4822049e469a3735d\" type=\"video\/mp4\">\r\n                    Your browser does not support the video tag.                <\/video>\r\n                <div class=\"video-controls\">\r\n\r\n                    <div class=\"exit-button\">\r\n                        <svg class=\"icon-close\">\r\n                            <use xlink:href=\"https:\/\/www.bordier.com\/wp-content\/themes\/bordier-wp\/assets\/img\/icons.svg#icon-close\"><\/use>\r\n                        <\/svg>\r\n                    <\/div>\r\n    \r\n                    <div class=\"play-button\">\r\n    \r\n                        <div class=\"play-icon\" data-status=\"play\">\r\n                            <svg class=\"icon-play\">\r\n                                <use xlink:href=\"https:\/\/www.bordier.com\/wp-content\/themes\/bordier-wp\/assets\/img\/icons.svg#icon-play\"><\/use>\r\n                            <\/svg>\r\n                        <\/div>\r\n    \r\n                        <div class=\"play-icon\" data-status=\"pause\">\r\n                            <svg class=\"icon-pause\">\r\n                                <use xlink:href=\"https:\/\/www.bordier.com\/wp-content\/themes\/bordier-wp\/assets\/img\/icons.svg#icon-pause\"><\/use>\r\n                            <\/svg>\r\n                        <\/div>\r\n    \r\n                    <\/div>\r\n\r\n                    <div class=\"bottom-controls\">\r\n\r\n                        <span class=\"video-length\"><\/span>\r\n                        \r\n                        <div class=\"progress-bar\"> \r\n                            <div class=\"time-bar\"><\/div>\r\n                            <input class=\"vimeovideo-progress-seek\" type=\"range\" min=\"0\" max=\"100\" step=\"0.1\" value=\"0\" data-vimeovideo=\"seek\">\r\n                            <progress class=\"vimeovideo-progress-played\" max=\"100\" value=\"0\" role=\"presentation\"><\/progress>\r\n                        <\/div>\r\n\r\n                        <div class=\"left-side\">\r\n                            <div class=\"small-play-button\">\r\n\r\n                                <svg class=\"icon-play\">\r\n                                    <use xlink:href=\"https:\/\/www.bordier.com\/wp-content\/themes\/bordier-wp\/assets\/img\/icons.svg#icon-play\"><\/use>\r\n                                <\/svg>\r\n\r\n                                <svg class=\"icon-pause\">\r\n                                    <use xlink:href=\"https:\/\/www.bordier.com\/wp-content\/themes\/bordier-wp\/assets\/img\/icons.svg#icon-pause\"><\/use>\r\n                                <\/svg>\r\n\r\n                            <\/div>\r\n                        <\/div>\r\n\r\n                        <div class=\"right-side\">\r\n\r\n                            <div class=\"volume-control\">\r\n            \r\n                                <div class=\"mute-icon\" data-status=\"muted\">\r\n                                    <svg class=\"icon-mute\">\r\n                                        <use xlink:href=\"https:\/\/www.bordier.com\/wp-content\/themes\/bordier-wp\/assets\/img\/icons.svg#icon-mute\"><\/use>\r\n                                    <\/svg>\r\n                                <\/div>\r\n                                <div class=\"mute-icon\" data-status=\"unmuted\">\r\n                                    <svg class=\"icon-unmute\">\r\n                                        <use xlink:href=\"https:\/\/www.bordier.com\/wp-content\/themes\/bordier-wp\/assets\/img\/icons.svg#icon-unmute\"><\/use>\r\n                                    <\/svg>\r\n                                <\/div>\r\n            \r\n                            <\/div>\r\n\r\n                            <div class=\"expand\">\r\n                                <svg class=\"icon-expand\">\r\n                                    <use xlink:href=\"https:\/\/www.bordier.com\/wp-content\/themes\/bordier-wp\/assets\/img\/icons.svg#icon-expand\"><\/use>\r\n                                <\/svg>\r\n\r\n                                <svg class=\"icon-collapse\">\r\n                                    <use xlink:href=\"https:\/\/www.bordier.com\/wp-content\/themes\/bordier-wp\/assets\/img\/icons.svg#icon-collapse\"><\/use>\r\n                                <\/svg>\r\n                            <\/div>\r\n\r\n                        <\/div>\r\n\r\n                    <\/div>\r\n    \r\n                <\/div>\r\n            <\/div>\r\n        <\/div>\r\n\r\n    \r\n        <div class=\"video-controls\">\r\n\r\n            <div class=\"play-button\">\r\n\r\n                <div class=\"play-icon\" data-status=\"play\">\r\n                    <svg class=\"icon-play\">\r\n                        <use xlink:href=\"https:\/\/www.bordier.com\/wp-content\/themes\/bordier-wp\/assets\/img\/icons.svg#icon-play\"><\/use>\r\n                    <\/svg>\r\n                <\/div>\r\n\r\n                <div class=\"play-icon\" data-status=\"pause\">\r\n                    <svg class=\"icon-pause\">\r\n                        <use xlink:href=\"https:\/\/www.bordier.com\/wp-content\/themes\/bordier-wp\/assets\/img\/icons.svg#icon-pause\"><\/use>\r\n                    <\/svg>\r\n                <\/div>\r\n\r\n            <\/div>\r\n\r\n        <\/div>\r\n\r\n\r\n                    <figure class=\"video-cover\">\r\n                <img decoding=\"async\" src=\"https:\/\/www.bordier.com\/wp-content\/uploads\/2025\/02\/Evrard-Bordier-fr-1.jpg\" alt=\"Video Cover\">\r\n            <\/figure>\r\n        \r\n    <\/figure>\r\n\r\n    <\/section>\r\n\r\n<h4 class=\"wp-block-heading custom-video-caption has-medium-font-size animated in-view\"><p>La versi\u00f3n original de este v\u00eddeo fue producida en ingl\u00e9s y adaptada con la asistencia de herramientas de inteligencia artificial. En caso de divergencia entre las distintas versiones ling\u00fc\u00edsticas, \u00fanicamente la versi\u00f3n inglesa prevalece.<\/p>\n<\/h4>\r\n\r\n<\/div><\/div>\n\n\n\n<h3 class=\"wp-block-heading\">Socios <em>comerciales<\/em><\/h3>\n\n\n\n<div class=\"wp-block-group wrapper-s spacing-vertical-s\"><div class=\"wp-block-group__inner-container is-layout-constrained wp-block-group-is-layout-constrained\">\n<hr class=\"wp-block-separator has-alpha-channel-opacity spacing-vertical-s\"\/>\n\n\n\n<h4 class=\"wp-block-heading\">Nuestro formato de boutique nos <em>permite<\/em> adaptarnos con facilidad a <em>sus<\/em> necesidades y a las de sus <em>clientes<\/em>.<\/h4>\n\n\n\n<p>Como banco cuyos socios son propietarios y participan activamente en la gesti\u00f3n de la empresa, comprendemos sus objetivos y los retos a los que se enfrenta.<\/p>\n<\/div><\/div>\n<\/div><\/div>\n\n\n\n<div class=\"wp-block-cover right-text\" style=\"min-height:10vw;aspect-ratio:unset;\"><img alt=\"\" fetchpriority=\"high\" decoding=\"async\" width=\"2560\" height=\"907\" class=\"wp-block-cover__image-background wp-image-5549\" alt=\"\" src=\"https:\/\/www.bordier.com\/wp-content\/uploads\/2024\/10\/Rectangle-scaled.jpg\" data-object-fit=\"cover\" srcset=\"https:\/\/www.bordier.com\/wp-content\/uploads\/2024\/10\/Rectangle-scaled.jpg 2560w, https:\/\/www.bordier.com\/wp-content\/uploads\/2024\/10\/Rectangle-300x106.jpg 300w, https:\/\/www.bordier.com\/wp-content\/uploads\/2024\/10\/Rectangle-1024x363.jpg 1024w, https:\/\/www.bordier.com\/wp-content\/uploads\/2024\/10\/Rectangle-768x272.jpg 768w, https:\/\/www.bordier.com\/wp-content\/uploads\/2024\/10\/Rectangle-1536x544.jpg 1536w, https:\/\/www.bordier.com\/wp-content\/uploads\/2024\/10\/Rectangle-2048x726.jpg 2048w\" sizes=\"(max-width: 2560px) 100vw, 2560px\" \/><span aria-hidden=\"true\" class=\"wp-block-cover__background has-black-background-color has-background-dim-20 has-background-dim\"><\/span><div class=\"wp-block-cover__inner-container is-layout-constrained wp-block-cover-is-layout-constrained\">\n<div class=\"wp-block-group\"><div class=\"wp-block-group__inner-container is-layout-constrained wp-block-group-is-layout-constrained\">\n<h4 class=\"wp-block-heading has-text-align-left has-large-font-size\">La familia le da la bienvenida<\/h4>\n\n\n\n<p class=\"has-small-font-size\">Env\u00ede un correo electr\u00f3nico a Bordier<\/p>\n\n\n\n<div class=\"wp-block-buttons is-layout-flex wp-block-buttons-is-layout-flex\">\n<div class=\"wp-block-button is-style-fill blured\"><a class=\"wp-block-button__link wp-element-button\" href=\"https:\/\/www.bordier.com\/es\/contacte-con-nosotros\/\"><strong>CONTACTO<\/strong><\/a><\/div>\n<\/div>\n<\/div><\/div>\n<\/div><\/div>\n","protected":false},"excerpt":{"rendered":"<p>Como depositarios de patrimonio, para nosotros la banca privada es algo m\u00e1s que productos financieros &#8230;<\/p>\n","protected":false},"author":1,"featured_media":0,"parent":0,"menu_order":70,"comment_status":"closed","ping_status":"closed","template":"","meta":{"_acf_changed":false,"_seopress_robots_primary_cat":"","_seopress_titles_title":"","_seopress_titles_desc":"","_seopress_robots_index":"","footnotes":""},"class_list":["post-11170","page","type-page","status-publish","hentry"],"acf":[],"_links":{"self":[{"href":"https:\/\/www.bordier.com\/es\/wp-json\/wp\/v2\/pages\/11170","targetHints":{"allow":["GET"]}}],"collection":[{"href":"https:\/\/www.bordier.com\/es\/wp-json\/wp\/v2\/pages"}],"about":[{"href":"https:\/\/www.bordier.com\/es\/wp-json\/wp\/v2\/types\/page"}],"author":[{"embeddable":true,"href":"https:\/\/www.bordier.com\/es\/wp-json\/wp\/v2\/users\/1"}],"replies":[{"embeddable":true,"href":"https:\/\/www.bordier.com\/es\/wp-json\/wp\/v2\/comments?post=11170"}],"version-history":[{"count":1,"href":"https:\/\/www.bordier.com\/es\/wp-json\/wp\/v2\/pages\/11170\/revisions"}],"predecessor-version":[{"id":26852,"href":"https:\/\/www.bordier.com\/es\/wp-json\/wp\/v2\/pages\/11170\/revisions\/26852"}],"wp:attachment":[{"href":"https:\/\/www.bordier.com\/es\/wp-json\/wp\/v2\/media?parent=11170"}],"curies":[{"name":"wp","href":"https:\/\/api.w.org\/{rel}","templated":true}]}}