{"id":11174,"date":"2024-07-08T08:45:20","date_gmt":"2024-07-08T08:45:20","guid":{"rendered":"https:\/\/staging.bordier.com\/informacion-legal\/"},"modified":"2024-10-28T13:21:12","modified_gmt":"2024-10-28T13:21:12","slug":"informacion-legal","status":"publish","type":"page","link":"https:\/\/www.bordier.com\/es\/informacion-legal\/","title":{"rendered":"Informaci\u00f3n legal"},"content":{"rendered":"\n<section id=\"section-block_c883f932fa3599fadb4f0e2bc366aef4\" class=\"page-hero-outer headline-left-m type-simple\">\n    <div class=\"holder\">\n        <div class=\"page-hero-content\">\n            <div class=\"acf-innerblocks-container\">\n\n<h6 class=\"wp-block-heading\">Legal<\/h6>\n\n\n\n<h1 class=\"wp-block-heading text-indent-m\">Legal<br\/><em><strong>Informaci\u00f3n<\/strong><\/em><\/h1>\n\n<\/div>        <\/div>\n    <\/div>\n    <\/section>\n<div class=\"wp-block-group background-light\"><div class=\"wp-block-group__inner-container is-layout-constrained wp-block-group-is-layout-constrained\">\n<section id=\"section-block_d214dd2150c0d73433f69cd3c94e8241\" class=\"aside-toggler-outer\">\n    <div class=\"holder\">\n        <div class=\"toggler-headlines\">\n            <ul>\n                <li class=\"disabled\">\u00cdndice<\/li>\n            <\/ul>\n        <\/div>\n        <div class=\"text-holder post-entry\">\n            <h3>Informaci\u00f3n legal sobre la empresa<\/h3>\n<p>  Actualmente est\u00e1s conectado al sitio de Bordier &amp; Cie France SA Este sitio es propiedad de Bordier &amp; Cie (France) SA sociedad de gesti\u00f3n autorizada por la AMF (autorizaci\u00f3n n\u00ba GP05000028 expedida el 26 de julio de 2005), inscrita en el registro mercantil y de sociedades de PAR\u00cdS, con el n\u00famero B432 527 455, cuya sede social se encuentra en 1 rue Fran\u00e7ois 1er 75008 PAR\u00cdS.  <\/p>\n<h3>Finalidad del sitio: informar<\/h3>\n<p>  El sitio de Bordier &amp; Cie France SA es un sitio exclusivamente informativo cuyo objetivo es presentar la actividad de gesti\u00f3n de carteras de Bordier &amp; Cie France SA, as\u00ed como las principales caracter\u00edsticas de sus FIA y servicios. Las informaciones, noticias, an\u00e1lisis, datos y cursos publicados y eventualmente los consejos desarrollados en el sitio se proporcionan a t\u00edtulo informativo y no contractual, y pueden modificarse sin previo aviso. No constituyen una oferta de compra o venta, ni asesoramiento financiero o compromiso alguno por parte de Bordier &amp; Cie (France) SA. Tampoco se facilitan con el fin de realizar transacciones. De manera m\u00e1s general, cualquier informaci\u00f3n burs\u00e1til puesta a disposici\u00f3n del p\u00fablico en el Sitio no constituye en modo alguno, directa o indirectamente, en ning\u00fan pa\u00eds, ninguna solicitud ni ninguna oferta de valores. Bordier &amp; Cie (France) SA no se hace responsable del contenido, uso o consecuencias directas o indirectas del uso, informaci\u00f3n y an\u00e1lisis publicados en este Sitio. Por lo tanto, Bordier &amp; Cie declina cualquier responsabilidad, expresa o t\u00e1cita, relativa a la exactitud o exhaustividad de la informaci\u00f3n disponible en el sitio o vinculada a \u00e9l mediante enlaces de hipertexto o relativa al valor comercial de esta informaci\u00f3n. Para facilitar tu navegaci\u00f3n, ofrecemos en este Sitio enlaces de hipertexto a Sitios de Internet gestionados por empresas del Grupo Bordier &amp; Cie o por terceros. El uso de estos enlaces implica que abandonas nuestro Sitio. No podemos garantizar en modo alguno el contenido o la funcionalidad de los sitios a los que se establecen enlaces de hipertexto desde nuestro Sitio; dichos enlaces no pueden comprometer en modo alguno la responsabilidad de Bordier &amp; Cie (France) SA.           <\/p>\n<h3>Rendimiento<\/h3>\n<p>  Los rendimientos pasados de los que se informa en este Sitio no son en modo alguno indicativos de rendimientos futuros y no son constantes en el tiempo. Bordier &amp; Cie (France) SA recomienda expresamente no tomar ninguna decisi\u00f3n bas\u00e1ndose en esta informaci\u00f3n antes de haberla verificado, quedando especificado que, en cualquier caso, ser\u00e1s el \u00fanico responsable del uso que decidas hacer de ella.   <\/p>\n<h3>Acceso limitado<\/h3>\n<p>  El acceso a los productos y servicios presentados en el sitio puede estar sujeto a restricciones con respecto a determinadas personas o determinados pa\u00edses, y en particular con respecto a los inversores de Estados Unidos y el Reino Unido que est\u00e1n sujetos a una legislaci\u00f3n espec\u00edfica. Adem\u00e1s, los productos y servicios presentados en este sitio s\u00f3lo pueden suscribirse en jurisdicciones en las que su comercializaci\u00f3n y promoci\u00f3n est\u00e9n autorizadas. Bordier &amp; Cie (France) SA aconseja a cualquier persona interesada que se asegure primero de que est\u00e1 legalmente autorizada a suscribir los productos y\/o servicios presentados en el sitio. Bordier &amp; Cie (France) SA no podr\u00e1 ser considerada responsable frente a persona alguna por las p\u00e9rdidas, da\u00f1os, costes o gastos de cualquier naturaleza (en particular, lucro cesante o p\u00e9rdida de uso, da\u00f1os directos o indirectos, fortuitos o emergentes) que resulten de errores, omisiones o alteraciones de la informaci\u00f3n obtenida por correo electr\u00f3nico o en el servidor o conectada al servidor mediante enlaces de hipertexto o p\u00e9rdidas resultantes del acceso al sitio de Bordier &amp; Cie (France) SA o por correo electr\u00f3nico u otro sistema por el que se transmita la informaci\u00f3n.     <\/p>\n<h3>Propiedad del sitio, derechos de autor y marcas registradas<\/h3>\n<p>  Todo el contenido del sitio web de Bordier &amp; Cie (France) SA est\u00e1 sujeto a derechos de autor, todos los derechos reservados. No puedes reproducir (total o parcialmente), transmitir (por medios electr\u00f3nicos o de otro tipo), modificar, crear un enlace o utilizar para cualquier fin comercial o p\u00fablico el sitio web de Bordier &amp; Cie (France) SA. Sin embargo, puedes descargar o imprimir p\u00e1ginas y\/o partes del sitio web de Bordier &amp; Cie (France) SA en papel, para fines estrictamente personales, siempre que no elimines ning\u00fan aviso de copyright u otros avisos relativos a los derechos de propiedad intelectual. Cookies y seguimiento: Los usuarios del Sitio reconocen haber aceptado que, al acceder y utilizar el Sitio, Bordier &amp; Cie (France ) HER recopile informaci\u00f3n relativa a las frecuencias de acceso, las operaciones realizadas y la informaci\u00f3n consultada.     <\/p>\n<h3>Hiperenlaces y virus<\/h3>\n<p>  Bordier &amp; Cie (France) SA no controla ni garantiza la creaci\u00f3n de enlaces a otros sitios ajenos a Bordier &amp; Cie (France) SA ni el contenido de dichos sitios. En consecuencia, aceptas que tu decisi\u00f3n de acceder a otro sitio a trav\u00e9s de un hiperv\u00ednculo es de tu exclusiva responsabilidad. Debes tomar las precauciones necesarias para asegurarte de que el sitio que has elegido no contiene virus u otros elementos maliciosos.    <\/p>\n<h3>Descargo de responsabilidad<\/h3>\n<p>  Bajo ninguna circunstancia, incluida la negligencia pero sin limitarse a ella, Bordier &amp; Cie (France) SA ser\u00e1 responsable de ning\u00fan da\u00f1o especial o indirecto que pueda resultar del acceso o uso, o de la incapacidad de acceder o usar los datos del sitio web.  <\/p>\n<h3>Derecho aplicable<\/h3>\n<p>  Este sitio web se rige por la legislaci\u00f3n francesa. Cualquier acci\u00f3n relacionada con este sitio debe presentarse ante los tribunales franceses. <\/p>\n            <div class=\"acf-innerblocks-container\"><\/div>        <\/div>\n    <\/div>\n<\/section><\/div><\/div>\n\n<div class=\"wp-block-cover right-text\" style=\"min-height:10vw;aspect-ratio:unset;\"><span aria-hidden=\"true\" class=\"wp-block-cover__background has-black-background-color has-background-dim-20 has-background-dim\"><\/span><img alt=\"\" fetchpriority=\"high\" decoding=\"async\" width=\"1440\" height=\"510\" class=\"wp-block-cover__image-background wp-image-3246\" alt=\"\" src=\"https:\/\/www.bordier.com\/wp-content\/uploads\/2024\/07\/Rectangle-165-1.jpg\" data-object-fit=\"cover\" srcset=\"https:\/\/www.bordier.com\/wp-content\/uploads\/2024\/07\/Rectangle-165-1.jpg 1440w, https:\/\/www.bordier.com\/wp-content\/uploads\/2024\/07\/Rectangle-165-1-300x106.jpg 300w, https:\/\/www.bordier.com\/wp-content\/uploads\/2024\/07\/Rectangle-165-1-1024x363.jpg 1024w, https:\/\/www.bordier.com\/wp-content\/uploads\/2024\/07\/Rectangle-165-1-768x272.jpg 768w\" sizes=\"(max-width: 1440px) 100vw, 1440px\" \/><div class=\"wp-block-cover__inner-container is-layout-constrained wp-block-cover-is-layout-constrained\">\n<div class=\"wp-block-group\"><div class=\"wp-block-group__inner-container is-layout-constrained wp-block-group-is-layout-constrained\">\n<h4 class=\"wp-block-heading has-text-align-left has-large-font-size\">Ponte en contacto con <em>nuestro equipo<\/em><\/h4>\n\n\n\n<p class=\"has-small-font-size\">Nuestro punto de partida siempre eres t\u00fa, ya que tus intereses tambi\u00e9n son los nuestros a proteger. Ponte en contacto con nosotros por correo electr\u00f3nico o WhatsApp hoy mismo. <\/p>\n\n\n\n<div class=\"wp-block-buttons is-layout-flex wp-block-buttons-is-layout-flex\">\n<div class=\"wp-block-button is-style-fill blured\"><a class=\"wp-block-button__link wp-element-button\" href=\"https:\/\/www.bordier.com\/contact-us\/\"><strong>CONTACTO<\/strong><\/a><\/div>\n<\/div>\n<\/div><\/div>\n<\/div><\/div>\n","protected":false},"excerpt":{"rendered":"","protected":false},"author":1,"featured_media":0,"parent":0,"menu_order":120,"comment_status":"closed","ping_status":"closed","template":"","meta":{"_acf_changed":false,"_seopress_robots_primary_cat":"","_seopress_titles_title":"","_seopress_titles_desc":"","_seopress_robots_index":"","_seopress_analysis_target_kw":"","footnotes":""},"class_list":["post-11174","page","type-page","status-publish","hentry"],"acf":[],"_links":{"self":[{"href":"https:\/\/www.bordier.com\/es\/wp-json\/wp\/v2\/pages\/11174","targetHints":{"allow":["GET"]}}],"collection":[{"href":"https:\/\/www.bordier.com\/es\/wp-json\/wp\/v2\/pages"}],"about":[{"href":"https:\/\/www.bordier.com\/es\/wp-json\/wp\/v2\/types\/page"}],"author":[{"embeddable":true,"href":"https:\/\/www.bordier.com\/es\/wp-json\/wp\/v2\/users\/1"}],"replies":[{"embeddable":true,"href":"https:\/\/www.bordier.com\/es\/wp-json\/wp\/v2\/comments?post=11174"}],"version-history":[{"count":0,"href":"https:\/\/www.bordier.com\/es\/wp-json\/wp\/v2\/pages\/11174\/revisions"}],"wp:attachment":[{"href":"https:\/\/www.bordier.com\/es\/wp-json\/wp\/v2\/media?parent=11174"}],"curies":[{"name":"wp","href":"https:\/\/api.w.org\/{rel}","templated":true}]}}