{"id":13547,"date":"2025-01-22T08:09:01","date_gmt":"2025-01-22T08:09:01","guid":{"rendered":"https:\/\/staging.bordier.com\/?page_id=13547"},"modified":"2025-01-22T08:09:01","modified_gmt":"2025-01-22T08:09:01","slug":"sobre-nosotros-2","status":"publish","type":"page","link":"https:\/\/www.bordier.com\/es\/sobre-nosotros-2\/","title":{"rendered":"Sobre nosotros"},"content":{"rendered":"\n<section id=\"section-block_8557d08613631aa88b0d03eb1984e907\" class=\"page-hero-outer type-default\">\n    <div class=\"holder\">\n        <div class=\"page-hero-content\">\n            <div class=\"acf-innerblocks-container\">\n\n<h6 class=\"wp-block-heading\">Bordier<\/h6>\n\n\n\n<h1 class=\"wp-block-heading text-indent-s mobile-no-indent\">Un<strong><em>negocio<\/em><\/strong> familiar <em>y<\/em><br\/><strong>alineados<\/strong><\/h1>\n\n<\/div>        <\/div>\n    <\/div>\n        <figure class=\"page-hero-bg\">\n        <img decoding=\"async\" \n            src=\"https:\/\/www.bordier.com\/wp-content\/uploads\/2024\/08\/Hero-image-about.jpg\" \n            srcset=\"https:\/\/www.bordier.com\/wp-content\/uploads\/2024\/08\/Hero-image-about.jpg 1440w, https:\/\/www.bordier.com\/wp-content\/uploads\/2024\/08\/Hero-image-about-300x160.jpg 300w, https:\/\/www.bordier.com\/wp-content\/uploads\/2024\/08\/Hero-image-about-1024x546.jpg 1024w, https:\/\/www.bordier.com\/wp-content\/uploads\/2024\/08\/Hero-image-about-768x410.jpg 768w\"\n            alt=\"\"\n        >\n    <\/figure>\n    <\/section>\n<div class=\"wp-block-group wrapper-s background-light\"><div class=\"wp-block-group__inner-container is-layout-constrained wp-block-group-is-layout-constrained\">\n<h3 class=\"wp-block-heading\">Somos un banco privado familiar <em>dedicado<\/em> a clientes privados y sus familias en todo el <em>mundo<\/em>.  <\/h3>\n<\/div><\/div>\n\n<div class=\"wp-block-group\"><div class=\"wp-block-group__inner-container is-layout-constrained wp-block-group-is-layout-constrained\">\n<h2 class=\"wp-block-heading text-indent-s\"><strong>Nuestra <em>historia<\/em><\/strong><\/h2>\n\n\n\n<div class=\"wp-block-group wrapper-s spacing-vertical-s\"><div class=\"wp-block-group__inner-container is-layout-constrained wp-block-group-is-layout-constrained\">\n<h4 class=\"wp-block-heading\">Money can be stressful. Especially when so many <em>key factors are out of your hands<\/em>.<\/h4>\n\n\n\n<p class=\"text-indent-s\">Desde que empezamos en 1844, hemos visto c\u00f3mo se hund\u00edan los mercados, las guerras causaban estragos y las instituciones, incluso los pa\u00edses, quebraban. No lo hemos hecho, porque sab\u00edamos lo que se avecinaba. Los mercados siempre subir\u00e1n, y sin duda caer\u00e1n.  <\/p>\n\n\n\n<p class=\"text-indent-s\">En lugar de subirnos a la monta\u00f1a rusa, preferimos el rendimiento previsible de la paciencia.<\/p>\n\n\n\n<p class=\"text-indent-s\">El verdadero \u00e9xito se construye con el tiempo, con m\u00faltiples activos, m\u00faltiples monedas, a lo largo de m\u00faltiples d\u00e9cadas.<\/p>\n\n\n\n<p class=\"text-indent-s\">Suena gracioso, pero es cuando los mercados caen cuando nuestros clientes nos valoran m\u00e1s. Al suavizar las subidas y las bajadas, suavizamos tus niveles de estr\u00e9s. <\/p>\n<\/div><\/div>\n<\/div><\/div>\n\n<div class=\"wp-block-group\"><div class=\"wp-block-group__inner-container is-layout-constrained wp-block-group-is-layout-constrained\">\n<h3 class=\"wp-block-heading text-indent-m\"><strong>Nuestros <em>valores<\/em><\/strong><\/h3>\n\n\n\n<hr class=\"wp-block-separator has-alpha-channel-opacity\"\/>\n\n\n\n<section id=\"section-block_2b24438ba6be32a3ff536c79225173a9\" class=\"listing-video-outer\">\n    <div class=\"holder\">\n        <div class=\"columns-holder\">\n            <div class=\"enum\">\n                                    <div class=\"enum-item\">\n                                                    <h6>Responsabilidad<\/h6>\n                        \n                        <article>\n                                                            <h3>Responsabilidad personal<\/h3>\n                                                                                        <p>Al invertir nuestro propio capital, los banqueros privados respondemos personalmente. Por eso no corremos riesgos con nuestro dinero ni con el tuyo. <\/p>\n                                                    <\/article>\n                    <\/div>\n                                    <div class=\"enum-item\">\n                                                    <h6>Independencia<\/h6>\n                        \n                        <article>\n                                                            <h3>Capacidad de cuenta<\/h3>\n                                                                                        <p>Nuestra independencia absoluta significa que no tenemos que responder ante accionistas o analistas. S\u00f3lo a la pr\u00f3xima generaci\u00f3n. <\/p>\n                                                    <\/article>\n                    <\/div>\n                                    <div class=\"enum-item\">\n                                                    <h6>Fiabilidad<\/h6>\n                        \n                        <article>\n                                                            <h3>Capacidad de obtener beneficios<\/h3>\n                                                                                        <p>L\u00edder mundial de la banca privada suiza, Bordier es rentable desde 1844.<\/p>\n                                                    <\/article>\n                    <\/div>\n                            <\/div>\n            <figure class=\"media-holder\">\n                <div class=\"acf-innerblocks-container\"><\/div>            <\/figure>\n        <\/div>\n    <\/div>\n<\/section>\n<\/div><\/div>\n\n<section id=\"section-block_2aa94afcdfdc4c71d5c966cd86051b44\" class=\"marquee-list-outer\">\n    <div class=\"holder\">\n\n        <div class=\"marquee-text\">\n            <h4>Bordier<\/h4>\n            <h4><em>Bordier<\/em><\/h4>\n            <h4>Bordier<\/h4>\n            <h4><em>Bordier<\/em><\/h4>\n            <h4>Bordier<\/h4>\n            <h4><em>Bordier<\/em><\/h4>\n            <h4>Bordier<\/h4>\n            <h4><em>Bordier<\/em><\/h4>\n            <h4>Bordier<\/h4>\n            <h4><em>Bordier<\/em><\/h4>\n            <h4>Bordier<\/h4>\n            <h4><em>Bordier<\/em><\/h4>\n            <h4>Bordier<\/h4>\n            <h4><em>Bordier<\/em><\/h4>\n            <h4>Bordier<\/h4>\n            <h4><em>Bordier<\/em><\/h4>\n        <\/div>\n\n                    <div class=\"image-holder\">\n                <figure>\n                    <div class=\"main-image\">\n                    <img decoding=\"async\" \n                        src=\"https:\/\/www.bordier.com\/wp-content\/uploads\/2024\/08\/image-864-1.jpg\" \n                        srcset=\"https:\/\/www.bordier.com\/wp-content\/uploads\/2024\/08\/image-864-1.jpg 668w, https:\/\/www.bordier.com\/wp-content\/uploads\/2024\/08\/image-864-1-300x156.jpg 300w\"\n                        alt=\"\"\n                    >\n                                        <figcaption>\n                        <p>Ami Bordier, fundador Bordier &#038; Cie, socio de la primera generaci\u00f3n.<\/p>\n                    <\/figcaption>\n                                        <\/div>\n                                            <div class=\"inner-image\">\n                            <img decoding=\"async\" \n                                src=\"https:\/\/www.bordier.com\/wp-content\/uploads\/2024\/08\/family.jpg\" \n                                srcset=\"\"\n                                alt=\"\"\n                            >\n                                                        <figcaption>\n                                <p>Ami Bordier con sus 16 nietos.<\/p>\n                            <\/figcaption>\n                                                    <\/div>\n                                    <\/figure>\n            <\/div>\n        \n        \n    <\/div>\n<\/section>\n\n<div id=\"rare-responsibility\" class=\"wp-block-group wrapper-m\"><div class=\"wp-block-group__inner-container is-layout-constrained wp-block-group-is-layout-constrained\">\n<h2 class=\"wp-block-heading text-indent-s tablet-no-indent\">Una responsabilidad<br\/><strong><em>responsabilidad<\/em><\/strong><\/h2>\n\n\n\n<div class=\"wp-block-columns gap-large is-layout-flex wp-container-core-columns-is-layout-9d6595d7 wp-block-columns-is-layout-flex\">\n<div class=\"wp-block-column is-layout-flow wp-block-column-is-layout-flow\" style=\"flex-basis:33.33%\">\n<figure class=\"wp-block-image size-full\"><img alt=\"\" fetchpriority=\"high\" decoding=\"async\" width=\"644\" height=\"918\" src=\"https:\/\/www.bordier.com\/wp-content\/uploads\/2024\/11\/Rectangle-160.jpg\" alt=\"\" class=\"wp-image-12123\" srcset=\"https:\/\/www.bordier.com\/wp-content\/uploads\/2024\/11\/Rectangle-160.jpg 644w, https:\/\/www.bordier.com\/wp-content\/uploads\/2024\/11\/Rectangle-160-210x300.jpg 210w\" sizes=\"(max-width: 644px) 100vw, 644px\" \/><\/figure>\n<\/div>\n\n\n\n<div class=\"wp-block-column is-layout-flow wp-block-column-is-layout-flow\" style=\"flex-basis:66.66%\">\n<p>Muchas instituciones financieras ofrecen servicios de banca privada, pero s\u00f3lo 5 bancos seleccionados pueden clasificarse realmente como \u00abPrivate Bankers <sup>TM<\/sup>\u00ab.<\/p>\n\n\n\n<p>Avalado y aprobado por la <a href=\"https:\/\/www.swissprivatebankers.ch\/en\" data-type=\"link\" data-id=\"https:\/\/www.swissprivatebankers.ch\/en\" target=\"_blank\" rel=\"noreferrer noopener\">Asociaci\u00f3n Suiza de Banqueros Privados<\/a>, es un t\u00e9rmino que s\u00f3lo puede utilizarse cuando los socios asumen una responsabilidad ilimitada por todos los compromisos contra\u00eddos por el banco.<\/p>\n\n\n\n<p>Significa que nuestros socios son personalmente responsables de tus inversiones.  <\/p>\n\n\n\n<p>Bordier es el mayor banquero privado suizo que opera en la actualidad.<\/p>\n\n\n\n<p>Parte de un largo linaje bancario que abarca siglos, ha creado unos conocimientos t\u00e9cnicos inigualables en inversi\u00f3n responsable y gesti\u00f3n del dinero.<\/p>\n<\/div>\n<\/div>\n<\/div><\/div>\n\n<figure class=\"wp-block-image size-full full-size-img\"><img alt=\"\" decoding=\"async\" width=\"2160\" height=\"1191\" src=\"https:\/\/www.bordier.com\/wp-content\/uploads\/2024\/07\/about-image-2.jpg\" alt=\"\" class=\"wp-image-186\" srcset=\"https:\/\/www.bordier.com\/wp-content\/uploads\/2024\/07\/about-image-2.jpg 2160w, https:\/\/www.bordier.com\/wp-content\/uploads\/2024\/07\/about-image-2-300x165.jpg 300w, https:\/\/www.bordier.com\/wp-content\/uploads\/2024\/07\/about-image-2-1024x565.jpg 1024w, https:\/\/www.bordier.com\/wp-content\/uploads\/2024\/07\/about-image-2-768x423.jpg 768w, https:\/\/www.bordier.com\/wp-content\/uploads\/2024\/07\/about-image-2-1536x847.jpg 1536w, https:\/\/www.bordier.com\/wp-content\/uploads\/2024\/07\/about-image-2-2048x1129.jpg 2048w\" sizes=\"(max-width: 2160px) 100vw, 2160px\" \/><\/figure>\n\n<div class=\"wp-block-group boxed narrow offset-top-m\"><div class=\"wp-block-group__inner-container is-layout-constrained wp-block-group-is-layout-constrained\">\n<div class=\"wp-block-group wrapper-m\"><div class=\"wp-block-group__inner-container is-layout-constrained wp-block-group-is-layout-constrained\">\n<h6 class=\"wp-block-heading text-indent-s\"><strong>Socios<\/strong><\/h6>\n\n\n\n<h2 class=\"wp-block-heading text-indent-m mobile-no-indent\">Nuestros intereses<br\/><em><strong>alineados con los tuyos<\/strong><\/em><\/h2>\n\n\n\n<div class=\"wp-block-group wrapper-xs\"><div class=\"wp-block-group__inner-container is-layout-constrained wp-block-group-is-layout-constrained\">\n<p>Con responsabilidad personal ilimitada, invertimos nuestro propio capital<br\/>en las mismas inversiones que te recomendamos.<\/p>\n\n\n\n<p>Las cosas que quieres conseguir las entiende mejor un Banco cuyos socios son propietarios y gestionan activamente la empresa. Damos gran importancia al respeto mutuo, la conexi\u00f3n humana y la acci\u00f3n significativa. Por eso nuestras relaciones duran mucho tiempo.  <\/p>\n<\/div><\/div>\n<\/div><\/div>\n<\/div><\/div>\n\n<section id=\"section-block_62697de3efb13ba6787f3ac68eb194fe\" class=\"people-list-outer  background-light type-default\">\n    <div class=\"holder\">\n                    <div class=\"people-list\">\n                                    <div class=\"people-list-item\">\n                        <div class=\"media-holder custom-video-outer\">\n                                                        <img decoding=\"async\" src=\"https:\/\/www.bordier.com\/wp-content\/uploads\/2024\/11\/photo3-Gregoire--scaled.jpg\" alt=\"\" \/>\n                                                <\/div>\n                        <hgroup>\n                            <h3>Gr\u00e9goire <em>Bordier<\/em><\/h3>\n                                                            <p>Socio director<\/p>\n                                                                                <\/hgroup>\n                    <\/div>\n                                    <div class=\"people-list-item\">\n                        <div class=\"media-holder custom-video-outer\">\n                                                        <img decoding=\"async\" src=\"https:\/\/www.bordier.com\/wp-content\/uploads\/2024\/11\/photo1-Evrard--scaled.jpg\" alt=\"\" \/>\n                                                <\/div>\n                        <hgroup>\n                            <h3>Evrard <em>Bordier<\/em><\/h3>\n                                                            <p>Socio director<\/p>\n                                                                                <\/hgroup>\n                    <\/div>\n                                    <div class=\"people-list-item\">\n                        <div class=\"media-holder custom-video-outer\">\n                                                        <img decoding=\"async\" src=\"https:\/\/www.bordier.com\/wp-content\/uploads\/2024\/11\/photo2-SKANNILD--scaled.jpg\" alt=\"\" \/>\n                                                <\/div>\n                        <hgroup>\n                            <h3>Christian <em>Skaanild<\/em><\/h3>\n                                                            <p>Socio director<\/p>\n                                                                                <\/hgroup>\n                    <\/div>\n                            <\/div>\n            <\/div>\n<\/section>\n<section id=\"section-block_b5d6443f938c88e3e325dd158e73d052\" class=\"people-list-outer alternative reversed-order type-default\">\n    <div class=\"holder\">\n                    <div class=\"people-list\">\n                                    <div class=\"people-list-item\">\n                        <div class=\"media-holder custom-video-outer\">\n                                                        <img decoding=\"async\" src=\"https:\/\/www.bordier.com\/wp-content\/uploads\/2024\/11\/photo5-patrice-scaled.jpg\" alt=\"\" \/>\n                                                <\/div>\n                        <hgroup>\n                            <h3>Patrice <em>Lagnaux<\/em><\/h3>\n                                                            <p>Socio comanditario<\/p>\n                                                                                <\/hgroup>\n                    <\/div>\n                                    <div class=\"people-list-item\">\n                        <div class=\"media-holder custom-video-outer\">\n                                                        <img decoding=\"async\" src=\"https:\/\/www.bordier.com\/wp-content\/uploads\/2024\/11\/photo4-Alessandro-scaled.jpg\" alt=\"\" \/>\n                                                <\/div>\n                        <hgroup>\n                            <h3>Alessandro <em>Caldana<\/em><\/h3>\n                                                            <p>Socio comanditario<\/p>\n                                                                                <\/hgroup>\n                    <\/div>\n                            <\/div>\n            <\/div>\n<\/section>\n<div class=\"wp-block-group background-light\"><div class=\"wp-block-group__inner-container is-layout-constrained wp-block-group-is-layout-constrained\">\n<h2 class=\"wp-block-heading has-text-align-center\">El verdadero \u00e9xito<br\/><em>perdura<\/em><\/h2>\n\n\n\n<div class=\"wp-block-group wrapper-m\"><div class=\"wp-block-group__inner-container is-layout-constrained wp-block-group-is-layout-constrained\">\n<h4 class=\"wp-block-heading\">Sencillos, constantes y sostenibles, nuestros resultados en <br\/>abarcan dos siglos.<\/h4>\n\n\n\n<ul class=\"wp-block-list line-list text-indent-m wrapper-m\">\n<li>El banquero privado suizo m\u00e1s importante del mundo<\/li>\n\n\n\n<li>Propiedad y gesti\u00f3n de la quinta generaci\u00f3n de nuestros fundadores<\/li>\n\n\n\n<li>Sigue siendo independiente y de propiedad privada<\/li>\n<\/ul>\n\n\n\n<h4 class=\"wp-block-heading\">El Grupo Bordier planea un crecimiento constante <br\/>y estabilidad a largo plazo.<\/h4>\n\n\n\n<ul class=\"wp-block-list line-list text-indent-m wrapper-m\">\n<li>Nuestra ratio de capital ordinario de nivel 1 (CET1), superior al 35%, es aproximadamente 3 veces superior al requisito reglamentario.<\/li>\n\n\n\n<li>Coeficiente de liquidez entre 4 y 15 veces superior al requerido<\/li>\n\n\n\n<li>Beneficios y crecimiento constantes durante las \u00faltimas 18 d\u00e9cadas<\/li>\n<\/ul>\n<\/div><\/div>\n<\/div><\/div>\n\n<section id=\"section-block_d4e0c2ff104947577537d1f3956ea561\" class=\"locations-outer\">\n    <div class=\"holder\">\n\n        <hgroup>\n            <div class=\"acf-innerblocks-container\">\n\n<h2 class=\"wp-block-heading\">Un saber hacer que no conoce <em>fronteras<\/em><\/h2>\n\n<\/div>        <\/hgroup>\n\n                    <span class=\"bgr-text\">\n                Nuestras <em>oficinas<\/em><br>             <\/span>\n        \n        <div class=\"image-text-holder\">\n\n            \n            <div class=\"custom-video-outer location-video\">\n                <figure class=\"custom-video\">\n                    <video autoplay loop muted playsinline>\n                        <source src=\"https:\/\/player.vimeo.com\/progressive_redirect\/playback\/1030636801\/rendition\/540p\/file.mp4?loc=external&#038;signature=af17f36620b68c8584583c516ca19f122fb82de85116797008e7175ef4b0369d\" type=\"video\/mp4\">\n                        Your browser does not support the video tag.                    <\/video>\n                    \n                <\/figure>\n\n            <\/div>\n\n            \n            <div class=\"locations\">\n                                <a href=\"\/locations\/france\/\" class=\"single-location\">\n                    <h4 data-text=\"Francia\" class=\"active\"><span>Francia<\/span><\/h4>\n                <\/a>\n                                <a href=\"\/locations\/singapore\/\" class=\"single-location\">\n                    <h4 data-text=\"Singapur\" class=\"\"><span>Singapur<\/span><\/h4>\n                <\/a>\n                                <a href=\"\/locations\/switzerland\/\" class=\"single-location\">\n                    <h4 data-text=\"Suiza\" class=\"\"><span>Suiza<\/span><\/h4>\n                <\/a>\n                                <a href=\"\/locations\/uruguay\/\" class=\"single-location\">\n                    <h4 data-text=\"Uruguay\" class=\"\"><span>Uruguay<\/span><\/h4>\n                <\/a>\n                                <a href=\"\/locations\/united-kingdom\/\" class=\"single-location\">\n                    <h4 data-text=\"Reino Unido\" class=\"\"><span>Reino Unido<\/span><\/h4>\n                <\/a>\n                                <a href=\"\/locations\/turks-caicos\/\" class=\"single-location\">\n                    <h4 data-text=\"Turcas y Caicos\" class=\"\"><span>Turcas y Caicos<\/span><\/h4>\n                <\/a>\n                            <\/div>\n\n        <\/div>\n    <\/div>\n<\/section>\n\n\n<div class=\"wp-block-cover right-text\" style=\"min-height:10vw;aspect-ratio:unset;\"><span aria-hidden=\"true\" class=\"wp-block-cover__background has-black-background-color has-background-dim-20 has-background-dim\"><\/span><img alt=\"\" decoding=\"async\" width=\"2560\" height=\"907\" class=\"wp-block-cover__image-background wp-image-5549\" alt=\"\" src=\"https:\/\/www.bordier.com\/wp-content\/uploads\/2024\/10\/Rectangle-scaled.jpg\" data-object-fit=\"cover\" srcset=\"https:\/\/www.bordier.com\/wp-content\/uploads\/2024\/10\/Rectangle-scaled.jpg 2560w, https:\/\/www.bordier.com\/wp-content\/uploads\/2024\/10\/Rectangle-300x106.jpg 300w, https:\/\/www.bordier.com\/wp-content\/uploads\/2024\/10\/Rectangle-1024x363.jpg 1024w, https:\/\/www.bordier.com\/wp-content\/uploads\/2024\/10\/Rectangle-768x272.jpg 768w, https:\/\/www.bordier.com\/wp-content\/uploads\/2024\/10\/Rectangle-1536x544.jpg 1536w, https:\/\/www.bordier.com\/wp-content\/uploads\/2024\/10\/Rectangle-2048x726.jpg 2048w\" sizes=\"(max-width: 2560px) 100vw, 2560px\" \/><div class=\"wp-block-cover__inner-container is-layout-constrained wp-block-cover-is-layout-constrained\">\n<div class=\"wp-block-group\"><div class=\"wp-block-group__inner-container is-layout-constrained wp-block-group-is-layout-constrained\">\n<h4 class=\"wp-block-heading has-text-align-left has-large-font-size\">Bienvenido a la <em>familia<\/em><\/h4>\n\n\n\n<p class=\"has-small-font-size\">Ponte en contacto con nosotros para ampliar tu historia.<\/p>\n\n\n\n<div class=\"wp-block-buttons is-layout-flex wp-block-buttons-is-layout-flex\">\n<div class=\"wp-block-button is-style-fill blured\"><a class=\"wp-block-button__link wp-element-button\" href=\"https:\/\/www.bordier.com\/es\/contacta-con-nosotros\/\"><strong>CONTACTO<\/strong><\/a><\/div>\n<\/div>\n<\/div><\/div>\n<\/div><\/div>\n","protected":false},"excerpt":{"rendered":"<p>Somos un banco privado familiar dedicado a clientes privados y sus familias en todo el &#8230;<\/p>\n","protected":false},"author":10,"featured_media":0,"parent":0,"menu_order":10,"comment_status":"closed","ping_status":"closed","template":"","meta":{"_acf_changed":false,"_seopress_robots_primary_cat":"","_seopress_titles_title":"Sobre nosotros","_seopress_titles_desc":"Somos un banco privado familiar dedicado a clientes privados y sus familias en todo el mundo.","_seopress_robots_index":"","footnotes":""},"class_list":["post-13547","page","type-page","status-publish","hentry"],"acf":[],"_links":{"self":[{"href":"https:\/\/www.bordier.com\/es\/wp-json\/wp\/v2\/pages\/13547","targetHints":{"allow":["GET"]}}],"collection":[{"href":"https:\/\/www.bordier.com\/es\/wp-json\/wp\/v2\/pages"}],"about":[{"href":"https:\/\/www.bordier.com\/es\/wp-json\/wp\/v2\/types\/page"}],"author":[{"embeddable":true,"href":"https:\/\/www.bordier.com\/es\/wp-json\/wp\/v2\/users\/10"}],"replies":[{"embeddable":true,"href":"https:\/\/www.bordier.com\/es\/wp-json\/wp\/v2\/comments?post=13547"}],"version-history":[{"count":0,"href":"https:\/\/www.bordier.com\/es\/wp-json\/wp\/v2\/pages\/13547\/revisions"}],"wp:attachment":[{"href":"https:\/\/www.bordier.com\/es\/wp-json\/wp\/v2\/media?parent=13547"}],"curies":[{"name":"wp","href":"https:\/\/api.w.org\/{rel}","templated":true}]}}