{"id":11114,"date":"2024-06-21T12:00:00","date_gmt":"2024-06-21T11:00:00","guid":{"rendered":"https:\/\/staging.bordier.com\/solutions\/services-aux-familles\/"},"modified":"2025-03-31T12:48:47","modified_gmt":"2025-03-31T12:48:47","slug":"family-services","status":"publish","type":"page","link":"https:\/\/www.bordier.com\/fr\/solutions\/family-services\/","title":{"rendered":"Family services"},"content":{"rendered":"\n<section id=\"section-block_e672d70e7b63db2461d716ca71a65730\" class=\"page-hero-outer type-default\">\n    <div class=\"holder\">\n        <div class=\"page-hero-content\">\n            <div class=\"acf-innerblocks-container\">\n\n<h6 class=\"wp-block-heading\">Family Services<\/h6>\n\n\n\n<h1 class=\"wp-block-heading text-indent-m\">Tout et <br><em><strong>tous align\u00e9s<\/strong><\/em><\/h1>\n\n<\/div>        <\/div>\n    <\/div>\n        <figure class=\"page-hero-bg\">\n        <img decoding=\"async\" \n            src=\"https:\/\/www.bordier.com\/wp-content\/uploads\/2025\/01\/Image-background-1-scaled.jpg\" \n            srcset=\"https:\/\/www.bordier.com\/wp-content\/uploads\/2025\/01\/Image-background-1-scaled.jpg 2560w, https:\/\/www.bordier.com\/wp-content\/uploads\/2025\/01\/Image-background-1-300x160.jpg 300w, https:\/\/www.bordier.com\/wp-content\/uploads\/2025\/01\/Image-background-1-1024x546.jpg 1024w, https:\/\/www.bordier.com\/wp-content\/uploads\/2025\/01\/Image-background-1-768x410.jpg 768w, https:\/\/www.bordier.com\/wp-content\/uploads\/2025\/01\/Image-background-1-1536x819.jpg 1536w, https:\/\/www.bordier.com\/wp-content\/uploads\/2025\/01\/Image-background-1-2048x1092.jpg 2048w\"\n            alt=\"\"\n        >\n    <\/figure>\n    <\/section>\n\n\n<div class=\"wp-block-group spacing-bottom-0\"><div class=\"wp-block-group__inner-container is-layout-constrained wp-block-group-is-layout-constrained\">\n<div class=\"wp-block-group wrapper-s\"><div class=\"wp-block-group__inner-container is-layout-constrained wp-block-group-is-layout-constrained\">\n<h3 class=\"wp-block-heading text-indent-l\"><em>Nous simplifions<\/em> la gestion <br>de <em>votre&nbsp;patrimoine familial<\/em><\/h3>\n<\/div><\/div>\n\n\n\r\n<section id=\"section-block_a84d5c720e90eecbc167738671c0d35e\" class=\"content-list-outer type-default\">\r\n    <div class=\"holder\">\r\n                    <div class=\"content-list\">\r\n                                    <div class=\"content-list-item \">\r\n                                                <hgroup>\r\n                            <h4>Pr\u00e9voir<\/h4>\r\n                                                    <\/hgroup>\r\n                                                <div class=\"content-holder\">\r\n                            <p><span data-sheets-root=\"1\">Des strat\u00e9gies d&rsquo;investissement et d&rsquo;allocation sur mesure, calqu\u00e9es sur vos attentes et vos objectifs. Nous \u00e9laborons une strat\u00e9gie patrimoniale pragmatique pour les prochaines g\u00e9n\u00e9rations.<\/span><\/p>\n                        <\/div>\r\n                                                                    <\/div>\r\n                                    <div class=\"content-list-item \">\r\n                                                <hgroup>\r\n                            <h4>Prot\u00e9ger<\/h4>\r\n                                                    <\/hgroup>\r\n                                                <div class=\"content-holder\">\r\n                            <p><span data-sheets-root=\"1\">Des strat\u00e9gies efficaces pour g\u00e9rer les risques, prot\u00e9ger vos actifs et pr\u00e9server votre patrimoine. Nous mettons votre fortune familiale \u00e0 l&rsquo;abri des fluctuations.<\/span><\/p>\n                        <\/div>\r\n                                                                    <\/div>\r\n                                    <div class=\"content-list-item \">\r\n                                                <hgroup>\r\n                            <h4>Rassurer<\/h4>\r\n                                                    <\/hgroup>\r\n                                                <div class=\"content-holder\">\r\n                            <p><span data-sheets-root=\"1\">La finance peut \u00eatre complexe. Nous veillons \u00e0 ce que votre exp\u00e9rience ne le soit pas. <\/span><\/p>\n                        <\/div>\r\n                                                                    <\/div>\r\n                            <\/div>\r\n            <\/div>\r\n<\/section><\/div><\/div>\n\n\n\n<div class=\"wp-block-group wrapper-m background-light\"><div class=\"wp-block-group__inner-container is-layout-constrained wp-block-group-is-layout-constrained\">\n<h6 class=\"wp-block-heading has-text-align-center\">Family Services<\/h6>\n\n\n\n<h1 class=\"wp-block-heading has-text-align-left has-medium-font-size\">Family Office<br>Planification patrimoniale<\/h1>\n\n\n\n<p class=\"has-text-align-center\">Un avenir plus serein, au-del\u00e0 des fronti\u00e8res et des g\u00e9n\u00e9rations.<\/p>\n<\/div><\/div>\n\n\n\n<div class=\"wp-block-group wrapper-m offset-top-m\"><div class=\"wp-block-group__inner-container is-layout-constrained wp-block-group-is-layout-constrained\">\n<figure class=\"wp-block-image size-full\"><img alt=\"\" fetchpriority=\"high\" decoding=\"async\" width=\"1695\" height=\"968\" src=\"https:\/\/www.bordier.com\/wp-content\/uploads\/2024\/08\/family-services-img.jpg\" alt=\"\" class=\"wp-image-3278\" srcset=\"https:\/\/www.bordier.com\/wp-content\/uploads\/2024\/08\/family-services-img.jpg 1695w, https:\/\/www.bordier.com\/wp-content\/uploads\/2024\/08\/family-services-img-300x171.jpg 300w, https:\/\/www.bordier.com\/wp-content\/uploads\/2024\/08\/family-services-img-1024x585.jpg 1024w, https:\/\/www.bordier.com\/wp-content\/uploads\/2024\/08\/family-services-img-768x439.jpg 768w, https:\/\/www.bordier.com\/wp-content\/uploads\/2024\/08\/family-services-img-1536x877.jpg 1536w\" sizes=\"(max-width: 1695px) 100vw, 1695px\" \/><\/figure>\n<\/div><\/div>\n\n\n\n<div class=\"wp-block-group wrapper-m spacing-vertical-0\"><div class=\"wp-block-group__inner-container is-layout-constrained wp-block-group-is-layout-constrained\">\n<h2 class=\"wp-block-heading text-indent-m mobile-no-indent tablet-no-indent\">La famille fait partie  <br><strong>de<em> notre ADN<\/em><\/strong><\/h2>\n<\/div><\/div>\n\n\n\n<div class=\"wp-block-group spacing-vertical-0 wrapper-m\"><div class=\"wp-block-group__inner-container is-layout-constrained wp-block-group-is-layout-constrained\">\n<h3 class=\"wp-block-heading text-indent-s with-line\">Les banques priv\u00e9es s\u2019y connaissent en mati\u00e8re de <em>finance<\/em>. Mais<em> la famille<\/em> est un sujet beaucoup plus complexe.<\/h3>\n<\/div><\/div>\n\n\n\n<div class=\"wp-block-group wrapper-xs\"><div class=\"wp-block-group__inner-container is-layout-constrained wp-block-group-is-layout-constrained\">\n<p>Une des rares banques priv\u00e9es d\u00e9tenue et g\u00e9r\u00e9e par la m\u00eame famille depuis 1844, Bordier est l&rsquo;un des plus importants multi-family offices au monde. Nous incarnons la transmission r\u00e9ussie d\u2019un patrimoine familial sur cinq g\u00e9n\u00e9rations.<\/p>\n\n\n\n<p>Faisons de m\u00eame pour votre famille.<\/p>\n<\/div><\/div>\n\n\n\n<div class=\"wp-block-cover right-text\" style=\"min-height:10vw;aspect-ratio:unset;\"><span aria-hidden=\"true\" class=\"wp-block-cover__background has-black-background-color has-background-dim-20 has-background-dim\"><\/span><img alt=\"\" decoding=\"async\" width=\"2560\" height=\"907\" class=\"wp-block-cover__image-background wp-image-5549\" alt=\"\" src=\"https:\/\/www.bordier.com\/wp-content\/uploads\/2024\/10\/Rectangle-scaled.jpg\" data-object-fit=\"cover\" srcset=\"https:\/\/www.bordier.com\/wp-content\/uploads\/2024\/10\/Rectangle-scaled.jpg 2560w, https:\/\/www.bordier.com\/wp-content\/uploads\/2024\/10\/Rectangle-300x106.jpg 300w, https:\/\/www.bordier.com\/wp-content\/uploads\/2024\/10\/Rectangle-1024x363.jpg 1024w, https:\/\/www.bordier.com\/wp-content\/uploads\/2024\/10\/Rectangle-768x272.jpg 768w, https:\/\/www.bordier.com\/wp-content\/uploads\/2024\/10\/Rectangle-1536x544.jpg 1536w, https:\/\/www.bordier.com\/wp-content\/uploads\/2024\/10\/Rectangle-2048x726.jpg 2048w\" sizes=\"(max-width: 2560px) 100vw, 2560px\" \/><div class=\"wp-block-cover__inner-container is-layout-constrained wp-block-cover-is-layout-constrained\">\n<div class=\"wp-block-group\"><div class=\"wp-block-group__inner-container is-layout-constrained wp-block-group-is-layout-constrained\">\n<h4 class=\"wp-block-heading has-text-align-left has-large-font-size\">Bienvenue dans la <em>famille<\/em><\/h4>\n\n\n\n<p class=\"has-small-font-size\">De notre famille \u00e0 la v\u00f4tre, nous vous conseillons.<\/p>\n\n\n\n<div class=\"wp-block-buttons is-layout-flex wp-block-buttons-is-layout-flex\">\n<div class=\"wp-block-button is-style-fill blured\"><a class=\"wp-block-button__link wp-element-button\" href=\"https:\/\/www.bordier.com\/fr\/contactez-nous\/\"><strong>CONTACT<\/strong><\/a><\/div>\n<\/div>\n<\/div><\/div>\n<\/div><\/div>\n","protected":false},"excerpt":{"rendered":"<p>Nous simplifions la gestion de votre&nbsp;patrimoine familial Family Services Family OfficePlanification patrimoniale Un avenir plus &#8230;<\/p>\n","protected":false},"author":1,"featured_media":0,"parent":11090,"menu_order":30,"comment_status":"closed","ping_status":"closed","template":"","meta":{"_acf_changed":false,"_seopress_robots_primary_cat":"","_seopress_titles_title":"","_seopress_titles_desc":"","_seopress_robots_index":"","footnotes":""},"class_list":["post-11114","page","type-page","status-publish","hentry"],"acf":[],"_links":{"self":[{"href":"https:\/\/www.bordier.com\/fr\/wp-json\/wp\/v2\/pages\/11114","targetHints":{"allow":["GET"]}}],"collection":[{"href":"https:\/\/www.bordier.com\/fr\/wp-json\/wp\/v2\/pages"}],"about":[{"href":"https:\/\/www.bordier.com\/fr\/wp-json\/wp\/v2\/types\/page"}],"author":[{"embeddable":true,"href":"https:\/\/www.bordier.com\/fr\/wp-json\/wp\/v2\/users\/1"}],"replies":[{"embeddable":true,"href":"https:\/\/www.bordier.com\/fr\/wp-json\/wp\/v2\/comments?post=11114"}],"version-history":[{"count":0,"href":"https:\/\/www.bordier.com\/fr\/wp-json\/wp\/v2\/pages\/11114\/revisions"}],"up":[{"embeddable":true,"href":"https:\/\/www.bordier.com\/fr\/wp-json\/wp\/v2\/pages\/11090"}],"wp:attachment":[{"href":"https:\/\/www.bordier.com\/fr\/wp-json\/wp\/v2\/media?parent=11114"}],"curies":[{"name":"wp","href":"https:\/\/api.w.org\/{rel}","templated":true}]}}