{"id":11130,"date":"2024-06-21T12:00:18","date_gmt":"2024-06-21T11:00:18","guid":{"rendered":"https:\/\/staging.bordier.com\/pleins-feux-sur\/"},"modified":"2025-05-19T10:38:25","modified_gmt":"2025-05-19T09:38:25","slug":"spotlight","status":"publish","type":"page","link":"https:\/\/www.bordier.com\/fr\/spotlight\/","title":{"rendered":"Spotlight"},"content":{"rendered":"\n<section id=\"section-block_d3eaa2b67062e621ed0e6b7d0e06d32d\" class=\"page-hero-outer type-simple\">\n    <div class=\"holder\">\n        <div class=\"page-hero-content\">\n            <div class=\"acf-innerblocks-container\">\n\n<h6 class=\"wp-block-heading\">Actualit\u00e9s<\/h6>\n\n\n\n<h1 class=\"wp-block-heading text-indent-xl\">Perspectives <br><strong>et <em>m\u00e9dias<\/em><\/strong><\/h1>\n\n<\/div>        <\/div>\n    <\/div>\n    <\/section>\n\n\n<section class=\"news-list-outer\">\n    <div class=\"holder\">\n        \n        \n<div class=\"filter-holder\">\n\n    <p class=\"has-small-font-size\">Filtrer par<\/p>\n\n    <div class=\"category-dropdown\">\n        <select name=\"category\"><option><\/option><option value=\"all\" data-url=\"https:\/\/www.bordier.com\/fr\/spotlight\/\">Tous les articles<\/option><option value=\"135\" data-url=\"https:\/\/www.bordier.com\/fr\/category\/investment-policy\/\">Investment Policy<\/option><option value=\"19\" data-url=\"https:\/\/www.bordier.com\/category\/market-insights\/\">Market Insights<\/option><option value=\"134\" data-url=\"https:\/\/www.bordier.com\/fr\/category\/monday-report\/\">Monday Report<\/option><option value=\"119\" data-url=\"https:\/\/www.bordier.com\/category\/news\/\">News<\/option><option value=\"137\" data-url=\"https:\/\/www.bordier.com\/fr\/category\/touchbutton\/\">Touchbutton<\/option><\/select>\n    <\/div>\n\n    <div class=\"search-holder\">\n\n        <form role=\"search\" method=\"get\" class=\"search-form\" action=\"https:\/\/www.bordier.com\/fr\/\">\n            <label>\n                <div class=\"search-icon\">\n                    <svg xmlns=\"http:\/\/www.w3.org\/2000\/svg\" width=\"16\" height=\"16\" viewBox=\"0 0 16 16\" fill=\"none\">\n  <path d=\"M11.7327 13.2666L9.53268 11.1333C9.19935 11.3999 8.81602 11.611 8.38268 11.7666C7.94935 11.9221 7.48824 11.9999 6.99935 11.9999C5.78824 11.9999 4.76324 11.5805 3.92435 10.7416C3.08546 9.9027 2.66602 8.8777 2.66602 7.66659C2.66602 6.45547 3.08546 5.43047 3.92435 4.59159C4.76324 3.7527 5.78824 3.33325 6.99935 3.33325C8.21046 3.33325 9.23546 3.7527 10.0743 4.59159C10.9132 5.43047 11.3327 6.45547 11.3327 7.66659C11.3327 8.15547 11.2549 8.61659 11.0993 9.04992C10.9438 9.48325 10.7327 9.86659 10.466 10.1999L12.666 12.3333L11.7327 13.2666ZM6.99935 10.6666C7.83268 10.6666 8.54102 10.3749 9.12435 9.79159C9.70768 9.20825 9.99935 8.49992 9.99935 7.66659C9.99935 6.83325 9.70768 6.12492 9.12435 5.54159C8.54102 4.95825 7.83268 4.66659 6.99935 4.66659C6.16602 4.66659 5.45768 4.95825 4.87435 5.54159C4.29102 6.12492 3.99935 6.83325 3.99935 7.66659C3.99935 8.49992 4.29102 9.20825 4.87435 9.79159C5.45768 10.3749 6.16602 10.6666 6.99935 10.6666Z\" fill=\"#131313\"\/>\n<\/svg>                <\/div>\n                <input type=\"search\" class=\"search-field\"\n                    placeholder=\"Recherche ...\"\n                    value=\"\" name=\"s\"\n                    title=\"Rechercher:\" \/>\n            <\/label>\n            <input type=\"submit\" class=\"btn red search-submit\" value=\"Rechercher\" \/>\n        <\/form>\n    <\/div>\n\n    <div class=\"lng-holder\"><span class=\"selected-lng\">en<\/span><div class=\"dropdown\"><span class=\"active\" value=\"en\" data-url=\"https:\/\/www.bordier.com\/language\/en\/\">en<\/span><span class=\"\" value=\"fr\" data-url=\"https:\/\/www.bordier.com\/language\/fr\/\">fr<\/span><span class=\"\" value=\"de\" data-url=\"https:\/\/www.bordier.com\/fr\/language\/de\/\">de<\/span><span class=\"\" value=\"es\" data-url=\"https:\/\/www.bordier.com\/fr\/language\/es\/\">es<\/span><\/div><\/div>\n<\/div>\n        <div class=\"posts-holder top-posts\">\n            <article>\n    <figure>\n        <a href=\"https:\/\/www.bordier.com\/fr\/the-board-of-peace-is-it-what-its-supposed-to-be\/\" >\n            <img fetchpriority=\"high\" decoding=\"async\" width=\"1080\" height=\"726\" src=\"https:\/\/www.bordier.com\/wp-content\/uploads\/2026\/04\/white-bird-peace.webp\" class=\"attachment-post-thumbnail size-post-thumbnail wp-post-image\" alt=\"white bird peace\" srcset=\"https:\/\/www.bordier.com\/wp-content\/uploads\/2026\/04\/white-bird-peace.webp 1080w, https:\/\/www.bordier.com\/wp-content\/uploads\/2026\/04\/white-bird-peace-300x202.webp 300w, https:\/\/www.bordier.com\/wp-content\/uploads\/2026\/04\/white-bird-peace-1024x688.webp 1024w, https:\/\/www.bordier.com\/wp-content\/uploads\/2026\/04\/white-bird-peace-768x516.webp 768w\" sizes=\"(max-width: 1080px) 100vw, 1080px\" \/>        \n            <div class=\"tags-holder\"><span class=\"category\">Market Insights<\/span><\/div>        <\/a>\n    <\/figure>\n    <div class=\"text-holder\">\n        <time datetime=\"2026-04-14T05:00:40+01:00\">14 avril 2026<\/time>        <h4><a href=\"https:\/\/www.bordier.com\/fr\/the-board-of-peace-is-it-what-its-supposed-to-be\/\" >The Board of Peace: Is it what it&rsquo;s supposed to be?<\/a><\/h4>\n        <p class=\"excerpt\">Monthly Market Update - April 2026. So, what exactly is the Board of Peace? We have all seen snippets of it...<\/p>\n        <p class=\"arrow-link\">\n            <a href=\"https:\/\/www.bordier.com\/fr\/the-board-of-peace-is-it-what-its-supposed-to-be\/\">D\u00e9couvrir<\/a>\n        <\/p>\n    <\/div>\n<\/article>\n<article>\n    <figure>\n        <a href=\"https:\/\/www.bordier.com\/fr\/monday-report-en-13042026\/\" >\n            <img decoding=\"async\" width=\"2478\" height=\"1652\" src=\"https:\/\/www.bordier.com\/wp-content\/uploads\/2025\/01\/Frame-18.jpg\" class=\"attachment-post-thumbnail size-post-thumbnail wp-post-image\" alt=\"Red background with &#039;Monday Report&#039; text.\" srcset=\"https:\/\/www.bordier.com\/wp-content\/uploads\/2025\/01\/Frame-18.jpg 2478w, https:\/\/www.bordier.com\/wp-content\/uploads\/2025\/01\/Frame-18-300x200.jpg 300w, https:\/\/www.bordier.com\/wp-content\/uploads\/2025\/01\/Frame-18-1024x683.jpg 1024w, https:\/\/www.bordier.com\/wp-content\/uploads\/2025\/01\/Frame-18-768x512.jpg 768w, https:\/\/www.bordier.com\/wp-content\/uploads\/2025\/01\/Frame-18-1536x1024.jpg 1536w, https:\/\/www.bordier.com\/wp-content\/uploads\/2025\/01\/Frame-18-2048x1365.jpg 2048w\" sizes=\"(max-width: 2478px) 100vw, 2478px\" \/>        \n            <div class=\"tags-holder\"><span class=\"category\">Market Insights<\/span><\/div>        <\/a>\n    <\/figure>\n    <div class=\"text-holder\">\n        <time datetime=\"2026-04-13T11:11:13+01:00\">13 avril 2026<\/time>        <h4><a href=\"https:\/\/www.bordier.com\/fr\/monday-report-en-13042026\/\" >Monday Report<\/a><\/h4>\n        <p class=\"excerpt\">Read the latest weekly report on the financial sectors and financial market, by Bordier Switzerland<\/p>\n        <p class=\"arrow-link\">\n            <a href=\"https:\/\/www.bordier.com\/fr\/monday-report-en-13042026\/\">D\u00e9couvrir<\/a>\n        <\/p>\n    <\/div>\n<\/article>\n        <\/div>\n\n        \n            <div class=\"posts-holder featured-post\">\n                            <\/div>\n\n        \n        <div class=\"posts-holder bottom-posts\">\n            <article>\n    <figure>\n        <a href=\"https:\/\/www.bordier.com\/fr\/monday-report-en-30032026\/\" >\n            <img decoding=\"async\" width=\"2478\" height=\"1652\" src=\"https:\/\/www.bordier.com\/wp-content\/uploads\/2025\/01\/Frame-18.jpg\" class=\"attachment-post-thumbnail size-post-thumbnail wp-post-image\" alt=\"Red background with &#039;Monday Report&#039; text.\" srcset=\"https:\/\/www.bordier.com\/wp-content\/uploads\/2025\/01\/Frame-18.jpg 2478w, https:\/\/www.bordier.com\/wp-content\/uploads\/2025\/01\/Frame-18-300x200.jpg 300w, https:\/\/www.bordier.com\/wp-content\/uploads\/2025\/01\/Frame-18-1024x683.jpg 1024w, https:\/\/www.bordier.com\/wp-content\/uploads\/2025\/01\/Frame-18-768x512.jpg 768w, https:\/\/www.bordier.com\/wp-content\/uploads\/2025\/01\/Frame-18-1536x1024.jpg 1536w, https:\/\/www.bordier.com\/wp-content\/uploads\/2025\/01\/Frame-18-2048x1365.jpg 2048w\" sizes=\"(max-width: 2478px) 100vw, 2478px\" \/>        \n            <div class=\"tags-holder\"><span class=\"category\">Market Insights<\/span><\/div>        <\/a>\n    <\/figure>\n    <div class=\"text-holder\">\n        <time datetime=\"2026-03-30T10:52:20+01:00\">30 mars 2026<\/time>        <h4><a href=\"https:\/\/www.bordier.com\/fr\/monday-report-en-30032026\/\" >Monday Report<\/a><\/h4>\n        <p class=\"excerpt\">Economy The statistics published in the United States are somewhat mixed. Purchasing managers\u2019 confidence in ...<\/p>\n        <p class=\"arrow-link\">\n            <a href=\"https:\/\/www.bordier.com\/fr\/monday-report-en-30032026\/\">D\u00e9couvrir<\/a>\n        <\/p>\n    <\/div>\n<\/article>\n<article>\n    <figure>\n        <a href=\"https:\/\/www.bordier.com\/fr\/monday-report-en-23032026\/\" >\n            <img decoding=\"async\" width=\"2478\" height=\"1652\" src=\"https:\/\/www.bordier.com\/wp-content\/uploads\/2025\/01\/Frame-18.jpg\" class=\"attachment-post-thumbnail size-post-thumbnail wp-post-image\" alt=\"Red background with &#039;Monday Report&#039; text.\" srcset=\"https:\/\/www.bordier.com\/wp-content\/uploads\/2025\/01\/Frame-18.jpg 2478w, https:\/\/www.bordier.com\/wp-content\/uploads\/2025\/01\/Frame-18-300x200.jpg 300w, https:\/\/www.bordier.com\/wp-content\/uploads\/2025\/01\/Frame-18-1024x683.jpg 1024w, https:\/\/www.bordier.com\/wp-content\/uploads\/2025\/01\/Frame-18-768x512.jpg 768w, https:\/\/www.bordier.com\/wp-content\/uploads\/2025\/01\/Frame-18-1536x1024.jpg 1536w, https:\/\/www.bordier.com\/wp-content\/uploads\/2025\/01\/Frame-18-2048x1365.jpg 2048w\" sizes=\"(max-width: 2478px) 100vw, 2478px\" \/>        \n            <div class=\"tags-holder\"><span class=\"category\">Market Insights<\/span><\/div>        <\/a>\n    <\/figure>\n    <div class=\"text-holder\">\n        <time datetime=\"2026-03-23T15:49:28+01:00\">23 mars 2026<\/time>        <h4><a href=\"https:\/\/www.bordier.com\/fr\/monday-report-en-23032026\/\" >Monday Report<\/a><\/h4>\n        <p class=\"excerpt\">Read the latest weekly report on the financial sectors and financial market, by Bordier Switzerland<\/p>\n        <p class=\"arrow-link\">\n            <a href=\"https:\/\/www.bordier.com\/fr\/monday-report-en-23032026\/\">D\u00e9couvrir<\/a>\n        <\/p>\n    <\/div>\n<\/article>\n<article>\n    <figure>\n        <a href=\"https:\/\/www.bordier.com\/fr\/monday-report-en-16032026\/\" >\n            <img decoding=\"async\" width=\"2478\" height=\"1652\" src=\"https:\/\/www.bordier.com\/wp-content\/uploads\/2025\/01\/Frame-18.jpg\" class=\"attachment-post-thumbnail size-post-thumbnail wp-post-image\" alt=\"Red background with &#039;Monday Report&#039; text.\" srcset=\"https:\/\/www.bordier.com\/wp-content\/uploads\/2025\/01\/Frame-18.jpg 2478w, https:\/\/www.bordier.com\/wp-content\/uploads\/2025\/01\/Frame-18-300x200.jpg 300w, https:\/\/www.bordier.com\/wp-content\/uploads\/2025\/01\/Frame-18-1024x683.jpg 1024w, https:\/\/www.bordier.com\/wp-content\/uploads\/2025\/01\/Frame-18-768x512.jpg 768w, https:\/\/www.bordier.com\/wp-content\/uploads\/2025\/01\/Frame-18-1536x1024.jpg 1536w, https:\/\/www.bordier.com\/wp-content\/uploads\/2025\/01\/Frame-18-2048x1365.jpg 2048w\" sizes=\"(max-width: 2478px) 100vw, 2478px\" \/>        \n            <div class=\"tags-holder\"><span class=\"category\">Market Insights<\/span><\/div>        <\/a>\n    <\/figure>\n    <div class=\"text-holder\">\n        <time datetime=\"2026-03-16T11:48:31+01:00\">16 mars 2026<\/time>        <h4><a href=\"https:\/\/www.bordier.com\/fr\/monday-report-en-16032026\/\" >Monday Report<\/a><\/h4>\n        <p class=\"excerpt\">Read the latest weekly report on the financial sectors and financial market, by Bordier Switzerland<\/p>\n        <p class=\"arrow-link\">\n            <a href=\"https:\/\/www.bordier.com\/fr\/monday-report-en-16032026\/\">D\u00e9couvrir<\/a>\n        <\/p>\n    <\/div>\n<\/article>\n<article>\n    <figure>\n        <a href=\"https:\/\/www.bordier.com\/fr\/youre-gonna-need-a-bigger-boat\/\" >\n            <img decoding=\"async\" width=\"1200\" height=\"675\" src=\"https:\/\/www.bordier.com\/wp-content\/uploads\/2026\/03\/img311.jpg\" class=\"attachment-post-thumbnail size-post-thumbnail wp-post-image\" alt=\"img311\" srcset=\"https:\/\/www.bordier.com\/wp-content\/uploads\/2026\/03\/img311.jpg 1200w, https:\/\/www.bordier.com\/wp-content\/uploads\/2026\/03\/img311-300x169.jpg 300w, https:\/\/www.bordier.com\/wp-content\/uploads\/2026\/03\/img311-1024x576.jpg 1024w, https:\/\/www.bordier.com\/wp-content\/uploads\/2026\/03\/img311-768x432.jpg 768w\" sizes=\"(max-width: 1200px) 100vw, 1200px\" \/>        \n            <div class=\"tags-holder\"><span class=\"category\">Market Insights<\/span><\/div>        <\/a>\n    <\/figure>\n    <div class=\"text-holder\">\n        <time datetime=\"2026-03-12T03:14:43+01:00\">12 mars 2026<\/time>        <h4><a href=\"https:\/\/www.bordier.com\/fr\/youre-gonna-need-a-bigger-boat\/\" >You\u2019re gonna need a bigger boat<\/a><\/h4>\n        <p class=\"excerpt\">Monthly Market Update - March 2026. Last week, probably like many readers, I worked through two research pieces that jolted financial markets and beyond. (...)<\/p>\n        <p class=\"arrow-link\">\n            <a href=\"https:\/\/www.bordier.com\/fr\/youre-gonna-need-a-bigger-boat\/\">D\u00e9couvrir<\/a>\n        <\/p>\n    <\/div>\n<\/article>\n<article>\n    <figure>\n        <a href=\"https:\/\/www.bordier.com\/fr\/monday-report-en-09032026\/\" >\n            <img loading=\"lazy\" decoding=\"async\" width=\"2478\" height=\"1652\" src=\"https:\/\/www.bordier.com\/wp-content\/uploads\/2025\/01\/Frame-24.jpg\" class=\"attachment-post-thumbnail size-post-thumbnail wp-post-image\" alt=\"Monday Report title in black text\" srcset=\"https:\/\/www.bordier.com\/wp-content\/uploads\/2025\/01\/Frame-24.jpg 2478w, https:\/\/www.bordier.com\/wp-content\/uploads\/2025\/01\/Frame-24-300x200.jpg 300w, https:\/\/www.bordier.com\/wp-content\/uploads\/2025\/01\/Frame-24-1024x683.jpg 1024w, https:\/\/www.bordier.com\/wp-content\/uploads\/2025\/01\/Frame-24-768x512.jpg 768w, https:\/\/www.bordier.com\/wp-content\/uploads\/2025\/01\/Frame-24-1536x1024.jpg 1536w, https:\/\/www.bordier.com\/wp-content\/uploads\/2025\/01\/Frame-24-2048x1365.jpg 2048w\" sizes=\"(max-width: 2478px) 100vw, 2478px\" \/>        \n            <div class=\"tags-holder\"><span class=\"category\">Market Insights<\/span><\/div>        <\/a>\n    <\/figure>\n    <div class=\"text-holder\">\n        <time datetime=\"2026-03-09T16:44:21+01:00\">9 mars 2026<\/time>        <h4><a href=\"https:\/\/www.bordier.com\/fr\/monday-report-en-09032026\/\" >Monday Report<\/a><\/h4>\n        <p class=\"excerpt\">Read the latest weekly report on the financial sectors and financial market, by Bordier Switzerland<\/p>\n        <p class=\"arrow-link\">\n            <a href=\"https:\/\/www.bordier.com\/fr\/monday-report-en-09032026\/\">D\u00e9couvrir<\/a>\n        <\/p>\n    <\/div>\n<\/article>\n<article>\n    <figure>\n        <a href=\"https:\/\/www.bordier.com\/fr\/middle-east-conflict-an-early-assessment-of-the-financial-impact\/\" >\n            <img loading=\"lazy\" decoding=\"async\" width=\"1200\" height=\"800\" src=\"https:\/\/www.bordier.com\/wp-content\/uploads\/2026\/03\/transport.webp\" class=\"attachment-post-thumbnail size-post-thumbnail wp-post-image\" alt=\"\" srcset=\"https:\/\/www.bordier.com\/wp-content\/uploads\/2026\/03\/transport.webp 1200w, https:\/\/www.bordier.com\/wp-content\/uploads\/2026\/03\/transport-300x200.webp 300w, https:\/\/www.bordier.com\/wp-content\/uploads\/2026\/03\/transport-1024x683.webp 1024w, https:\/\/www.bordier.com\/wp-content\/uploads\/2026\/03\/transport-768x512.webp 768w\" sizes=\"(max-width: 1200px) 100vw, 1200px\" \/>        \n            <div class=\"tags-holder\"><span class=\"category\">Market Insights<\/span><\/div>        <\/a>\n    <\/figure>\n    <div class=\"text-holder\">\n        <time datetime=\"2026-03-02T17:07:52+01:00\">2 mars 2026<\/time>        <h4><a href=\"https:\/\/www.bordier.com\/fr\/middle-east-conflict-an-early-assessment-of-the-financial-impact\/\" >Middle East conflict \u2013 an early assessment of the financial impact<\/a><\/h4>\n        <p class=\"excerpt\">Whilst the world has had a weekend to absorb and react to the news of ...<\/p>\n        <p class=\"arrow-link\">\n            <a href=\"https:\/\/www.bordier.com\/fr\/middle-east-conflict-an-early-assessment-of-the-financial-impact\/\">D\u00e9couvrir<\/a>\n        <\/p>\n    <\/div>\n<\/article>\n        <\/div>\n\n        <div class=\"pagination-holder\">\n            <ul class=\"pagination\"><li><span aria-current=\"page\" class=\"page-numbers current\">01<\/span><\/li><li><a class=\"page-numbers\" href=\"https:\/\/www.bordier.com\/fr\/wp-json\/wp\/v2\/pages\/11130\/page\/2\/\">02<\/a><\/li><li><a class=\"page-numbers\" href=\"https:\/\/www.bordier.com\/fr\/wp-json\/wp\/v2\/pages\/11130\/page\/3\/\">03<\/a><\/li><li><span class=\"page-numbers dots\">\u2026<\/span><\/li><li><a class=\"page-numbers\" href=\"https:\/\/www.bordier.com\/fr\/wp-json\/wp\/v2\/pages\/11130\/page\/42\/\">42<\/a><\/li><\/ul>        <\/div>\n\n                <div class=\"load-more-holder\">\n            <p class=\"arrow-link arrow-down\">\n                <a href=\"#\" class=\"load-more\">\n                    <span>Plus<\/span>\n                <\/a>\n            <\/p>\n        <\/div>\n        \n    <\/div>\n<\/section>\n\n\n\n<div class=\"wp-block-cover right-text\" style=\"min-height:10vw;aspect-ratio:unset;\"><img alt=\"\" loading=\"lazy\" decoding=\"async\" width=\"2560\" height=\"907\" class=\"wp-block-cover__image-background wp-image-5549\" alt=\"\" src=\"https:\/\/www.bordier.com\/wp-content\/uploads\/2024\/10\/Rectangle-scaled.jpg\" data-object-fit=\"cover\" srcset=\"https:\/\/www.bordier.com\/wp-content\/uploads\/2024\/10\/Rectangle-scaled.jpg 2560w, https:\/\/www.bordier.com\/wp-content\/uploads\/2024\/10\/Rectangle-300x106.jpg 300w, https:\/\/www.bordier.com\/wp-content\/uploads\/2024\/10\/Rectangle-1024x363.jpg 1024w, https:\/\/www.bordier.com\/wp-content\/uploads\/2024\/10\/Rectangle-768x272.jpg 768w, https:\/\/www.bordier.com\/wp-content\/uploads\/2024\/10\/Rectangle-1536x544.jpg 1536w, https:\/\/www.bordier.com\/wp-content\/uploads\/2024\/10\/Rectangle-2048x726.jpg 2048w\" sizes=\"(max-width: 2560px) 100vw, 2560px\" \/><span aria-hidden=\"true\" class=\"wp-block-cover__background has-black-background-color has-background-dim-20 has-background-dim\"><\/span><div class=\"wp-block-cover__inner-container is-layout-constrained wp-block-cover-is-layout-constrained\">\n<div class=\"wp-block-group\"><div class=\"wp-block-group__inner-container is-layout-constrained wp-block-group-is-layout-constrained\">\n<h4 class=\"wp-block-heading has-text-align-left has-large-font-size\">Bienvenue dans la <em>famille<\/em><\/h4>\n\n\n\n<p class=\"has-small-font-size\">Vous \u00eates notre point de d\u00e9part, vos int\u00e9r\u00eats et les n\u00f4tres sont parfaitement align\u00e9s.<br><br>Contactez-nous d\u00e8s aujourd&rsquo;hui.<\/p>\n\n\n\n<div class=\"wp-block-buttons is-layout-flex wp-block-buttons-is-layout-flex\">\n<div class=\"wp-block-button is-style-fill blured\"><a class=\"wp-block-button__link wp-element-button\" href=\"https:\/\/www.bordier.com\/fr\/contactez-nous\/\"><strong>CONTACT<\/strong><\/a><\/div>\n<\/div>\n<\/div><\/div>\n<\/div><\/div>\n","protected":false},"excerpt":{"rendered":"","protected":false},"author":1,"featured_media":0,"parent":0,"menu_order":30,"comment_status":"closed","ping_status":"closed","template":"","meta":{"_acf_changed":false,"_seopress_robots_primary_cat":"","_seopress_titles_title":"","_seopress_titles_desc":"","_seopress_robots_index":"","footnotes":""},"class_list":["post-11130","page","type-page","status-publish","hentry"],"acf":[],"_links":{"self":[{"href":"https:\/\/www.bordier.com\/fr\/wp-json\/wp\/v2\/pages\/11130","targetHints":{"allow":["GET"]}}],"collection":[{"href":"https:\/\/www.bordier.com\/fr\/wp-json\/wp\/v2\/pages"}],"about":[{"href":"https:\/\/www.bordier.com\/fr\/wp-json\/wp\/v2\/types\/page"}],"author":[{"embeddable":true,"href":"https:\/\/www.bordier.com\/fr\/wp-json\/wp\/v2\/users\/1"}],"replies":[{"embeddable":true,"href":"https:\/\/www.bordier.com\/fr\/wp-json\/wp\/v2\/comments?post=11130"}],"version-history":[{"count":0,"href":"https:\/\/www.bordier.com\/fr\/wp-json\/wp\/v2\/pages\/11130\/revisions"}],"wp:attachment":[{"href":"https:\/\/www.bordier.com\/fr\/wp-json\/wp\/v2\/media?parent=11130"}],"curies":[{"name":"wp","href":"https:\/\/api.w.org\/{rel}","templated":true}]}}