{"id":11162,"date":"2024-06-21T12:02:10","date_gmt":"2024-06-21T11:02:10","guid":{"rendered":"https:\/\/staging.bordier.com\/juridique-et-conformite\/"},"modified":"2026-03-12T16:48:51","modified_gmt":"2026-03-12T15:48:51","slug":"juridique-et-compliance","status":"publish","type":"page","link":"https:\/\/www.bordier.com\/fr\/juridique-et-compliance\/","title":{"rendered":"Juridique et compliance"},"content":{"rendered":"\n<section id=\"section-block_b262aff7129501ae422b8ac56efe0579\" class=\"page-hero-outer headline-left-m type-simple\">\n    <div class=\"holder\">\n        <div class=\"page-hero-content\">\n            <div class=\"acf-innerblocks-container\">\n\n<h6 class=\"wp-block-heading\">Juridique<\/h6>\n\n\n\n<h1 class=\"wp-block-heading has-text-align-left text-indent-s has-small-font-size\">Juridique et compliance<\/h1>\n\n<\/div>        <\/div>\n    <\/div>\n    <\/section>\n\n\n<div class=\"wp-block-group background-light wrapper-m\"><div class=\"wp-block-group__inner-container is-layout-constrained wp-block-group-is-layout-constrained\">\r\n<section id=\"section-block_c172912aa9e6e249f9b7129a075b8567\" class=\"toggler-outer\">\r\n    <div class=\"holder\">\r\n                    <div class=\"toggler-list\">\r\n                                    <div class=\"toggler-list-item  type-default\" id=\"toggler-list-item-general\" >\r\n                        \r\n                        <div class=\"toggler-item-top\" id=\"toggler-item-top-general\" >\r\n                            <h4>G\u00e9n\u00e9ral                                                        <\/h4>\r\n                            <span class=\"toggler-icon\"><\/span>\r\n                        <\/div>\r\n                        <div class=\"toggler-item-content\" id=\"toggler-item-content-general\" >\r\n                                                            <div class=\"toggler-item-content-inner\">\r\n                                    <div class=\"bdt-ep-accordion-item bdt-open\">\n<div id=\"bdt-accordion-1\" class=\"bdt-ep-accordion-content bdt-accordion-content\" role=\"region\" aria-labelledby=\"bdt-ep-accordion-gnral\">\n<p>Le contenu de ce site internet est purement informatif et n\u2019a pas pour but de promouvoir les services de Bordier &amp; Cie. Il est destin\u00e9 \u00e0 faire conna\u00eetre la r\u00e9putation de la banque. Aucune information figurant sur ce site ne peut \u00eatre consid\u00e9r\u00e9e comme une offre de services ou de produits, notamment bancaires, de Bordier &amp; Cie, ni comme une offre ou une sollicitation d\u2019achat ou de vente de valeurs mobili\u00e8res ou de tout autre produit d\u2019investissement. La banque ne propose aucun service ou avantage en ligne sur ce site. Rien sur ce site ne peut \u00eatre consid\u00e9r\u00e9 comme un appel au public ou une vente, quelle que soit sa forme, qualification ou d\u00e9nomination ni \u00eatre interpr\u00e9t\u00e9 comme un comportement proactif de Bordier &amp; Cie envers des tiers.<\/p>\n<\/div>\n<\/div>\n                                <\/div>\r\n                                                    <\/div>\r\n                    <\/div>\r\n                                    <div class=\"toggler-list-item  type-default\" id=\"toggler-list-item-suisse\" >\r\n                        \r\n                        <div class=\"toggler-item-top\" id=\"toggler-item-top-suisse\" >\r\n                            <h4>Suisse                                                        <\/h4>\r\n                            <span class=\"toggler-icon\"><\/span>\r\n                        <\/div>\r\n                        <div class=\"toggler-item-content\" id=\"toggler-item-content-suisse\" >\r\n                                                            <div class=\"toggler-item-content-inner\">\r\n                                    <ul>\n<li style=\"list-style-type: none;\">\n<ul class=\"line-list full-link\">\n<li><a href=\"https:\/\/www.bordier.com\/fr\/legal-and-compliance\/suisse-juridique-et-compliance\/switzerland-legal-and-compliance-conditions-generales\/\">Conditions g\u00e9n\u00e9rales<\/a><\/li>\n<li><a href=\"https:\/\/www.bordier.com\/fr\/legal-and-compliance\/suisse-juridique-et-compliance\/suisse-juridique-et-compliance-lsfin\/\">LSFIN<\/a><\/li>\n<li><a href=\"https:\/\/www.bordier.com\/fr\/legal-and-compliance\/suisse-juridique-et-compliance\/compliance\/\">Compliance<\/a><\/li>\n<li><a href=\"https:\/\/www.bordier.com\/fr\/legal-and-compliance\/suisse-juridique-et-compliance\/fatca-ear\/\">FATCA \/ EAR<\/a><\/li>\n<li><a href=\"https:\/\/www.bordier.com\/fr\/legal-and-compliance\/suisse-juridique-et-compliance\/politique-generale-de-protection-des-donnees\/\">Politique g\u00e9n\u00e9rale de protection des donn\u00e9es<\/a><\/li>\n<li><a href=\"https:\/\/www.bordier.com\/fr\/legal-and-compliance\/suisse-juridique-et-compliance\/informations-legales-generales\/\">Informations l\u00e9gales g\u00e9n\u00e9rales<\/a><\/li>\n<li><a href=\"https:\/\/www.bordier.com\/fr\/legal-and-compliance\/suisse-juridique-et-compliance\/cartes\/\">Cartes de d\u00e9bit<\/a><\/li>\n<li><a href=\"https:\/\/www.bordier.com\/fr\/legal-and-compliance\/suisse-juridique-et-compliance\/suisse-juridique-et-conformite-cartes-maestro\/\">Cartes Maestro<\/a><\/li>\n<\/ul>\n<\/li>\n<\/ul>\n                                <\/div>\r\n                                                    <\/div>\r\n                    <\/div>\r\n                                    <div class=\"toggler-list-item  type-default\" id=\"toggler-list-item-singapour\" >\r\n                        \r\n                        <div class=\"toggler-item-top\" id=\"toggler-item-top-singapour\" >\r\n                            <h4>Singapour                                                        <\/h4>\r\n                            <span class=\"toggler-icon\"><\/span>\r\n                        <\/div>\r\n                        <div class=\"toggler-item-content\" id=\"toggler-item-content-singapour\" >\r\n                                                            <div class=\"toggler-item-content-inner\">\r\n                                    <ul class=\"line-list full-link\">\n<li><a href=\"https:\/\/www.bordier.com\/fr\/legal-and-compliance\/singapore\/general-information\/\">General information<\/a><\/li>\n<li><a href=\"https:\/\/www.bordier.com\/fr\/legal-and-compliance\/singapore\/data-protection\/\">Data Protection<\/a><\/li>\n<li><a href=\"https:\/\/www.bordier.com\/fr\/legal-and-compliance\/singapore\/compliance\/\">Compliance<\/a><\/li>\n<li><a href=\"https:\/\/www.bordier.com\/fr\/legal-and-compliance\/singapore\/disclaimer\/\">Disclaimer<\/a><\/li>\n<li><a href=\"https:\/\/www.bordier.com\/fr\/legal-and-compliance\/singapore\/terms-of-use-for-bordier-eservices\/\">Terms of Use Bordier Eservices<\/a><\/li>\n<li><a href=\"https:\/\/www.bordier.com\/fr\/legal-and-compliance\/singapore\/security-guideline\/\">Security Guidelines<\/a><\/li>\n<li><a href=\"https:\/\/www.bordier.com\/fr\/legal-and-compliance\/singapore\/fatca\/\">FATCA<\/a><\/li>\n<li><a href=\"https:\/\/www.bordier.com\/fr\/legal-and-compliance\/singapore-legal-and-compliance-digital-assets-services\/\">Digital Assets Services<\/a><\/li>\n<\/ul>\n                                <\/div>\r\n                                                    <\/div>\r\n                    <\/div>\r\n                                    <div class=\"toggler-list-item  type-default\" id=\"toggler-list-item-france\" >\r\n                        \r\n                        <div class=\"toggler-item-top\" id=\"toggler-item-top-france\" >\r\n                            <h4>France                                                        <\/h4>\r\n                            <span class=\"toggler-icon\"><\/span>\r\n                        <\/div>\r\n                        <div class=\"toggler-item-content\" id=\"toggler-item-content-france\" >\r\n                                                            <div class=\"toggler-item-content-inner\">\r\n                                    <ul class=\"line-list full-link\">\n<li><a href=\"https:\/\/www.bordier.com\/fr\/legal-and-compliance\/france-legal-and-compliance\/france-legal-compliance-legal-information\/\">Informations l\u00e9gales<\/a><\/li>\n<li><a href=\"https:\/\/www.bordier.com\/fr\/legal-and-compliance\/france-legal-and-compliance\/france-legal-compliance-regulatory-information\/\">Informations r\u00e9glementaires<\/a><\/li>\n<li><a href=\"https:\/\/www.bordier.com\/fr\/legal-and-compliance\/france-legal-and-compliance\/france-legal-compliance-general-data-protection-policy\/\">Politique g\u00e9n\u00e9rale de protection des donn\u00e9es<\/a><\/li>\n<li><a href=\"https:\/\/www.bordier.com\/fr\/legal-and-compliance\/france-legal-and-compliance\/france-legal-compliance-shareholder-rights-policy\/\">Politique droit des actionnaires<\/a><\/li>\n<li><a href=\"https:\/\/www.bordier.com\/fr\/legal-and-compliance\/france-legal-and-compliance\/france-legal-compliance-best-selection-policy\/\">Politique de meilleure s\u00e9lection<\/a><\/li>\n<li><a href=\"https:\/\/www.bordier.com\/fr\/legal-and-compliance\/france-legal-and-compliance\/france-legal-compliance-sustainable-finance-esg-policy\/\">Finance durable &#8211; Politique ESG<\/a><\/li>\n<\/ul>\n                                <\/div>\r\n                                                    <\/div>\r\n                    <\/div>\r\n                                    <div class=\"toggler-list-item  type-default\" id=\"toggler-list-item-turques-et-caiques\" >\r\n                        \r\n                        <div class=\"toggler-item-top\" id=\"toggler-item-top-turques-et-caiques\" >\r\n                            <h4>Turques et Ca\u00efques                                                        <\/h4>\r\n                            <span class=\"toggler-icon\"><\/span>\r\n                        <\/div>\r\n                        <div class=\"toggler-item-content\" id=\"toggler-item-content-turques-et-caiques\" >\r\n                                                            <div class=\"toggler-item-content-inner\">\r\n                                    <ul class=\"line-list full-link\">\n<li><a href=\"https:\/\/www.bordier.com\/fr\/legal-and-compliance\/turks-and-caicos\/data-protection\/\">Data Protection<\/a><\/li>\n<li><a href=\"https:\/\/www.bordier.com\/fr\/legal-and-compliance\/turks-and-caicos\/disclaimer\/\">Disclaimer<\/a><\/li>\n<\/ul>\n                                <\/div>\r\n                                                    <\/div>\r\n                    <\/div>\r\n                                    <div class=\"toggler-list-item  type-default\" id=\"toggler-list-item-uruguay\" >\r\n                        \r\n                        <div class=\"toggler-item-top\" id=\"toggler-item-top-uruguay\" >\r\n                            <h4>Uruguay                                                        <\/h4>\r\n                            <span class=\"toggler-icon\"><\/span>\r\n                        <\/div>\r\n                        <div class=\"toggler-item-content\" id=\"toggler-item-content-uruguay\" >\r\n                                                            <div class=\"toggler-item-content-inner\">\r\n                                    <ul class=\"line-list full-link\">\n<li><a href=\"https:\/\/www.bordier.com\/fr\/legal-and-compliance\/uruguay\/data-protection\/\">Data Protection<\/a><\/li>\n<li><a href=\"https:\/\/www.bordier.com\/fr\/legal-and-compliance\/uruguay\/disclaimer\/\">Disclaimer<\/a><\/li>\n<\/ul>\n                                <\/div>\r\n                                                    <\/div>\r\n                    <\/div>\r\n                            <\/div>\r\n            <\/div>\r\n<\/section><\/div><\/div>\n\n\n\n<div class=\"wp-block-cover right-text\" style=\"min-height:10vw;aspect-ratio:unset;\"><img alt=\"\" fetchpriority=\"high\" decoding=\"async\" width=\"1440\" height=\"510\" class=\"wp-block-cover__image-background wp-image-3246\" alt=\"\" src=\"https:\/\/www.bordier.com\/wp-content\/uploads\/2024\/07\/Rectangle-165-1.jpg\" data-object-fit=\"cover\" srcset=\"https:\/\/www.bordier.com\/wp-content\/uploads\/2024\/07\/Rectangle-165-1.jpg 1440w, https:\/\/www.bordier.com\/wp-content\/uploads\/2024\/07\/Rectangle-165-1-300x106.jpg 300w, https:\/\/www.bordier.com\/wp-content\/uploads\/2024\/07\/Rectangle-165-1-1024x363.jpg 1024w, https:\/\/www.bordier.com\/wp-content\/uploads\/2024\/07\/Rectangle-165-1-768x272.jpg 768w\" sizes=\"(max-width: 1440px) 100vw, 1440px\" \/><span aria-hidden=\"true\" class=\"wp-block-cover__background has-black-background-color has-background-dim-20 has-background-dim\"><\/span><div class=\"wp-block-cover__inner-container is-layout-constrained wp-block-cover-is-layout-constrained\">\n<div class=\"wp-block-group\"><div class=\"wp-block-group__inner-container is-layout-constrained wp-block-group-is-layout-constrained\">\n<h4 class=\"wp-block-heading has-text-align-left has-large-font-size\">Contactez <em>notre \u00e9quipe<\/em><\/h4>\n\n\n\n<p class=\"has-small-font-size\">Notre point de d\u00e9part est toujours vous, car vos int\u00e9r\u00eats sont aussi les n\u00f4tres. Contactez-nous d\u00e8s aujourd&rsquo;hui par courriel.<\/p>\n\n\n\n<div class=\"wp-block-buttons is-layout-flex wp-block-buttons-is-layout-flex\">\n<div class=\"wp-block-button is-style-fill blured\"><a class=\"wp-block-button__link wp-element-button\" href=\"https:\/\/www.bordier.com\/fr\/contactez-nous\/\"><strong>CONTACT<\/strong><\/a><\/div>\n<\/div>\n<\/div><\/div>\n<\/div><\/div>\n","protected":false},"excerpt":{"rendered":"","protected":false},"author":1,"featured_media":0,"parent":0,"menu_order":100,"comment_status":"closed","ping_status":"closed","template":"","meta":{"_acf_changed":false,"_seopress_robots_primary_cat":"","_seopress_titles_title":"","_seopress_titles_desc":"","_seopress_robots_index":"","footnotes":""},"class_list":["post-11162","page","type-page","status-publish","hentry"],"acf":[],"_links":{"self":[{"href":"https:\/\/www.bordier.com\/fr\/wp-json\/wp\/v2\/pages\/11162","targetHints":{"allow":["GET"]}}],"collection":[{"href":"https:\/\/www.bordier.com\/fr\/wp-json\/wp\/v2\/pages"}],"about":[{"href":"https:\/\/www.bordier.com\/fr\/wp-json\/wp\/v2\/types\/page"}],"author":[{"embeddable":true,"href":"https:\/\/www.bordier.com\/fr\/wp-json\/wp\/v2\/users\/1"}],"replies":[{"embeddable":true,"href":"https:\/\/www.bordier.com\/fr\/wp-json\/wp\/v2\/comments?post=11162"}],"version-history":[{"count":5,"href":"https:\/\/www.bordier.com\/fr\/wp-json\/wp\/v2\/pages\/11162\/revisions"}],"predecessor-version":[{"id":28308,"href":"https:\/\/www.bordier.com\/fr\/wp-json\/wp\/v2\/pages\/11162\/revisions\/28308"}],"wp:attachment":[{"href":"https:\/\/www.bordier.com\/fr\/wp-json\/wp\/v2\/media?parent=11162"}],"curies":[{"name":"wp","href":"https:\/\/api.w.org\/{rel}","templated":true}]}}