{"id":11189,"date":"2024-07-08T08:45:20","date_gmt":"2024-07-08T08:45:20","guid":{"rendered":"https:\/\/staging.bordier.com\/informations-juridiques\/"},"modified":"2025-01-28T15:30:09","modified_gmt":"2025-01-28T15:30:09","slug":"informations-juridiques","status":"publish","type":"page","link":"https:\/\/www.bordier.com\/fr\/informations-juridiques\/","title":{"rendered":"Informations juridiques"},"content":{"rendered":"\n<section id=\"section-block_bba927197f311c36c61729e39be4f553\" class=\"page-hero-outer headline-left-m type-simple\">\n    <div class=\"holder\">\n        <div class=\"page-hero-content\">\n            <div class=\"acf-innerblocks-container\">\n\n<h6 class=\"wp-block-heading\">Juridique<\/h6>\n\n\n\n<h1 class=\"wp-block-heading text-indent-m\">Juridique<br><em><strong>Information<\/strong><\/em><\/h1>\n\n<\/div>        <\/div>\n    <\/div>\n    <\/section>\n\n\n<div class=\"wp-block-group background-light\"><div class=\"wp-block-group__inner-container is-layout-constrained wp-block-group-is-layout-constrained\">\n<section id=\"section-block_56e4d0c6ce9dc8acfbb5e339121fe9e6\" class=\"aside-toggler-outer\">\n    <div class=\"holder\">\n        <div class=\"toggler-headlines\">\n            <ul>\n                <li class=\"disabled\">Index<\/li>\n            <\/ul>\n        <\/div>\n        <div class=\"text-holder post-entry\">\n            <h3>Informations juridiques concernant l&rsquo;entreprise<\/h3>\n<p>  Vous \u00eates actuellement connect\u00e9 au site de Bordier &amp; Cie France SA Ce Site est la propri\u00e9t\u00e9 de Bordier &amp; Cie (France) SA soci\u00e9t\u00e9 de gestion agr\u00e9\u00e9e par l&rsquo;AMF (agr\u00e9ment n\u00b0 GP05000028 d\u00e9livr\u00e9 le 26 juillet 2005), immatricul\u00e9e au registre du commerce et des soci\u00e9t\u00e9s de PARIS, sous le num\u00e9ro B432 527 455, dont le si\u00e8ge social est situ\u00e9 au 1 rue Fran\u00e7ois 1er 75008 PARIS.  <\/p>\n<h3>Objectif du site : informer<\/h3>\n<p>  Le site de Bordier &amp; Cie France SA est un site exclusivement informatif dont l&rsquo;objectif est de pr\u00e9senter l&rsquo;activit\u00e9 de gestion de portefeuille de Bordier &amp; Cie France SA ainsi que les principales caract\u00e9ristiques de ses FIA et de ses services. Les informations, actualit\u00e9s, analyses, donn\u00e9es et cours publi\u00e9s et \u00e9ventuellement les conseils d\u00e9velopp\u00e9s sur le site sont fournis \u00e0 titre indicatif et non contractuel, et peuvent \u00eatre modifi\u00e9s sans pr\u00e9avis. Elles ne constituent ni une offre d&rsquo;achat ou de vente, ni un conseil financier, ni un quelconque engagement de la part de Bordier &amp; Cie (France) SA. Elles ne sont pas non plus fournies dans le but d&rsquo;effectuer des transactions. Plus g\u00e9n\u00e9ralement, toute information boursi\u00e8re mise \u00e0 la disposition du public sur le Site ne constitue en aucune mani\u00e8re, directement ou indirectement, dans quelque pays que ce soit, une sollicitation ou une offre de titres. Bordier &amp; Cie (France) SA ne peut \u00eatre tenu responsable du contenu, de l&rsquo;utilisation et des cons\u00e9quences directes ou indirectes de l&rsquo;utilisation, des informations et des analyses publi\u00e9es sur ce Site. Bordier &amp; Cie d\u00e9cline donc toute responsabilit\u00e9, expresse ou tacite, concernant l&rsquo;exactitude ou l&rsquo;exhaustivit\u00e9 des informations disponibles sur le site ou reli\u00e9es \u00e0 lui par des liens hypertextes ou concernant la valeur commerciale de ces informations. Pour faciliter votre navigation, nous proposons sur ce Site des liens hypertextes vers des sites Internet exploit\u00e9s par des soci\u00e9t\u00e9s du Groupe Bordier &amp; Cie ou par des tiers. L&rsquo;utilisation de ces liens implique que vous quittiez notre Site. Nous ne pouvons garantir en aucune mani\u00e8re le contenu ou la fonctionnalit\u00e9 des sites vers lesquels des liens hypertextes sont \u00e9tablis \u00e0 partir de notre Site ; de tels liens ne peuvent en aucun cas engager la responsabilit\u00e9 de Bordier &amp; Cie (France) SA           <\/p>\n<h3>Performance<\/h3>\n<p>  Les performances pass\u00e9es rapport\u00e9es sur ce Site ne pr\u00e9jugent en rien des performances futures et ne sont pas constantes dans le temps. Bordier &amp; Cie (France) SA recommande express\u00e9ment de ne prendre aucune d\u00e9cision sur la base de ces informations avant de les avoir v\u00e9rifi\u00e9es, \u00e9tant pr\u00e9cis\u00e9 que vous serez, en tout \u00e9tat de cause, seul responsable de l&rsquo;usage que vous d\u00e9ciderez d&rsquo;en faire.   <\/p>\n<h3>Acc\u00e8s limit\u00e9<\/h3>\n<p>  L&rsquo;acc\u00e8s aux produits et services pr\u00e9sent\u00e9s sur le site peut faire l&rsquo;objet de restrictions \u00e0 l&rsquo;\u00e9gard de certaines personnes ou de certains pays, et notamment \u00e0 l&rsquo;\u00e9gard des investisseurs des Etats-Unis et du Royaume-Uni qui sont soumis \u00e0 une l\u00e9gislation sp\u00e9cifique. En outre, les produits et services pr\u00e9sent\u00e9s sur ce site ne peuvent \u00eatre souscrits que dans les juridictions o\u00f9 leur commercialisation et leur promotion sont autoris\u00e9es. Bordier &amp; Cie (France) SA conseille \u00e0 toute personne int\u00e9ress\u00e9e de s&rsquo;assurer au pr\u00e9alable qu&rsquo;elle est l\u00e9galement autoris\u00e9e \u00e0 souscrire aux produits et\/ou services pr\u00e9sent\u00e9s sur le site. Bordier &amp; Cie (France) SA ne pourra \u00eatre tenu responsable \u00e0 l&rsquo;\u00e9gard de quelque personne que ce soit pour toutes pertes, dommages, co\u00fbts ou d\u00e9penses quelconques (notamment manque \u00e0 gagner, ou perte d&rsquo;utilisation, dommages directs ou indirects, accessoires ou cons\u00e9cutifs) r\u00e9sultant d&rsquo;erreurs, d&rsquo;omissions ou d&rsquo;alt\u00e9rations d&rsquo;informations obtenues par courrier \u00e9lectronique ou sur le serveur ou reli\u00e9es au serveur par des liens hypertextes ou de pertes r\u00e9sultant de l&rsquo;acc\u00e8s au site Bordier &amp; Cie (France) SA ou par courrier \u00e9lectronique ou autre syst\u00e8me par lequel l&rsquo;information est transmise.     <\/p>\n<h3>Propri\u00e9t\u00e9 du site, droits d&rsquo;auteur et marques d\u00e9pos\u00e9es<\/h3>\n<p>  L&rsquo;ensemble du contenu du site Bordier &amp; Cie (France) SA est soumis au droit d&rsquo;auteur, tous droits r\u00e9serv\u00e9s. Vous ne pouvez pas reproduire (en tout ou en partie), transmettre (par des moyens \u00e9lectroniques ou autres), modifier, cr\u00e9er un lien vers ou utiliser \u00e0 des fins commerciales ou publiques quelles qu&rsquo;elles soient le site web de Bordier &amp; Cie (France) SA. Vous pouvez n\u00e9anmoins t\u00e9l\u00e9charger ou imprimer des pages et\/ou des parties du site Bordier &amp; Cie (France) SA sur papier, \u00e0 des fins strictement personnelles, dans la mesure o\u00f9 vous ne supprimez pas les mentions de copyright ou autres mentions relatives aux droits de propri\u00e9t\u00e9 intellectuelle. Cookies et tracking : Les utilisateurs du Site reconnaissent avoir accept\u00e9 que, lors de l&rsquo;acc\u00e8s et de l&rsquo;utilisation du Site, des informations concernant les fr\u00e9quences d&rsquo;acc\u00e8s, les op\u00e9rations effectu\u00e9es et les informations consult\u00e9es, soient collect\u00e9es par Bordier &amp; Cie (France) SA.     <\/p>\n<h3>Hyperliens et virus<\/h3>\n<p>  Bordier &amp; Cie (France) SA ne contr\u00f4le ni ne garantit la cr\u00e9ation de liens vers d&rsquo;autres sites ext\u00e9rieurs \u00e0 Bordier &amp; Cie (France) SA et le contenu de ces sites. En cons\u00e9quence, vous acceptez que votre d\u00e9cision d&rsquo;acc\u00e9der \u00e0 un autre site par le biais d&rsquo;un lien hypertexte rel\u00e8ve de votre seule responsabilit\u00e9. Vous devez prendre les pr\u00e9cautions n\u00e9cessaires pour vous assurer que le site que vous avez choisi ne contient pas de virus ou d&rsquo;autres \u00e9l\u00e9ments malveillants.    <\/p>\n<h3>D\u00e9charge de responsabilit\u00e9<\/h3>\n<p>  En aucun cas, y compris mais sans s&rsquo;y limiter, la n\u00e9gligence, Bordier &amp; Cie (France) SA ne sera tenue responsable de tout dommage sp\u00e9cial ou indirect pouvant r\u00e9sulter de l&rsquo;acc\u00e8s ou de l&rsquo;utilisation, ou de l&rsquo;incapacit\u00e9 d&rsquo;acc\u00e9der ou d&rsquo;utiliser les donn\u00e9es du site web.  <\/p>\n<h3>Droit applicable<\/h3>\n<p>  Ce site est r\u00e9gi par le droit fran\u00e7ais. Toute action relative \u00e0 ce site doit \u00eatre port\u00e9e devant les tribunaux fran\u00e7ais. <\/p>\n            <div class=\"acf-innerblocks-container\"><\/div>        <\/div>\n    <\/div>\n<\/section><\/div><\/div>\n\n\n\n<div class=\"wp-block-cover right-text\" style=\"min-height:10vw;aspect-ratio:unset;\"><span aria-hidden=\"true\" class=\"wp-block-cover__background has-black-background-color has-background-dim-20 has-background-dim\"><\/span><img alt=\"\" fetchpriority=\"high\" decoding=\"async\" width=\"1440\" height=\"510\" class=\"wp-block-cover__image-background wp-image-3246\" alt=\"\" src=\"https:\/\/www.bordier.com\/wp-content\/uploads\/2024\/07\/Rectangle-165-1.jpg\" data-object-fit=\"cover\" srcset=\"https:\/\/www.bordier.com\/wp-content\/uploads\/2024\/07\/Rectangle-165-1.jpg 1440w, https:\/\/www.bordier.com\/wp-content\/uploads\/2024\/07\/Rectangle-165-1-300x106.jpg 300w, https:\/\/www.bordier.com\/wp-content\/uploads\/2024\/07\/Rectangle-165-1-1024x363.jpg 1024w, https:\/\/www.bordier.com\/wp-content\/uploads\/2024\/07\/Rectangle-165-1-768x272.jpg 768w\" sizes=\"(max-width: 1440px) 100vw, 1440px\" \/><div class=\"wp-block-cover__inner-container is-layout-constrained wp-block-cover-is-layout-constrained\">\n<div class=\"wp-block-group\"><div class=\"wp-block-group__inner-container is-layout-constrained wp-block-group-is-layout-constrained\">\n<h4 class=\"wp-block-heading has-text-align-left has-large-font-size\">Contactez <em>notre \u00e9quipe<\/em><\/h4>\n\n\n\n<p class=\"has-small-font-size\">Notre point de d\u00e9part est toujours vous, car vos int\u00e9r\u00eats sont aussi les n\u00f4tres. Contactez-nous d\u00e8s aujourd&rsquo;hui par courriel.<\/p>\n\n\n\n<div class=\"wp-block-buttons is-layout-flex wp-block-buttons-is-layout-flex\">\n<div class=\"wp-block-button is-style-fill blured\"><a class=\"wp-block-button__link wp-element-button\" href=\"https:\/\/www.bordier.com\/fr\/?page_id=11123\"><strong>CONTACT<\/strong><\/a><\/div>\n<\/div>\n<\/div><\/div>\n<\/div><\/div>\n","protected":false},"excerpt":{"rendered":"","protected":false},"author":1,"featured_media":0,"parent":0,"menu_order":120,"comment_status":"closed","ping_status":"closed","template":"","meta":{"_acf_changed":false,"_seopress_robots_primary_cat":"","_seopress_titles_title":"","_seopress_titles_desc":"","_seopress_robots_index":"","_seopress_analysis_target_kw":"","footnotes":""},"class_list":["post-11189","page","type-page","status-publish","hentry"],"acf":[],"_links":{"self":[{"href":"https:\/\/www.bordier.com\/fr\/wp-json\/wp\/v2\/pages\/11189","targetHints":{"allow":["GET"]}}],"collection":[{"href":"https:\/\/www.bordier.com\/fr\/wp-json\/wp\/v2\/pages"}],"about":[{"href":"https:\/\/www.bordier.com\/fr\/wp-json\/wp\/v2\/types\/page"}],"author":[{"embeddable":true,"href":"https:\/\/www.bordier.com\/fr\/wp-json\/wp\/v2\/users\/1"}],"replies":[{"embeddable":true,"href":"https:\/\/www.bordier.com\/fr\/wp-json\/wp\/v2\/comments?post=11189"}],"version-history":[{"count":0,"href":"https:\/\/www.bordier.com\/fr\/wp-json\/wp\/v2\/pages\/11189\/revisions"}],"wp:attachment":[{"href":"https:\/\/www.bordier.com\/fr\/wp-json\/wp\/v2\/media?parent=11189"}],"curies":[{"name":"wp","href":"https:\/\/api.w.org\/{rel}","templated":true}]}}