{"id":18351,"date":"2025-04-09T17:21:01","date_gmt":"2025-04-09T16:21:01","guid":{"rendered":"https:\/\/www.bordier.com\/?page_id=18351"},"modified":"2025-05-07T09:11:51","modified_gmt":"2025-05-07T08:11:51","slug":"nyon20ans","status":"publish","type":"page","link":"https:\/\/www.bordier.com\/fr\/nyon20ans\/","title":{"rendered":"Nyon &#8211; 20 ans"},"content":{"rendered":"\n<section id=\"section-block_805756bbb396ee29af5a70bc508233fc\" class=\"page-hero-outer headline-left-m type-simple\">\n    <div class=\"holder\">\n        <div class=\"page-hero-content\">\n            <div class=\"acf-innerblocks-container\">\n\n<h6 class=\"wp-block-heading\">Bordier<\/h6>\n\n\n\n<h1 class=\"wp-block-heading has-text-align-left text-indent-s has-small-font-size\">Un banquier priv\u00e9 ind\u00e9pendant, d\u00e9di\u00e9 aux <em>clients priv\u00e9s<\/em> et \u00e0 <em>leur famille<\/em><\/h1>\n\n<\/div>        <\/div>\n    <\/div>\n    <\/section>\n\n\n<div class=\"wp-block-group spacing-top-0 spacing-bottom-s\"><div class=\"wp-block-group__inner-container is-layout-constrained wp-block-group-is-layout-constrained\">\n<div class=\"wp-block-group wrapper-s spacing-vertical-s\"><div class=\"wp-block-group__inner-container is-layout-constrained wp-block-group-is-layout-constrained\">\n<p>Fond\u00e9e \u00e0 Gen\u00e8ve en 1844 sous forme de soci\u00e9t\u00e9 en commandite, <strong>Bordier &amp; Cie<\/strong> est un Banquier Priv\u00e9 au sens le plus authentique du terme, d\u00e9tenu et dirig\u00e9 par la 5<sup>e<\/sup> g\u00e9n\u00e9ration de ses fondateurs. Depuis pr\u00e8s de deux cents ans, en tant que famille d\u2019entrepreneurs, la banque se focalise sur une mission unique qui consiste \u00e0 prot\u00e9ger, d\u00e9velopper et transmettre aux g\u00e9n\u00e9rations futures l\u2019ensemble des patrimoines qui lui sont confi\u00e9s.<\/p>\n<\/div><\/div>\n<\/div><\/div>\n\n\n<div class=\"wp-block-image text-size-l\">\n<figure class=\"aligncenter size-full\"><img fetchpriority=\"high\" decoding=\"async\" width=\"1200\" height=\"800\" src=\"https:\/\/www.bordier.com\/wp-content\/uploads\/2025\/04\/Bordier_Nyon_equipe.webp\" alt=\"Groupe de personnes en tenue professionnelle.\" class=\"wp-image-18650\" title=\"\" srcset=\"https:\/\/www.bordier.com\/wp-content\/uploads\/2025\/04\/Bordier_Nyon_equipe.webp 1200w, https:\/\/www.bordier.com\/wp-content\/uploads\/2025\/04\/Bordier_Nyon_equipe-300x200.webp 300w, https:\/\/www.bordier.com\/wp-content\/uploads\/2025\/04\/Bordier_Nyon_equipe-1024x683.webp 1024w, https:\/\/www.bordier.com\/wp-content\/uploads\/2025\/04\/Bordier_Nyon_equipe-768x512.webp 768w\" sizes=\"(max-width: 1200px) 100vw, 1200px\" \/><figcaption class=\"wp-element-caption\">De gauche \u00e0 droite. <em>Assis :<\/em> Gr\u00e9goire Bordier, Lisa Natalini et Renata Pospisil. <em>Debout :<\/em> Diego Trigo Da Silva, Febronia Abbattista, Christian Peter, Linn Jonson et Alexandre Genet. <em>Absente :<\/em> Coralie Stettler-Judas.<br>\u00a9 Magali Girardin \/ Bordier &amp; Cie.<\/figcaption><\/figure>\n<\/div>\n\n\n<div class=\"wp-block-group  wrapper-s spacing-vertical-s spacing-bottom-s\"><div class=\"wp-block-group__inner-container is-layout-constrained wp-block-group-is-layout-constrained\">\n<h2 class=\"wp-block-heading spacing-bottom-m has-small-font-size\"><strong>Bordier &amp; Cie \u00e0 Nyon : vingt ans d\u2019expertise et de proximit\u00e9<\/strong><div><span style=\"background-color: rgba(0, 0, 0, 0.2);\"><\/span><\/div><\/h2>\n\n\n\n<p>C\u00e9l\u00e9brant cette ann\u00e9e ses vingt ans de pr\u00e9sence dans le canton de Vaud, <strong style=\"white-space: nowrap;\">Bordier &amp; Cie Nyon<\/strong> a su b\u00e2tir une relation de confiance avec une client\u00e8le exigeante, principalement compos\u00e9e de familles, de dirigeants d\u2019entreprises et de particuliers aux besoins financiers complexes. L\u2019\u00e9quipe, dirig\u00e9e par Lisa Natalini, se distingue par ses comp\u00e9tences pointues en Wealth Planning. Son approche globale int\u00e8gre toutes les composantes du patrimoine afin d\u2019apporter une gestion sur mesure et fiscalement efficiente.<\/p>\n\n\n\n<p>Bordier &amp; Cie se d\u00e9marque, notamment, par son expertise en pr\u00e9voyance professionnelle surobligatoire ; elle offre \u00e0 ses clients des solutions flexibles afin d\u2019am\u00e9liorer leurs prestations retraite, invalidit\u00e9 et survivants tout en optimisant les \u00e9conomies fiscales. La Banque propose \u00e9galement un service de planification financi\u00e8re de la retraite, permettant d\u2019anticiper les diff\u00e9rentes \u00e9tapes de la vie et d\u2019assurer une transition sereine lors de l\u2019arr\u00eat de l\u2019activit\u00e9 professionnelle. Bordier &amp; Cie accompagne aussi ses clients sur des sujets tels que les successions et transmissions de patrimoine, en apportant un soutien sur mesure dans ces d\u00e9marches sensibles. <\/p>\n\n\n\n<p><em>\u00ab Notre mission est de soutenir dans la dur\u00e9e les familles, les dirigeants et les clients afin de prot\u00e9ger et d\u00e9velopper le fruit de leur histoire et de leur travail. L\u2019objectif est d\u2019offrir des solutions adapt\u00e9es \u00e0 des besoins uniques \u00bb<\/em>, souligne Lisa Natalini.<\/p>\n\n\n\n<p>En tant que Banquiers Priv\u00e9s, les Associ\u00e9s de Bordier &amp; Cie assument une responsabilit\u00e9 illimit\u00e9e, garantissant une gestion particuli\u00e8rement rigoureuse. La Banque reste fid\u00e8le \u00e0 son mod\u00e8le d\u2019ind\u00e9pendance, sans rendre de comptes \u00e0 des actionnaires, elle est par cons\u00e9quent uniquement d\u00e9di\u00e9e \u00e0 la p\u00e9rennit\u00e9 du patrimoine de ses clients. Elle b\u00e9n\u00e9ficie \u00e9galement de l\u2019un des ratios de capitalisation les plus \u00e9lev\u00e9s du secteur, gage de stabilit\u00e9 et de s\u00e9curit\u00e9.<\/p>\n<\/div><\/div>\n\n\n\n<div class=\"wp-block-group wrapper-s spacing-vertical-s\"><div class=\"wp-block-group__inner-container is-layout-constrained wp-block-group-is-layout-constrained\">\n<h2 class=\"wp-block-heading spacing-bottom-m has-small-font-size\"><strong>Un partenaire de confiance pour l\u2019avenir<\/strong><div><span style=\"background-color: rgba(0, 0, 0, 0.2);\"><\/span><\/div><\/h2>\n\n\n\n<p>La qualit\u00e9 des \u00e9quipes de Bordier &amp; Cie est au c\u0153ur de son d\u00e9veloppement. Gr\u00e9goire Bordier, Associ\u00e9 senior de la Banque, d\u00e9clare : <em>\u00ab Nous sommes fiers de l\u2019expertise de nos collaborateurs de Nyon. Ils incarnent parfaitement les valeurs de Bordier et sont pleinement engag\u00e9s pour l\u2019avenir. En tant que soci\u00e9t\u00e9 de personnes, nous accordons une grande importance aux relations humaines et pla\u00e7ons les attentes de nos clients au c\u0153ur de nos pr\u00e9occupations. Depuis 1844, le monde a chang\u00e9. Pas nos valeurs. Et c\u2019est cela qui fait toute la diff\u00e9rence. \u00bb<\/em><\/p>\n<\/div><\/div>\n\n\n\n<div class=\"wp-block-group wrapper-s spacing-vertical-s\"><div class=\"wp-block-group__inner-container is-layout-constrained wp-block-group-is-layout-constrained\">\n<p class=\"pdf-link\"><a href=\"https:\/\/www.bordier.com\/wp-content\/uploads\/2025\/05\/2025.05_Bordier_PME-Magazine-1.pdf\" target=\"_blank\" rel=\"noreferrer noopener\">Consultez notre article d\u00e9di\u00e9 dans le num\u00e9ro de mai 2025 de PME Magazine<\/a><\/p>\n<\/div><\/div>\n\n\n\n<div class=\"wp-block-group background-light\"><div class=\"wp-block-group__inner-container is-layout-constrained wp-block-group-is-layout-constrained\">\n<h3 class=\"wp-block-heading has-text-align-center\">Contacts<\/h3>\n\n\n\r\n<section id=\"section-block_1814417535a6b70a72aa06f60cec5ce6\" class=\"content-list-outer four-col type-contact-list\">\r\n    <div class=\"holder\">\r\n                    <div class=\"content-list\">\r\n                                    <div class=\"content-list-item \">\r\n                                                <hgroup>\r\n                            <h4>Lisa Natalini<\/h4>\r\n                                                        <figure>\r\n                                <img decoding=\"async\" src=\"https:\/\/www.bordier.com\/wp-content\/uploads\/2025\/05\/Lisa_Natalini_Bordier.webp\" alt=\"Lisa Natalini\">\r\n                            <\/figure>\r\n                                                    <\/hgroup>\r\n                                                <div class=\"content-holder\">\r\n                            <p>Responsable du bureau de Nyon<br \/>\nDirectrice<\/p>\n                        <\/div>\r\n                                                <article>\r\n                                                        <div class=\"icon-emails\">\r\n                                <p><a href=\"mailto:lisa.natalini@bordier.com\">lisa.natalini@bordier.com<\/a><\/p>\n                            <\/div>\r\n                                                                                    <div class=\"icon-phones\">\r\n                                <p><a href=\"tel:+41582580756\">+41 58 258 07 56<\/a><\/p>\n                            <\/div>\r\n                                                    <\/article>\r\n                                                                    <\/div>\r\n                                    <div class=\"content-list-item \">\r\n                                                <hgroup>\r\n                            <h4>Alexandre Genet<\/h4>\r\n                                                        <figure>\r\n                                <img decoding=\"async\" src=\"https:\/\/www.bordier.com\/wp-content\/uploads\/2025\/05\/Alexandre_Genet_Bordier.webp\" alt=\"Alexandre Genet\">\r\n                            <\/figure>\r\n                                                    <\/hgroup>\r\n                                                <div class=\"content-holder\">\r\n                            <p>Planificateur Financier de la retraite<br \/>\nDirecteur adjoint<\/p>\n                        <\/div>\r\n                                                <article>\r\n                                                        <div class=\"icon-emails\">\r\n                                <p><a href=\"mailto:alexandre.genet@bordier.com\">alexandre.genet@bordier.com<\/a><\/p>\n                            <\/div>\r\n                                                                                    <div class=\"icon-phones\">\r\n                                <p><a href=\"tel:+41582580761\">+41 58 258 07 61<\/a><\/p>\n                            <\/div>\r\n                                                    <\/article>\r\n                                                                    <\/div>\r\n                                    <div class=\"content-list-item \">\r\n                                                <hgroup>\r\n                            <h4>Renata Pospisil<\/h4>\r\n                                                        <figure>\r\n                                <img decoding=\"async\" src=\"https:\/\/www.bordier.com\/wp-content\/uploads\/2025\/05\/Renata_Pospisil_Bordier.webp\" alt=\"Renata Pospisil\">\r\n                            <\/figure>\r\n                                                    <\/hgroup>\r\n                                                <div class=\"content-holder\">\r\n                            <p>Wealth Planner<br \/>\nDirecteur adjoint<\/p>\n                        <\/div>\r\n                                                <article>\r\n                                                        <div class=\"icon-emails\">\r\n                                <p><a href=\"mailto:renata.pospisil@bordier.com\">renata.pospisil@bordier.com<\/a><\/p>\n                            <\/div>\r\n                                                                                    <div class=\"icon-phones\">\r\n                                <p><a href=\"tel:+41582580764\">+41 58 258 07 64<\/a><\/p>\n                            <\/div>\r\n                                                    <\/article>\r\n                                                                    <\/div>\r\n                                    <div class=\"content-list-item \">\r\n                                                <hgroup>\r\n                            <h4>Christian Peter<\/h4>\r\n                                                        <figure>\r\n                                <img decoding=\"async\" src=\"https:\/\/www.bordier.com\/wp-content\/uploads\/2025\/05\/Christian_Peter_Bordier.webp\" alt=\"Christian Peter\">\r\n                            <\/figure>\r\n                                                    <\/hgroup>\r\n                                                <div class=\"content-holder\">\r\n                            <p>G\u00e9rant<br \/>\nDirecteur adjoint<\/p>\n                        <\/div>\r\n                                                <article>\r\n                                                        <div class=\"icon-emails\">\r\n                                <p><a href=\"mailto:christian.peter@bordier.com\">christian.peter@bordier.com<\/a><\/p>\n                            <\/div>\r\n                                                                                    <div class=\"icon-phones\">\r\n                                <p><a href=\"tel:+41582580760\">+41 58 258 07 60<\/a><\/p>\n                            <\/div>\r\n                                                    <\/article>\r\n                                                                    <\/div>\r\n                            <\/div>\r\n            <\/div>\r\n<\/section>\n\n\n<p>Les \u00e9quipes de Bordier &amp; Cie Nyon se tiennent \u00e0 votre disposition au <a href=\"tel:+41582580750\">058 258 07 50.<\/a><\/p>\n\n\n\n<p><strong>Bordier &amp; Cie<\/strong><br>Rue de la Porcelaine 13<br>1260 Nyon<\/p>\n<\/div><\/div>\n","protected":false},"excerpt":{"rendered":"<p>Fond\u00e9e \u00e0 Gen\u00e8ve en 1844 sous forme de soci\u00e9t\u00e9 en commandite, Bordier &amp; Cie est &#8230;<\/p>\n","protected":false},"author":3,"featured_media":0,"parent":0,"menu_order":0,"comment_status":"closed","ping_status":"closed","template":"","meta":{"_acf_changed":false,"_seopress_robots_primary_cat":"","_seopress_titles_title":"","_seopress_titles_desc":"","_seopress_robots_index":"yes","footnotes":""},"class_list":["post-18351","page","type-page","status-publish","hentry"],"acf":[],"_links":{"self":[{"href":"https:\/\/www.bordier.com\/fr\/wp-json\/wp\/v2\/pages\/18351","targetHints":{"allow":["GET"]}}],"collection":[{"href":"https:\/\/www.bordier.com\/fr\/wp-json\/wp\/v2\/pages"}],"about":[{"href":"https:\/\/www.bordier.com\/fr\/wp-json\/wp\/v2\/types\/page"}],"author":[{"embeddable":true,"href":"https:\/\/www.bordier.com\/fr\/wp-json\/wp\/v2\/users\/3"}],"replies":[{"embeddable":true,"href":"https:\/\/www.bordier.com\/fr\/wp-json\/wp\/v2\/comments?post=18351"}],"version-history":[{"count":0,"href":"https:\/\/www.bordier.com\/fr\/wp-json\/wp\/v2\/pages\/18351\/revisions"}],"wp:attachment":[{"href":"https:\/\/www.bordier.com\/fr\/wp-json\/wp\/v2\/media?parent=18351"}],"curies":[{"name":"wp","href":"https:\/\/api.w.org\/{rel}","templated":true}]}}